{"id":10887,"date":"2025-02-04T17:06:58","date_gmt":"2025-02-04T16:06:58","guid":{"rendered":"https:\/\/hotelcottonhouse.rkinnova.com\/?page_id=10887"},"modified":"2025-03-20T10:56:35","modified_gmt":"2025-03-20T09:56:35","slug":"cotton-room","status":"publish","type":"page","link":"http:\/\/hotelcottonhouse.com\/en\/rooms-and-suites\/cotton-room\/","title":{"rendered":"Cotton"},"content":{"rendered":"","protected":false},"excerpt":{"rendered":"","protected":false},"author":1,"featured_media":12011,"parent":10875,"menu_order":43,"comment_status":"closed","ping_status":"closed","template":"habitaciones-pag.php","meta":{"_acf_changed":false,"footnotes":""},"categories":[591],"tags":[540,577,551,547,570,580,573,578,579,581],"class_list":["post-10887","page","type-page","status-publish","has-post-thumbnail","hentry","category-habitacion-4","tag-comfort-and-design","tag-cotton-room-barcelona","tag-exclusive-accommodation","tag-five-star-boutique-hotel","tag-hotel-in-the-center-of-barcelona","tag-luxurious-retreat","tag-luxury-room","tag-overlooking-barcelona-courtyard","tag-quiet-room","tag-room-with-balcony","entry"],"acf":[],"yoast_head":"<!-- This site is optimized with the Yoast SEO plugin v25.7 - https:\/\/yoast.com\/wordpress\/plugins\/seo\/ -->\n<title>Cotton Room: Luxury Retreat in Barcelona | Cotton House \u2013 Autograph Collection<\/title>\n<meta name=\"description\" content=\"The Cotton Room at Cotton House offers a luxurious retreat with a balcony overlooking a tranquil Barcelona courtyard. With king bed, bathroom with bathtub and shower, and the availability of some rooms on the upper floors overlooking the Mediterranean.\" \/>\n<meta name=\"robots\" content=\"index, follow, max-snippet:-1, max-image-preview:large, max-video-preview:-1\" \/>\n<link rel=\"canonical\" href=\"http:\/\/hotelcottonhouse.com\/en\/rooms-and-suites\/cotton-room\/\" \/>\n<meta property=\"og:locale\" content=\"en_US\" \/>\n<meta property=\"og:type\" content=\"article\" \/>\n<meta property=\"og:title\" content=\"Cotton Room: Luxury Retreat in Barcelona | Cotton House \u2013 Autograph Collection\" \/>\n<meta property=\"og:description\" content=\"The Cotton Room at Cotton House offers a luxurious retreat with a balcony overlooking a tranquil Barcelona courtyard. With king bed, bathroom with bathtub and shower, and the availability of some rooms on the upper floors overlooking the Mediterranean.\" \/>\n<meta property=\"og:url\" content=\"http:\/\/hotelcottonhouse.com\/en\/rooms-and-suites\/cotton-room\/\" \/>\n<meta property=\"og:site_name\" content=\"Cotton House \u2013 Autograph Collection\" \/>\n<meta property=\"article:modified_time\" content=\"2025-03-20T09:56:35+00:00\" \/>\n<meta property=\"og:image\" content=\"https:\/\/hotelcottonhouse.com\/wp-content\/uploads\/2025\/03\/Cotton_CottonHouse-dormitorio-scaled.jpg\" \/>\n\t<meta property=\"og:image:width\" content=\"2560\" \/>\n\t<meta property=\"og:image:height\" content=\"1707\" \/>\n\t<meta property=\"og:image:type\" content=\"image\/jpeg\" \/>\n<meta name=\"twitter:card\" content=\"summary_large_image\" \/>\n<meta name=\"twitter:label1\" content=\"Est. reading time\" \/>\n\t<meta name=\"twitter:data1\" content=\"1 minute\" \/>\n<script type=\"application\/ld+json\" class=\"yoast-schema-graph\">{\"@context\":\"https:\/\/schema.org\",\"@graph\":[{\"@type\":\"WebPage\",\"@id\":\"http:\/\/hotelcottonhouse.com\/en\/rooms-and-suites\/cotton-room\/\",\"url\":\"http:\/\/hotelcottonhouse.com\/en\/rooms-and-suites\/cotton-room\/\",\"name\":\"Cotton Room: Luxury Retreat in Barcelona | Cotton House \u2013 Autograph Collection\",\"isPartOf\":{\"@id\":\"http:\/\/hotelcottonhouse.com\/en\/#website\"},\"primaryImageOfPage\":{\"@id\":\"http:\/\/hotelcottonhouse.com\/en\/rooms-and-suites\/cotton-room\/#primaryimage\"},\"image\":{\"@id\":\"http:\/\/hotelcottonhouse.com\/en\/rooms-and-suites\/cotton-room\/#primaryimage\"},\"thumbnailUrl\":\"http:\/\/hotelcottonhouse.com\/wp-content\/uploads\/2025\/03\/Cotton_CottonHouse-dormitorio-scaled.jpg\",\"datePublished\":\"2025-02-04T16:06:58+00:00\",\"dateModified\":\"2025-03-20T09:56:35+00:00\",\"description\":\"The Cotton Room at Cotton House offers a luxurious retreat with a balcony overlooking a tranquil Barcelona courtyard. With king bed, bathroom with bathtub and shower, and the availability of some rooms on the upper floors overlooking the Mediterranean.\",\"breadcrumb\":{\"@id\":\"http:\/\/hotelcottonhouse.com\/en\/rooms-and-suites\/cotton-room\/#breadcrumb\"},\"inLanguage\":\"en-US\",\"potentialAction\":[{\"@type\":\"ReadAction\",\"target\":[\"http:\/\/hotelcottonhouse.com\/en\/rooms-and-suites\/cotton-room\/\"]}]},{\"@type\":\"ImageObject\",\"inLanguage\":\"en-US\",\"@id\":\"http:\/\/hotelcottonhouse.com\/en\/rooms-and-suites\/cotton-room\/#primaryimage\",\"url\":\"http:\/\/hotelcottonhouse.com\/wp-content\/uploads\/2025\/03\/Cotton_CottonHouse-dormitorio-scaled.jpg\",\"contentUrl\":\"http:\/\/hotelcottonhouse.com\/wp-content\/uploads\/2025\/03\/Cotton_CottonHouse-dormitorio-scaled.jpg\",\"width\":2560,\"height\":1707,\"caption\":\"Dormitorio de la Habitaci\u00f3n Cotton del Cotton House Hotel con cama de gran tama\u00f1o, sill\u00f3n y acceso a balc\u00f3n con vistas al centro de Barelona\"},{\"@type\":\"BreadcrumbList\",\"@id\":\"http:\/\/hotelcottonhouse.com\/en\/rooms-and-suites\/cotton-room\/#breadcrumb\",\"itemListElement\":[{\"@type\":\"ListItem\",\"position\":1,\"name\":\"Portada\",\"item\":\"https:\/\/hotelcottonhouse.com\/en\/\"},{\"@type\":\"ListItem\",\"position\":2,\"name\":\"Rooms\",\"item\":\"https:\/\/hotelcottonhouse.com\/en\/rooms-and-suites\/\"},{\"@type\":\"ListItem\",\"position\":3,\"name\":\"Cotton\"}]},{\"@type\":\"WebSite\",\"@id\":\"http:\/\/hotelcottonhouse.com\/en\/#website\",\"url\":\"http:\/\/hotelcottonhouse.com\/en\/\",\"name\":\"Cotton House \u2013 Autograph Collection\",\"description\":\"Descubre Cotton House, un hotel boutique de lujo en Barcelona. Ubicado en un emblem\u00e1tico edificio neocl\u00e1sico, ofrece elegancia, confort y exclusividad con el sello Autograph Collection de Marriott. Disfruta de su sofisticado dise\u00f1o, restaurante Batuar y piscina en la azotea.\",\"potentialAction\":[{\"@type\":\"SearchAction\",\"target\":{\"@type\":\"EntryPoint\",\"urlTemplate\":\"http:\/\/hotelcottonhouse.com\/en\/?s={search_term_string}\"},\"query-input\":{\"@type\":\"PropertyValueSpecification\",\"valueRequired\":true,\"valueName\":\"search_term_string\"}}],\"inLanguage\":\"en-US\"}]}<\/script>\n<!-- \/ Yoast SEO plugin. -->","yoast_head_json":{"title":"Cotton Room: Luxury Retreat in Barcelona | Cotton House \u2013 Autograph Collection","description":"The Cotton Room at Cotton House offers a luxurious retreat with a balcony overlooking a tranquil Barcelona courtyard. With king bed, bathroom with bathtub and shower, and the availability of some rooms on the upper floors overlooking the Mediterranean.","robots":{"index":"index","follow":"follow","max-snippet":"max-snippet:-1","max-image-preview":"max-image-preview:large","max-video-preview":"max-video-preview:-1"},"canonical":"http:\/\/hotelcottonhouse.com\/en\/rooms-and-suites\/cotton-room\/","og_locale":"en_US","og_type":"article","og_title":"Cotton Room: Luxury Retreat in Barcelona | Cotton House \u2013 Autograph Collection","og_description":"The Cotton Room at Cotton House offers a luxurious retreat with a balcony overlooking a tranquil Barcelona courtyard. With king bed, bathroom with bathtub and shower, and the availability of some rooms on the upper floors overlooking the Mediterranean.","og_url":"http:\/\/hotelcottonhouse.com\/en\/rooms-and-suites\/cotton-room\/","og_site_name":"Cotton House \u2013 Autograph Collection","article_modified_time":"2025-03-20T09:56:35+00:00","og_image":[{"width":2560,"height":1707,"url":"https:\/\/hotelcottonhouse.com\/wp-content\/uploads\/2025\/03\/Cotton_CottonHouse-dormitorio-scaled.jpg","type":"image\/jpeg"}],"twitter_card":"summary_large_image","twitter_misc":{"Est. reading time":"1 minute"},"schema":{"@context":"https:\/\/schema.org","@graph":[{"@type":"WebPage","@id":"http:\/\/hotelcottonhouse.com\/en\/rooms-and-suites\/cotton-room\/","url":"http:\/\/hotelcottonhouse.com\/en\/rooms-and-suites\/cotton-room\/","name":"Cotton Room: Luxury Retreat in Barcelona | Cotton House \u2013 Autograph Collection","isPartOf":{"@id":"http:\/\/hotelcottonhouse.com\/en\/#website"},"primaryImageOfPage":{"@id":"http:\/\/hotelcottonhouse.com\/en\/rooms-and-suites\/cotton-room\/#primaryimage"},"image":{"@id":"http:\/\/hotelcottonhouse.com\/en\/rooms-and-suites\/cotton-room\/#primaryimage"},"thumbnailUrl":"http:\/\/hotelcottonhouse.com\/wp-content\/uploads\/2025\/03\/Cotton_CottonHouse-dormitorio-scaled.jpg","datePublished":"2025-02-04T16:06:58+00:00","dateModified":"2025-03-20T09:56:35+00:00","description":"The Cotton Room at Cotton House offers a luxurious retreat with a balcony overlooking a tranquil Barcelona courtyard. With king bed, bathroom with bathtub and shower, and the availability of some rooms on the upper floors overlooking the Mediterranean.","breadcrumb":{"@id":"http:\/\/hotelcottonhouse.com\/en\/rooms-and-suites\/cotton-room\/#breadcrumb"},"inLanguage":"en-US","potentialAction":[{"@type":"ReadAction","target":["http:\/\/hotelcottonhouse.com\/en\/rooms-and-suites\/cotton-room\/"]}]},{"@type":"ImageObject","inLanguage":"en-US","@id":"http:\/\/hotelcottonhouse.com\/en\/rooms-and-suites\/cotton-room\/#primaryimage","url":"http:\/\/hotelcottonhouse.com\/wp-content\/uploads\/2025\/03\/Cotton_CottonHouse-dormitorio-scaled.jpg","contentUrl":"http:\/\/hotelcottonhouse.com\/wp-content\/uploads\/2025\/03\/Cotton_CottonHouse-dormitorio-scaled.jpg","width":2560,"height":1707,"caption":"Dormitorio de la Habitaci\u00f3n Cotton del Cotton House Hotel con cama de gran tama\u00f1o, sill\u00f3n y acceso a balc\u00f3n con vistas al centro de Barelona"},{"@type":"BreadcrumbList","@id":"http:\/\/hotelcottonhouse.com\/en\/rooms-and-suites\/cotton-room\/#breadcrumb","itemListElement":[{"@type":"ListItem","position":1,"name":"Portada","item":"https:\/\/hotelcottonhouse.com\/en\/"},{"@type":"ListItem","position":2,"name":"Rooms","item":"https:\/\/hotelcottonhouse.com\/en\/rooms-and-suites\/"},{"@type":"ListItem","position":3,"name":"Cotton"}]},{"@type":"WebSite","@id":"http:\/\/hotelcottonhouse.com\/en\/#website","url":"http:\/\/hotelcottonhouse.com\/en\/","name":"Cotton House \u2013 Autograph Collection","description":"Descubre Cotton House, un hotel boutique de lujo en Barcelona. Ubicado en un emblem\u00e1tico edificio neocl\u00e1sico, ofrece elegancia, confort y exclusividad con el sello Autograph Collection de Marriott. Disfruta de su sofisticado dise\u00f1o, restaurante Batuar y piscina en la azotea.","potentialAction":[{"@type":"SearchAction","target":{"@type":"EntryPoint","urlTemplate":"http:\/\/hotelcottonhouse.com\/en\/?s={search_term_string}"},"query-input":{"@type":"PropertyValueSpecification","valueRequired":true,"valueName":"search_term_string"}}],"inLanguage":"en-US"}]}},"_links":{"self":[{"href":"http:\/\/hotelcottonhouse.com\/en\/wp-json\/wp\/v2\/pages\/10887","targetHints":{"allow":["GET"]}}],"collection":[{"href":"http:\/\/hotelcottonhouse.com\/en\/wp-json\/wp\/v2\/pages"}],"about":[{"href":"http:\/\/hotelcottonhouse.com\/en\/wp-json\/wp\/v2\/types\/page"}],"author":[{"embeddable":true,"href":"http:\/\/hotelcottonhouse.com\/en\/wp-json\/wp\/v2\/users\/1"}],"replies":[{"embeddable":true,"href":"http:\/\/hotelcottonhouse.com\/en\/wp-json\/wp\/v2\/comments?post=10887"}],"version-history":[{"count":2,"href":"http:\/\/hotelcottonhouse.com\/en\/wp-json\/wp\/v2\/pages\/10887\/revisions"}],"predecessor-version":[{"id":11039,"href":"http:\/\/hotelcottonhouse.com\/en\/wp-json\/wp\/v2\/pages\/10887\/revisions\/11039"}],"up":[{"embeddable":true,"href":"http:\/\/hotelcottonhouse.com\/en\/wp-json\/wp\/v2\/pages\/10875"}],"wp:featuredmedia":[{"embeddable":true,"href":"http:\/\/hotelcottonhouse.com\/en\/wp-json\/wp\/v2\/media\/12011"}],"wp:attachment":[{"href":"http:\/\/hotelcottonhouse.com\/en\/wp-json\/wp\/v2\/media?parent=10887"}],"wp:term":[{"taxonomy":"category","embeddable":true,"href":"http:\/\/hotelcottonhouse.com\/en\/wp-json\/wp\/v2\/categories?post=10887"},{"taxonomy":"post_tag","embeddable":true,"href":"http:\/\/hotelcottonhouse.com\/en\/wp-json\/wp\/v2\/tags?post=10887"}],"curies":[{"name":"wp","href":"https:\/\/api.w.org\/{rel}","templated":true}]}}