{"id":10885,"date":"2025-02-04T17:08:08","date_gmt":"2025-02-04T16:08:08","guid":{"rendered":"https:\/\/hotelcottonhouse.rkinnova.com\/?page_id=10885"},"modified":"2025-03-20T10:56:47","modified_gmt":"2025-03-20T09:56:47","slug":"madras-room","status":"publish","type":"page","link":"http:\/\/hotelcottonhouse.com\/fr\/chambres-et-suites\/madras-room\/","title":{"rendered":"Madras"},"content":{"rendered":"","protected":false},"excerpt":{"rendered":"","protected":false},"author":1,"featured_media":12045,"parent":10876,"menu_order":47,"comment_status":"closed","ping_status":"closed","template":"habitaciones-pag.php","meta":{"_acf_changed":false,"footnotes":""},"categories":[442],"tags":[436,435,423,432,388,399,419,433,390,434],"class_list":["post-10885","page","type-page","status-publish","has-post-thumbnail","hentry","category-habitacion-3","tag-architecture-restauree","tag-chambre-avec-lumiere-naturelle","tag-chambre-de-luxe","tag-chambre-madras-barcelone","tag-confort-et-design","tag-hebergement-exclusif","tag-hotel-au-centre-de-barcelone","tag-hotel-boutique-cinq-etoles","tag-repos-haut-de-gamme","tag-vue-sur-barcelone","entry"],"acf":[],"yoast_head":"<!-- This site is optimized with the Yoast SEO plugin v25.7 - https:\/\/yoast.com\/wordpress\/plugins\/seo\/ -->\n<title>Chambre Madras: confort et \u00e9l\u00e9gance \u00e0 Barcelone | Cotton House \u2013 Autograph Collection<\/title>\n<meta name=\"description\" content=\"La chambre Madras offre un s\u00e9jour baign\u00e9 de lumi\u00e8re naturelle et une vue sur le centre de Barcelone. Inspir\u00e9e de l\u2019ancienne Maison du Coton, elle allie \u00e9l\u00e9gance et confort avec des lits queen ou king size, une connexion Wi-Fi haut d\u00e9bit et des produits cosm\u00e9tiques naturels de chez Ortigia.\" \/>\n<meta name=\"robots\" content=\"index, follow, max-snippet:-1, max-image-preview:large, max-video-preview:-1\" \/>\n<link rel=\"canonical\" href=\"http:\/\/hotelcottonhouse.com\/fr\/chambres-et-suites\/madras-room\/\" \/>\n<meta property=\"og:locale\" content=\"fr_FR\" \/>\n<meta property=\"og:type\" content=\"article\" \/>\n<meta property=\"og:title\" content=\"Chambre Madras: confort et \u00e9l\u00e9gance \u00e0 Barcelone | Cotton House \u2013 Autograph Collection\" \/>\n<meta property=\"og:description\" content=\"La chambre Madras offre un s\u00e9jour baign\u00e9 de lumi\u00e8re naturelle et une vue sur le centre de Barcelone. Inspir\u00e9e de l\u2019ancienne Maison du Coton, elle allie \u00e9l\u00e9gance et confort avec des lits queen ou king size, une connexion Wi-Fi haut d\u00e9bit et des produits cosm\u00e9tiques naturels de chez Ortigia.\" \/>\n<meta property=\"og:url\" content=\"http:\/\/hotelcottonhouse.com\/fr\/chambres-et-suites\/madras-room\/\" \/>\n<meta property=\"og:site_name\" content=\"Cotton House \u2013 Autograph Collection\" \/>\n<meta property=\"article:modified_time\" content=\"2025-03-20T09:56:47+00:00\" \/>\n<meta property=\"og:image\" content=\"https:\/\/hotelcottonhouse.com\/wp-content\/uploads\/2025\/03\/Madras_CottonHouse-bano_dormitorio-1-scaled.jpg\" \/>\n\t<meta property=\"og:image:width\" content=\"2560\" \/>\n\t<meta property=\"og:image:height\" content=\"1440\" \/>\n\t<meta property=\"og:image:type\" content=\"image\/jpeg\" \/>\n<meta name=\"twitter:card\" content=\"summary_large_image\" \/>\n<meta name=\"twitter:label1\" content=\"Dur\u00e9e de lecture estim\u00e9e\" \/>\n\t<meta name=\"twitter:data1\" content=\"1 minute\" \/>\n<script type=\"application\/ld+json\" class=\"yoast-schema-graph\">{\"@context\":\"https:\/\/schema.org\",\"@graph\":[{\"@type\":\"WebPage\",\"@id\":\"http:\/\/hotelcottonhouse.com\/fr\/chambres-et-suites\/madras-room\/\",\"url\":\"http:\/\/hotelcottonhouse.com\/fr\/chambres-et-suites\/madras-room\/\",\"name\":\"Chambre Madras: confort et \u00e9l\u00e9gance \u00e0 Barcelone | Cotton House \u2013 Autograph Collection\",\"isPartOf\":{\"@id\":\"https:\/\/hotelcottonhouse.com\/fr\/#website\"},\"primaryImageOfPage\":{\"@id\":\"http:\/\/hotelcottonhouse.com\/fr\/chambres-et-suites\/madras-room\/#primaryimage\"},\"image\":{\"@id\":\"http:\/\/hotelcottonhouse.com\/fr\/chambres-et-suites\/madras-room\/#primaryimage\"},\"thumbnailUrl\":\"http:\/\/hotelcottonhouse.com\/wp-content\/uploads\/2025\/03\/Madras_CottonHouse-bano_dormitorio-1-scaled.jpg\",\"datePublished\":\"2025-02-04T16:08:08+00:00\",\"dateModified\":\"2025-03-20T09:56:47+00:00\",\"description\":\"La chambre Madras offre un s\u00e9jour baign\u00e9 de lumi\u00e8re naturelle et une vue sur le centre de Barcelone. Inspir\u00e9e de l\u2019ancienne Maison du Coton, elle allie \u00e9l\u00e9gance et confort avec des lits queen ou king size, une connexion Wi-Fi haut d\u00e9bit et des produits cosm\u00e9tiques naturels de chez Ortigia.\",\"breadcrumb\":{\"@id\":\"http:\/\/hotelcottonhouse.com\/fr\/chambres-et-suites\/madras-room\/#breadcrumb\"},\"inLanguage\":\"fr-FR\",\"potentialAction\":[{\"@type\":\"ReadAction\",\"target\":[\"http:\/\/hotelcottonhouse.com\/fr\/chambres-et-suites\/madras-room\/\"]}]},{\"@type\":\"ImageObject\",\"inLanguage\":\"fr-FR\",\"@id\":\"http:\/\/hotelcottonhouse.com\/fr\/chambres-et-suites\/madras-room\/#primaryimage\",\"url\":\"http:\/\/hotelcottonhouse.com\/wp-content\/uploads\/2025\/03\/Madras_CottonHouse-bano_dormitorio-1-scaled.jpg\",\"contentUrl\":\"http:\/\/hotelcottonhouse.com\/wp-content\/uploads\/2025\/03\/Madras_CottonHouse-bano_dormitorio-1-scaled.jpg\",\"width\":2560,\"height\":1440,\"caption\":\"Habitaci\u00f3n Madras del Cotton House Hotel con cama queen size, escritorio de madera y lavabo integrado en un ambiente luminoso.\"},{\"@type\":\"BreadcrumbList\",\"@id\":\"http:\/\/hotelcottonhouse.com\/fr\/chambres-et-suites\/madras-room\/#breadcrumb\",\"itemListElement\":[{\"@type\":\"ListItem\",\"position\":1,\"name\":\"Portada\",\"item\":\"http:\/\/hotelcottonhouse.com\/fr\/\"},{\"@type\":\"ListItem\",\"position\":2,\"name\":\"Chambres\",\"item\":\"http:\/\/hotelcottonhouse.com\/fr\/chambres-et-suites\/\"},{\"@type\":\"ListItem\",\"position\":3,\"name\":\"Madras\"}]},{\"@type\":\"WebSite\",\"@id\":\"https:\/\/hotelcottonhouse.com\/fr\/#website\",\"url\":\"https:\/\/hotelcottonhouse.com\/fr\/\",\"name\":\"Cotton House \u2013 Autograph Collection\",\"description\":\"Descubre Cotton House, un hotel boutique de lujo en Barcelona. Ubicado en un emblem\u00e1tico edificio neocl\u00e1sico, ofrece elegancia, confort y exclusividad con el sello Autograph Collection de Marriott. Disfruta de su sofisticado dise\u00f1o, restaurante Batuar y piscina en la azotea.\",\"potentialAction\":[{\"@type\":\"SearchAction\",\"target\":{\"@type\":\"EntryPoint\",\"urlTemplate\":\"https:\/\/hotelcottonhouse.com\/fr\/?s={search_term_string}\"},\"query-input\":{\"@type\":\"PropertyValueSpecification\",\"valueRequired\":true,\"valueName\":\"search_term_string\"}}],\"inLanguage\":\"fr-FR\"}]}<\/script>\n<!-- \/ Yoast SEO plugin. -->","yoast_head_json":{"title":"Chambre Madras: confort et \u00e9l\u00e9gance \u00e0 Barcelone | Cotton House \u2013 Autograph Collection","description":"La chambre Madras offre un s\u00e9jour baign\u00e9 de lumi\u00e8re naturelle et une vue sur le centre de Barcelone. Inspir\u00e9e de l\u2019ancienne Maison du Coton, elle allie \u00e9l\u00e9gance et confort avec des lits queen ou king size, une connexion Wi-Fi haut d\u00e9bit et des produits cosm\u00e9tiques naturels de chez Ortigia.","robots":{"index":"index","follow":"follow","max-snippet":"max-snippet:-1","max-image-preview":"max-image-preview:large","max-video-preview":"max-video-preview:-1"},"canonical":"http:\/\/hotelcottonhouse.com\/fr\/chambres-et-suites\/madras-room\/","og_locale":"fr_FR","og_type":"article","og_title":"Chambre Madras: confort et \u00e9l\u00e9gance \u00e0 Barcelone | Cotton House \u2013 Autograph Collection","og_description":"La chambre Madras offre un s\u00e9jour baign\u00e9 de lumi\u00e8re naturelle et une vue sur le centre de Barcelone. Inspir\u00e9e de l\u2019ancienne Maison du Coton, elle allie \u00e9l\u00e9gance et confort avec des lits queen ou king size, une connexion Wi-Fi haut d\u00e9bit et des produits cosm\u00e9tiques naturels de chez Ortigia.","og_url":"http:\/\/hotelcottonhouse.com\/fr\/chambres-et-suites\/madras-room\/","og_site_name":"Cotton House \u2013 Autograph Collection","article_modified_time":"2025-03-20T09:56:47+00:00","og_image":[{"width":2560,"height":1440,"url":"https:\/\/hotelcottonhouse.com\/wp-content\/uploads\/2025\/03\/Madras_CottonHouse-bano_dormitorio-1-scaled.jpg","type":"image\/jpeg"}],"twitter_card":"summary_large_image","twitter_misc":{"Dur\u00e9e de lecture estim\u00e9e":"1 minute"},"schema":{"@context":"https:\/\/schema.org","@graph":[{"@type":"WebPage","@id":"http:\/\/hotelcottonhouse.com\/fr\/chambres-et-suites\/madras-room\/","url":"http:\/\/hotelcottonhouse.com\/fr\/chambres-et-suites\/madras-room\/","name":"Chambre Madras: confort et \u00e9l\u00e9gance \u00e0 Barcelone | Cotton House \u2013 Autograph Collection","isPartOf":{"@id":"https:\/\/hotelcottonhouse.com\/fr\/#website"},"primaryImageOfPage":{"@id":"http:\/\/hotelcottonhouse.com\/fr\/chambres-et-suites\/madras-room\/#primaryimage"},"image":{"@id":"http:\/\/hotelcottonhouse.com\/fr\/chambres-et-suites\/madras-room\/#primaryimage"},"thumbnailUrl":"http:\/\/hotelcottonhouse.com\/wp-content\/uploads\/2025\/03\/Madras_CottonHouse-bano_dormitorio-1-scaled.jpg","datePublished":"2025-02-04T16:08:08+00:00","dateModified":"2025-03-20T09:56:47+00:00","description":"La chambre Madras offre un s\u00e9jour baign\u00e9 de lumi\u00e8re naturelle et une vue sur le centre de Barcelone. Inspir\u00e9e de l\u2019ancienne Maison du Coton, elle allie \u00e9l\u00e9gance et confort avec des lits queen ou king size, une connexion Wi-Fi haut d\u00e9bit et des produits cosm\u00e9tiques naturels de chez Ortigia.","breadcrumb":{"@id":"http:\/\/hotelcottonhouse.com\/fr\/chambres-et-suites\/madras-room\/#breadcrumb"},"inLanguage":"fr-FR","potentialAction":[{"@type":"ReadAction","target":["http:\/\/hotelcottonhouse.com\/fr\/chambres-et-suites\/madras-room\/"]}]},{"@type":"ImageObject","inLanguage":"fr-FR","@id":"http:\/\/hotelcottonhouse.com\/fr\/chambres-et-suites\/madras-room\/#primaryimage","url":"http:\/\/hotelcottonhouse.com\/wp-content\/uploads\/2025\/03\/Madras_CottonHouse-bano_dormitorio-1-scaled.jpg","contentUrl":"http:\/\/hotelcottonhouse.com\/wp-content\/uploads\/2025\/03\/Madras_CottonHouse-bano_dormitorio-1-scaled.jpg","width":2560,"height":1440,"caption":"Habitaci\u00f3n Madras del Cotton House Hotel con cama queen size, escritorio de madera y lavabo integrado en un ambiente luminoso."},{"@type":"BreadcrumbList","@id":"http:\/\/hotelcottonhouse.com\/fr\/chambres-et-suites\/madras-room\/#breadcrumb","itemListElement":[{"@type":"ListItem","position":1,"name":"Portada","item":"http:\/\/hotelcottonhouse.com\/fr\/"},{"@type":"ListItem","position":2,"name":"Chambres","item":"http:\/\/hotelcottonhouse.com\/fr\/chambres-et-suites\/"},{"@type":"ListItem","position":3,"name":"Madras"}]},{"@type":"WebSite","@id":"https:\/\/hotelcottonhouse.com\/fr\/#website","url":"https:\/\/hotelcottonhouse.com\/fr\/","name":"Cotton House \u2013 Autograph Collection","description":"Descubre Cotton House, un hotel boutique de lujo en Barcelona. Ubicado en un emblem\u00e1tico edificio neocl\u00e1sico, ofrece elegancia, confort y exclusividad con el sello Autograph Collection de Marriott. Disfruta de su sofisticado dise\u00f1o, restaurante Batuar y piscina en la azotea.","potentialAction":[{"@type":"SearchAction","target":{"@type":"EntryPoint","urlTemplate":"https:\/\/hotelcottonhouse.com\/fr\/?s={search_term_string}"},"query-input":{"@type":"PropertyValueSpecification","valueRequired":true,"valueName":"search_term_string"}}],"inLanguage":"fr-FR"}]}},"_links":{"self":[{"href":"http:\/\/hotelcottonhouse.com\/fr\/wp-json\/wp\/v2\/pages\/10885","targetHints":{"allow":["GET"]}}],"collection":[{"href":"http:\/\/hotelcottonhouse.com\/fr\/wp-json\/wp\/v2\/pages"}],"about":[{"href":"http:\/\/hotelcottonhouse.com\/fr\/wp-json\/wp\/v2\/types\/page"}],"author":[{"embeddable":true,"href":"http:\/\/hotelcottonhouse.com\/fr\/wp-json\/wp\/v2\/users\/1"}],"replies":[{"embeddable":true,"href":"http:\/\/hotelcottonhouse.com\/fr\/wp-json\/wp\/v2\/comments?post=10885"}],"version-history":[{"count":2,"href":"http:\/\/hotelcottonhouse.com\/fr\/wp-json\/wp\/v2\/pages\/10885\/revisions"}],"predecessor-version":[{"id":11048,"href":"http:\/\/hotelcottonhouse.com\/fr\/wp-json\/wp\/v2\/pages\/10885\/revisions\/11048"}],"up":[{"embeddable":true,"href":"http:\/\/hotelcottonhouse.com\/fr\/wp-json\/wp\/v2\/pages\/10876"}],"wp:featuredmedia":[{"embeddable":true,"href":"http:\/\/hotelcottonhouse.com\/fr\/wp-json\/wp\/v2\/media\/12045"}],"wp:attachment":[{"href":"http:\/\/hotelcottonhouse.com\/fr\/wp-json\/wp\/v2\/media?parent=10885"}],"wp:term":[{"taxonomy":"category","embeddable":true,"href":"http:\/\/hotelcottonhouse.com\/fr\/wp-json\/wp\/v2\/categories?post=10885"},{"taxonomy":"post_tag","embeddable":true,"href":"http:\/\/hotelcottonhouse.com\/fr\/wp-json\/wp\/v2\/tags?post=10885"}],"curies":[{"name":"wp","href":"https:\/\/api.w.org\/{rel}","templated":true}]}}