{"id":10888,"date":"2025-02-04T17:06:58","date_gmt":"2025-02-04T16:06:58","guid":{"rendered":"https:\/\/hotelcottonhouse.rkinnova.com\/?page_id=10888"},"modified":"2025-03-20T10:56:37","modified_gmt":"2025-03-20T09:56:37","slug":"cotton-room","status":"publish","type":"page","link":"http:\/\/hotelcottonhouse.com\/fr\/chambres-et-suites\/cotton-room\/","title":{"rendered":"Cotton"},"content":{"rendered":"","protected":false},"excerpt":{"rendered":"","protected":false},"author":1,"featured_media":12012,"parent":10876,"menu_order":43,"comment_status":"closed","ping_status":"closed","template":"habitaciones-pag.php","meta":{"_acf_changed":false,"footnotes":""},"categories":[442],"tags":[431,429,427,423,388,430,399,419,395,428],"class_list":["post-10888","page","type-page","status-publish","has-post-thumbnail","hentry","category-habitacion-3","tag-chambre-avec-balcon","tag-chambre-calme","tag-chambre-cotton-barcelone","tag-chambre-de-luxe","tag-confort-et-design","tag-havre-de-luxe","tag-hebergement-exclusif","tag-hotel-au-centre-de-barcelone","tag-hotel-boutique-cinq-etoiles","tag-vue-sur-patio-barcelonais","entry"],"acf":[],"yoast_head":"<!-- This site is optimized with the Yoast SEO plugin v25.7 - https:\/\/yoast.com\/wordpress\/plugins\/seo\/ -->\n<title>Chambre Cotton: havre de luxe \u00e0 Barcelone | Cotton House \u2013 Autograph Collection<\/title>\n<meta name=\"description\" content=\"La chambre Cotton de Cotton House offre un havre de luxe avec un balcon et des vues sur un paisible patio barcelonais. Avec un lit king size, une salle de bain avec baignoire et douche, et la possibilit\u00e9 d\u2019avoir une vue sur la mer depuis les \u00e9tages sup\u00e9rieurs.\" \/>\n<meta name=\"robots\" content=\"index, follow, max-snippet:-1, max-image-preview:large, max-video-preview:-1\" \/>\n<link rel=\"canonical\" href=\"http:\/\/hotelcottonhouse.com\/fr\/chambres-et-suites\/cotton-room\/\" \/>\n<meta property=\"og:locale\" content=\"fr_FR\" \/>\n<meta property=\"og:type\" content=\"article\" \/>\n<meta property=\"og:title\" content=\"Chambre Cotton: havre de luxe \u00e0 Barcelone | Cotton House \u2013 Autograph Collection\" \/>\n<meta property=\"og:description\" content=\"La chambre Cotton de Cotton House offre un havre de luxe avec un balcon et des vues sur un paisible patio barcelonais. Avec un lit king size, une salle de bain avec baignoire et douche, et la possibilit\u00e9 d\u2019avoir une vue sur la mer depuis les \u00e9tages sup\u00e9rieurs.\" \/>\n<meta property=\"og:url\" content=\"http:\/\/hotelcottonhouse.com\/fr\/chambres-et-suites\/cotton-room\/\" \/>\n<meta property=\"og:site_name\" content=\"Cotton House \u2013 Autograph Collection\" \/>\n<meta property=\"article:modified_time\" content=\"2025-03-20T09:56:37+00:00\" \/>\n<meta property=\"og:image\" content=\"http:\/\/hotelcottonhouse.com\/wp-content\/uploads\/2025\/03\/Cotton_CottonHouse-dormitorio-scaled.jpg\" \/>\n\t<meta property=\"og:image:width\" content=\"2560\" \/>\n\t<meta property=\"og:image:height\" content=\"1707\" \/>\n\t<meta property=\"og:image:type\" content=\"image\/jpeg\" \/>\n<meta name=\"twitter:card\" content=\"summary_large_image\" \/>\n<meta name=\"twitter:label1\" content=\"Dur\u00e9e de lecture estim\u00e9e\" \/>\n\t<meta name=\"twitter:data1\" content=\"1 minute\" \/>\n<script type=\"application\/ld+json\" class=\"yoast-schema-graph\">{\"@context\":\"https:\/\/schema.org\",\"@graph\":[{\"@type\":\"WebPage\",\"@id\":\"http:\/\/hotelcottonhouse.com\/fr\/chambres-et-suites\/cotton-room\/\",\"url\":\"http:\/\/hotelcottonhouse.com\/fr\/chambres-et-suites\/cotton-room\/\",\"name\":\"Chambre Cotton: havre de luxe \u00e0 Barcelone | Cotton House \u2013 Autograph Collection\",\"isPartOf\":{\"@id\":\"https:\/\/hotelcottonhouse.com\/fr\/#website\"},\"primaryImageOfPage\":{\"@id\":\"http:\/\/hotelcottonhouse.com\/fr\/chambres-et-suites\/cotton-room\/#primaryimage\"},\"image\":{\"@id\":\"http:\/\/hotelcottonhouse.com\/fr\/chambres-et-suites\/cotton-room\/#primaryimage\"},\"thumbnailUrl\":\"http:\/\/hotelcottonhouse.com\/wp-content\/uploads\/2025\/03\/Cotton_CottonHouse-dormitorio-scaled.jpg\",\"datePublished\":\"2025-02-04T16:06:58+00:00\",\"dateModified\":\"2025-03-20T09:56:37+00:00\",\"description\":\"La chambre Cotton de Cotton House offre un havre de luxe avec un balcon et des vues sur un paisible patio barcelonais. Avec un lit king size, une salle de bain avec baignoire et douche, et la possibilit\u00e9 d\u2019avoir une vue sur la mer depuis les \u00e9tages sup\u00e9rieurs.\",\"breadcrumb\":{\"@id\":\"http:\/\/hotelcottonhouse.com\/fr\/chambres-et-suites\/cotton-room\/#breadcrumb\"},\"inLanguage\":\"fr-FR\",\"potentialAction\":[{\"@type\":\"ReadAction\",\"target\":[\"http:\/\/hotelcottonhouse.com\/fr\/chambres-et-suites\/cotton-room\/\"]}]},{\"@type\":\"ImageObject\",\"inLanguage\":\"fr-FR\",\"@id\":\"http:\/\/hotelcottonhouse.com\/fr\/chambres-et-suites\/cotton-room\/#primaryimage\",\"url\":\"http:\/\/hotelcottonhouse.com\/wp-content\/uploads\/2025\/03\/Cotton_CottonHouse-dormitorio-scaled.jpg\",\"contentUrl\":\"http:\/\/hotelcottonhouse.com\/wp-content\/uploads\/2025\/03\/Cotton_CottonHouse-dormitorio-scaled.jpg\",\"width\":2560,\"height\":1707,\"caption\":\"Dormitorio de la Habitaci\u00f3n Cotton del Cotton House Hotel con cama de gran tama\u00f1o, sill\u00f3n y acceso a balc\u00f3n con vistas al centro de Barelona\"},{\"@type\":\"BreadcrumbList\",\"@id\":\"http:\/\/hotelcottonhouse.com\/fr\/chambres-et-suites\/cotton-room\/#breadcrumb\",\"itemListElement\":[{\"@type\":\"ListItem\",\"position\":1,\"name\":\"Portada\",\"item\":\"http:\/\/hotelcottonhouse.com\/fr\/\"},{\"@type\":\"ListItem\",\"position\":2,\"name\":\"Chambres\",\"item\":\"http:\/\/hotelcottonhouse.com\/fr\/chambres-et-suites\/\"},{\"@type\":\"ListItem\",\"position\":3,\"name\":\"Cotton\"}]},{\"@type\":\"WebSite\",\"@id\":\"https:\/\/hotelcottonhouse.com\/fr\/#website\",\"url\":\"https:\/\/hotelcottonhouse.com\/fr\/\",\"name\":\"Cotton House \u2013 Autograph Collection\",\"description\":\"Descubre Cotton House, un hotel boutique de lujo en Barcelona. Ubicado en un emblem\u00e1tico edificio neocl\u00e1sico, ofrece elegancia, confort y exclusividad con el sello Autograph Collection de Marriott. Disfruta de su sofisticado dise\u00f1o, restaurante Batuar y piscina en la azotea.\",\"potentialAction\":[{\"@type\":\"SearchAction\",\"target\":{\"@type\":\"EntryPoint\",\"urlTemplate\":\"https:\/\/hotelcottonhouse.com\/fr\/?s={search_term_string}\"},\"query-input\":{\"@type\":\"PropertyValueSpecification\",\"valueRequired\":true,\"valueName\":\"search_term_string\"}}],\"inLanguage\":\"fr-FR\"}]}<\/script>\n<!-- \/ Yoast SEO plugin. -->","yoast_head_json":{"title":"Chambre Cotton: havre de luxe \u00e0 Barcelone | Cotton House \u2013 Autograph Collection","description":"La chambre Cotton de Cotton House offre un havre de luxe avec un balcon et des vues sur un paisible patio barcelonais. Avec un lit king size, une salle de bain avec baignoire et douche, et la possibilit\u00e9 d\u2019avoir une vue sur la mer depuis les \u00e9tages sup\u00e9rieurs.","robots":{"index":"index","follow":"follow","max-snippet":"max-snippet:-1","max-image-preview":"max-image-preview:large","max-video-preview":"max-video-preview:-1"},"canonical":"http:\/\/hotelcottonhouse.com\/fr\/chambres-et-suites\/cotton-room\/","og_locale":"fr_FR","og_type":"article","og_title":"Chambre Cotton: havre de luxe \u00e0 Barcelone | Cotton House \u2013 Autograph Collection","og_description":"La chambre Cotton de Cotton House offre un havre de luxe avec un balcon et des vues sur un paisible patio barcelonais. Avec un lit king size, une salle de bain avec baignoire et douche, et la possibilit\u00e9 d\u2019avoir une vue sur la mer depuis les \u00e9tages sup\u00e9rieurs.","og_url":"http:\/\/hotelcottonhouse.com\/fr\/chambres-et-suites\/cotton-room\/","og_site_name":"Cotton House \u2013 Autograph Collection","article_modified_time":"2025-03-20T09:56:37+00:00","og_image":[{"width":2560,"height":1707,"url":"http:\/\/hotelcottonhouse.com\/wp-content\/uploads\/2025\/03\/Cotton_CottonHouse-dormitorio-scaled.jpg","type":"image\/jpeg"}],"twitter_card":"summary_large_image","twitter_misc":{"Dur\u00e9e de lecture estim\u00e9e":"1 minute"},"schema":{"@context":"https:\/\/schema.org","@graph":[{"@type":"WebPage","@id":"http:\/\/hotelcottonhouse.com\/fr\/chambres-et-suites\/cotton-room\/","url":"http:\/\/hotelcottonhouse.com\/fr\/chambres-et-suites\/cotton-room\/","name":"Chambre Cotton: havre de luxe \u00e0 Barcelone | Cotton House \u2013 Autograph Collection","isPartOf":{"@id":"https:\/\/hotelcottonhouse.com\/fr\/#website"},"primaryImageOfPage":{"@id":"http:\/\/hotelcottonhouse.com\/fr\/chambres-et-suites\/cotton-room\/#primaryimage"},"image":{"@id":"http:\/\/hotelcottonhouse.com\/fr\/chambres-et-suites\/cotton-room\/#primaryimage"},"thumbnailUrl":"http:\/\/hotelcottonhouse.com\/wp-content\/uploads\/2025\/03\/Cotton_CottonHouse-dormitorio-scaled.jpg","datePublished":"2025-02-04T16:06:58+00:00","dateModified":"2025-03-20T09:56:37+00:00","description":"La chambre Cotton de Cotton House offre un havre de luxe avec un balcon et des vues sur un paisible patio barcelonais. Avec un lit king size, une salle de bain avec baignoire et douche, et la possibilit\u00e9 d\u2019avoir une vue sur la mer depuis les \u00e9tages sup\u00e9rieurs.","breadcrumb":{"@id":"http:\/\/hotelcottonhouse.com\/fr\/chambres-et-suites\/cotton-room\/#breadcrumb"},"inLanguage":"fr-FR","potentialAction":[{"@type":"ReadAction","target":["http:\/\/hotelcottonhouse.com\/fr\/chambres-et-suites\/cotton-room\/"]}]},{"@type":"ImageObject","inLanguage":"fr-FR","@id":"http:\/\/hotelcottonhouse.com\/fr\/chambres-et-suites\/cotton-room\/#primaryimage","url":"http:\/\/hotelcottonhouse.com\/wp-content\/uploads\/2025\/03\/Cotton_CottonHouse-dormitorio-scaled.jpg","contentUrl":"http:\/\/hotelcottonhouse.com\/wp-content\/uploads\/2025\/03\/Cotton_CottonHouse-dormitorio-scaled.jpg","width":2560,"height":1707,"caption":"Dormitorio de la Habitaci\u00f3n Cotton del Cotton House Hotel con cama de gran tama\u00f1o, sill\u00f3n y acceso a balc\u00f3n con vistas al centro de Barelona"},{"@type":"BreadcrumbList","@id":"http:\/\/hotelcottonhouse.com\/fr\/chambres-et-suites\/cotton-room\/#breadcrumb","itemListElement":[{"@type":"ListItem","position":1,"name":"Portada","item":"http:\/\/hotelcottonhouse.com\/fr\/"},{"@type":"ListItem","position":2,"name":"Chambres","item":"http:\/\/hotelcottonhouse.com\/fr\/chambres-et-suites\/"},{"@type":"ListItem","position":3,"name":"Cotton"}]},{"@type":"WebSite","@id":"https:\/\/hotelcottonhouse.com\/fr\/#website","url":"https:\/\/hotelcottonhouse.com\/fr\/","name":"Cotton House \u2013 Autograph Collection","description":"Descubre Cotton House, un hotel boutique de lujo en Barcelona. Ubicado en un emblem\u00e1tico edificio neocl\u00e1sico, ofrece elegancia, confort y exclusividad con el sello Autograph Collection de Marriott. Disfruta de su sofisticado dise\u00f1o, restaurante Batuar y piscina en la azotea.","potentialAction":[{"@type":"SearchAction","target":{"@type":"EntryPoint","urlTemplate":"https:\/\/hotelcottonhouse.com\/fr\/?s={search_term_string}"},"query-input":{"@type":"PropertyValueSpecification","valueRequired":true,"valueName":"search_term_string"}}],"inLanguage":"fr-FR"}]}},"_links":{"self":[{"href":"http:\/\/hotelcottonhouse.com\/fr\/wp-json\/wp\/v2\/pages\/10888","targetHints":{"allow":["GET"]}}],"collection":[{"href":"http:\/\/hotelcottonhouse.com\/fr\/wp-json\/wp\/v2\/pages"}],"about":[{"href":"http:\/\/hotelcottonhouse.com\/fr\/wp-json\/wp\/v2\/types\/page"}],"author":[{"embeddable":true,"href":"http:\/\/hotelcottonhouse.com\/fr\/wp-json\/wp\/v2\/users\/1"}],"replies":[{"embeddable":true,"href":"http:\/\/hotelcottonhouse.com\/fr\/wp-json\/wp\/v2\/comments?post=10888"}],"version-history":[{"count":2,"href":"http:\/\/hotelcottonhouse.com\/fr\/wp-json\/wp\/v2\/pages\/10888\/revisions"}],"predecessor-version":[{"id":11047,"href":"http:\/\/hotelcottonhouse.com\/fr\/wp-json\/wp\/v2\/pages\/10888\/revisions\/11047"}],"up":[{"embeddable":true,"href":"http:\/\/hotelcottonhouse.com\/fr\/wp-json\/wp\/v2\/pages\/10876"}],"wp:featuredmedia":[{"embeddable":true,"href":"http:\/\/hotelcottonhouse.com\/fr\/wp-json\/wp\/v2\/media\/12012"}],"wp:attachment":[{"href":"http:\/\/hotelcottonhouse.com\/fr\/wp-json\/wp\/v2\/media?parent=10888"}],"wp:term":[{"taxonomy":"category","embeddable":true,"href":"http:\/\/hotelcottonhouse.com\/fr\/wp-json\/wp\/v2\/categories?post=10888"},{"taxonomy":"post_tag","embeddable":true,"href":"http:\/\/hotelcottonhouse.com\/fr\/wp-json\/wp\/v2\/tags?post=10888"}],"curies":[{"name":"wp","href":"https:\/\/api.w.org\/{rel}","templated":true}]}}