{"id":10925,"date":"2025-02-04T17:04:29","date_gmt":"2025-02-04T16:04:29","guid":{"rendered":"https:\/\/hotelcottonhouse.rkinnova.com\/?page_id=10925"},"modified":"2025-03-20T10:56:18","modified_gmt":"2025-03-20T09:56:18","slug":"tafetan-suite","status":"publish","type":"page","link":"http:\/\/hotelcottonhouse.com\/fr\/chambres-et-suites\/tafetan-suite\/","title":{"rendered":"Tafet\u00e1n"},"content":{"rendered":"","protected":false},"excerpt":{"rendered":"","protected":false},"author":1,"featured_media":11942,"parent":10876,"menu_order":29,"comment_status":"closed","ping_status":"closed","template":"habitaciones-pag.php","meta":{"_acf_changed":false,"footnotes":""},"categories":[442],"tags":[418,388,420,329,419,395,417,416,421,415],"class_list":["post-10925","page","type-page","status-publish","has-post-thumbnail","hentry","category-habitacion-3","tag-chambre-avec-salon-separe","tag-confort-et-design","tag-experience-haut-de-gamme","tag-hebergement-exclusif-barcelone","tag-hotel-au-centre-de-barcelone","tag-hotel-boutique-cinq-etoiles","tag-repos-de-luxe","tag-suite-avec-vue","tag-suite-de-luxe-fr","tag-suite-tafetan-barcelone","entry"],"acf":[],"yoast_head":"<!-- This site is optimized with the Yoast SEO plugin v25.7 - https:\/\/yoast.com\/wordpress\/plugins\/seo\/ -->\n<title>Suite Tafet\u00e1n : \u00e9l\u00e9gance et confort | Cotton House \u2013 Autograph Collection<\/title>\n<meta name=\"description\" content=\"La Suite Tafet\u00e1n de Cotton House allie l\u2019\u00e9l\u00e9gance et le confort \u00e0 des d\u00e9tails architecturaux historiques. Elle dispose d\u2019une superficie de 47 m2 avec vue sur la Gran V\u00eda, d\u2019un salon s\u00e9par\u00e9 et d\u2019une \u00e9l\u00e9gante salle de bains avec baignoire et douche.\" \/>\n<meta name=\"robots\" content=\"index, follow, max-snippet:-1, max-image-preview:large, max-video-preview:-1\" \/>\n<link rel=\"canonical\" href=\"http:\/\/hotelcottonhouse.com\/fr\/chambres-et-suites\/tafetan-suite\/\" \/>\n<meta property=\"og:locale\" content=\"fr_FR\" \/>\n<meta property=\"og:type\" content=\"article\" \/>\n<meta property=\"og:title\" content=\"Suite Tafet\u00e1n : \u00e9l\u00e9gance et confort | Cotton House \u2013 Autograph Collection\" \/>\n<meta property=\"og:description\" content=\"La Suite Tafet\u00e1n de Cotton House allie l\u2019\u00e9l\u00e9gance et le confort \u00e0 des d\u00e9tails architecturaux historiques. Elle dispose d\u2019une superficie de 47 m2 avec vue sur la Gran V\u00eda, d\u2019un salon s\u00e9par\u00e9 et d\u2019une \u00e9l\u00e9gante salle de bains avec baignoire et douche.\" \/>\n<meta property=\"og:url\" content=\"http:\/\/hotelcottonhouse.com\/fr\/chambres-et-suites\/tafetan-suite\/\" \/>\n<meta property=\"og:site_name\" content=\"Cotton House \u2013 Autograph Collection\" \/>\n<meta property=\"article:modified_time\" content=\"2025-03-20T09:56:18+00:00\" \/>\n<meta property=\"og:image\" content=\"http:\/\/hotelcottonhouse.com\/wp-content\/uploads\/2025\/03\/TafetanSuite_CottonHouse-cama-scaled.jpg\" \/>\n\t<meta property=\"og:image:width\" content=\"2560\" \/>\n\t<meta property=\"og:image:height\" content=\"1440\" \/>\n\t<meta property=\"og:image:type\" content=\"image\/jpeg\" \/>\n<meta name=\"twitter:card\" content=\"summary_large_image\" \/>\n<meta name=\"twitter:label1\" content=\"Dur\u00e9e de lecture estim\u00e9e\" \/>\n\t<meta name=\"twitter:data1\" content=\"1 minute\" \/>\n<script type=\"application\/ld+json\" class=\"yoast-schema-graph\">{\"@context\":\"https:\/\/schema.org\",\"@graph\":[{\"@type\":\"WebPage\",\"@id\":\"http:\/\/hotelcottonhouse.com\/fr\/chambres-et-suites\/tafetan-suite\/\",\"url\":\"http:\/\/hotelcottonhouse.com\/fr\/chambres-et-suites\/tafetan-suite\/\",\"name\":\"Suite Tafet\u00e1n : \u00e9l\u00e9gance et confort | Cotton House \u2013 Autograph Collection\",\"isPartOf\":{\"@id\":\"https:\/\/hotelcottonhouse.com\/fr\/#website\"},\"primaryImageOfPage\":{\"@id\":\"http:\/\/hotelcottonhouse.com\/fr\/chambres-et-suites\/tafetan-suite\/#primaryimage\"},\"image\":{\"@id\":\"http:\/\/hotelcottonhouse.com\/fr\/chambres-et-suites\/tafetan-suite\/#primaryimage\"},\"thumbnailUrl\":\"http:\/\/hotelcottonhouse.com\/wp-content\/uploads\/2025\/03\/TafetanSuite_CottonHouse-cama-scaled.jpg\",\"datePublished\":\"2025-02-04T16:04:29+00:00\",\"dateModified\":\"2025-03-20T09:56:18+00:00\",\"description\":\"La Suite Tafet\u00e1n de Cotton House allie l\u2019\u00e9l\u00e9gance et le confort \u00e0 des d\u00e9tails architecturaux historiques. Elle dispose d\u2019une superficie de 47 m2 avec vue sur la Gran V\u00eda, d\u2019un salon s\u00e9par\u00e9 et d\u2019une \u00e9l\u00e9gante salle de bains avec baignoire et douche.\",\"breadcrumb\":{\"@id\":\"http:\/\/hotelcottonhouse.com\/fr\/chambres-et-suites\/tafetan-suite\/#breadcrumb\"},\"inLanguage\":\"fr-FR\",\"potentialAction\":[{\"@type\":\"ReadAction\",\"target\":[\"http:\/\/hotelcottonhouse.com\/fr\/chambres-et-suites\/tafetan-suite\/\"]}]},{\"@type\":\"ImageObject\",\"inLanguage\":\"fr-FR\",\"@id\":\"http:\/\/hotelcottonhouse.com\/fr\/chambres-et-suites\/tafetan-suite\/#primaryimage\",\"url\":\"http:\/\/hotelcottonhouse.com\/wp-content\/uploads\/2025\/03\/TafetanSuite_CottonHouse-cama-scaled.jpg\",\"contentUrl\":\"http:\/\/hotelcottonhouse.com\/wp-content\/uploads\/2025\/03\/TafetanSuite_CottonHouse-cama-scaled.jpg\",\"width\":2560,\"height\":1440,\"caption\":\"Amplio dormitorio de la Tafet\u00e1n Suite con cama king size, mural art\u00edstico y luz natural filtrada por cortinas transl\u00facidas.\"},{\"@type\":\"BreadcrumbList\",\"@id\":\"http:\/\/hotelcottonhouse.com\/fr\/chambres-et-suites\/tafetan-suite\/#breadcrumb\",\"itemListElement\":[{\"@type\":\"ListItem\",\"position\":1,\"name\":\"Portada\",\"item\":\"https:\/\/hotelcottonhouse.com\/fr\/\"},{\"@type\":\"ListItem\",\"position\":2,\"name\":\"Chambres\",\"item\":\"https:\/\/hotelcottonhouse.com\/fr\/chambres-et-suites\/\"},{\"@type\":\"ListItem\",\"position\":3,\"name\":\"Tafet\u00e1n\"}]},{\"@type\":\"WebSite\",\"@id\":\"https:\/\/hotelcottonhouse.com\/fr\/#website\",\"url\":\"https:\/\/hotelcottonhouse.com\/fr\/\",\"name\":\"Cotton House \u2013 Autograph Collection\",\"description\":\"Descubre Cotton House, un hotel boutique de lujo en Barcelona. Ubicado en un emblem\u00e1tico edificio neocl\u00e1sico, ofrece elegancia, confort y exclusividad con el sello Autograph Collection de Marriott. Disfruta de su sofisticado dise\u00f1o, restaurante Batuar y piscina en la azotea.\",\"potentialAction\":[{\"@type\":\"SearchAction\",\"target\":{\"@type\":\"EntryPoint\",\"urlTemplate\":\"https:\/\/hotelcottonhouse.com\/fr\/?s={search_term_string}\"},\"query-input\":{\"@type\":\"PropertyValueSpecification\",\"valueRequired\":true,\"valueName\":\"search_term_string\"}}],\"inLanguage\":\"fr-FR\"}]}<\/script>\n<!-- \/ Yoast SEO plugin. -->","yoast_head_json":{"title":"Suite Tafet\u00e1n : \u00e9l\u00e9gance et confort | Cotton House \u2013 Autograph Collection","description":"La Suite Tafet\u00e1n de Cotton House allie l\u2019\u00e9l\u00e9gance et le confort \u00e0 des d\u00e9tails architecturaux historiques. Elle dispose d\u2019une superficie de 47 m2 avec vue sur la Gran V\u00eda, d\u2019un salon s\u00e9par\u00e9 et d\u2019une \u00e9l\u00e9gante salle de bains avec baignoire et douche.","robots":{"index":"index","follow":"follow","max-snippet":"max-snippet:-1","max-image-preview":"max-image-preview:large","max-video-preview":"max-video-preview:-1"},"canonical":"http:\/\/hotelcottonhouse.com\/fr\/chambres-et-suites\/tafetan-suite\/","og_locale":"fr_FR","og_type":"article","og_title":"Suite Tafet\u00e1n : \u00e9l\u00e9gance et confort | Cotton House \u2013 Autograph Collection","og_description":"La Suite Tafet\u00e1n de Cotton House allie l\u2019\u00e9l\u00e9gance et le confort \u00e0 des d\u00e9tails architecturaux historiques. Elle dispose d\u2019une superficie de 47 m2 avec vue sur la Gran V\u00eda, d\u2019un salon s\u00e9par\u00e9 et d\u2019une \u00e9l\u00e9gante salle de bains avec baignoire et douche.","og_url":"http:\/\/hotelcottonhouse.com\/fr\/chambres-et-suites\/tafetan-suite\/","og_site_name":"Cotton House \u2013 Autograph Collection","article_modified_time":"2025-03-20T09:56:18+00:00","og_image":[{"width":2560,"height":1440,"url":"http:\/\/hotelcottonhouse.com\/wp-content\/uploads\/2025\/03\/TafetanSuite_CottonHouse-cama-scaled.jpg","type":"image\/jpeg"}],"twitter_card":"summary_large_image","twitter_misc":{"Dur\u00e9e de lecture estim\u00e9e":"1 minute"},"schema":{"@context":"https:\/\/schema.org","@graph":[{"@type":"WebPage","@id":"http:\/\/hotelcottonhouse.com\/fr\/chambres-et-suites\/tafetan-suite\/","url":"http:\/\/hotelcottonhouse.com\/fr\/chambres-et-suites\/tafetan-suite\/","name":"Suite Tafet\u00e1n : \u00e9l\u00e9gance et confort | Cotton House \u2013 Autograph Collection","isPartOf":{"@id":"https:\/\/hotelcottonhouse.com\/fr\/#website"},"primaryImageOfPage":{"@id":"http:\/\/hotelcottonhouse.com\/fr\/chambres-et-suites\/tafetan-suite\/#primaryimage"},"image":{"@id":"http:\/\/hotelcottonhouse.com\/fr\/chambres-et-suites\/tafetan-suite\/#primaryimage"},"thumbnailUrl":"http:\/\/hotelcottonhouse.com\/wp-content\/uploads\/2025\/03\/TafetanSuite_CottonHouse-cama-scaled.jpg","datePublished":"2025-02-04T16:04:29+00:00","dateModified":"2025-03-20T09:56:18+00:00","description":"La Suite Tafet\u00e1n de Cotton House allie l\u2019\u00e9l\u00e9gance et le confort \u00e0 des d\u00e9tails architecturaux historiques. Elle dispose d\u2019une superficie de 47 m2 avec vue sur la Gran V\u00eda, d\u2019un salon s\u00e9par\u00e9 et d\u2019une \u00e9l\u00e9gante salle de bains avec baignoire et douche.","breadcrumb":{"@id":"http:\/\/hotelcottonhouse.com\/fr\/chambres-et-suites\/tafetan-suite\/#breadcrumb"},"inLanguage":"fr-FR","potentialAction":[{"@type":"ReadAction","target":["http:\/\/hotelcottonhouse.com\/fr\/chambres-et-suites\/tafetan-suite\/"]}]},{"@type":"ImageObject","inLanguage":"fr-FR","@id":"http:\/\/hotelcottonhouse.com\/fr\/chambres-et-suites\/tafetan-suite\/#primaryimage","url":"http:\/\/hotelcottonhouse.com\/wp-content\/uploads\/2025\/03\/TafetanSuite_CottonHouse-cama-scaled.jpg","contentUrl":"http:\/\/hotelcottonhouse.com\/wp-content\/uploads\/2025\/03\/TafetanSuite_CottonHouse-cama-scaled.jpg","width":2560,"height":1440,"caption":"Amplio dormitorio de la Tafet\u00e1n Suite con cama king size, mural art\u00edstico y luz natural filtrada por cortinas transl\u00facidas."},{"@type":"BreadcrumbList","@id":"http:\/\/hotelcottonhouse.com\/fr\/chambres-et-suites\/tafetan-suite\/#breadcrumb","itemListElement":[{"@type":"ListItem","position":1,"name":"Portada","item":"https:\/\/hotelcottonhouse.com\/fr\/"},{"@type":"ListItem","position":2,"name":"Chambres","item":"https:\/\/hotelcottonhouse.com\/fr\/chambres-et-suites\/"},{"@type":"ListItem","position":3,"name":"Tafet\u00e1n"}]},{"@type":"WebSite","@id":"https:\/\/hotelcottonhouse.com\/fr\/#website","url":"https:\/\/hotelcottonhouse.com\/fr\/","name":"Cotton House \u2013 Autograph Collection","description":"Descubre Cotton House, un hotel boutique de lujo en Barcelona. Ubicado en un emblem\u00e1tico edificio neocl\u00e1sico, ofrece elegancia, confort y exclusividad con el sello Autograph Collection de Marriott. Disfruta de su sofisticado dise\u00f1o, restaurante Batuar y piscina en la azotea.","potentialAction":[{"@type":"SearchAction","target":{"@type":"EntryPoint","urlTemplate":"https:\/\/hotelcottonhouse.com\/fr\/?s={search_term_string}"},"query-input":{"@type":"PropertyValueSpecification","valueRequired":true,"valueName":"search_term_string"}}],"inLanguage":"fr-FR"}]}},"_links":{"self":[{"href":"http:\/\/hotelcottonhouse.com\/fr\/wp-json\/wp\/v2\/pages\/10925","targetHints":{"allow":["GET"]}}],"collection":[{"href":"http:\/\/hotelcottonhouse.com\/fr\/wp-json\/wp\/v2\/pages"}],"about":[{"href":"http:\/\/hotelcottonhouse.com\/fr\/wp-json\/wp\/v2\/types\/page"}],"author":[{"embeddable":true,"href":"http:\/\/hotelcottonhouse.com\/fr\/wp-json\/wp\/v2\/users\/1"}],"replies":[{"embeddable":true,"href":"http:\/\/hotelcottonhouse.com\/fr\/wp-json\/wp\/v2\/comments?post=10925"}],"version-history":[{"count":2,"href":"http:\/\/hotelcottonhouse.com\/fr\/wp-json\/wp\/v2\/pages\/10925\/revisions"}],"predecessor-version":[{"id":11045,"href":"http:\/\/hotelcottonhouse.com\/fr\/wp-json\/wp\/v2\/pages\/10925\/revisions\/11045"}],"up":[{"embeddable":true,"href":"http:\/\/hotelcottonhouse.com\/fr\/wp-json\/wp\/v2\/pages\/10876"}],"wp:featuredmedia":[{"embeddable":true,"href":"http:\/\/hotelcottonhouse.com\/fr\/wp-json\/wp\/v2\/media\/11942"}],"wp:attachment":[{"href":"http:\/\/hotelcottonhouse.com\/fr\/wp-json\/wp\/v2\/media?parent=10925"}],"wp:term":[{"taxonomy":"category","embeddable":true,"href":"http:\/\/hotelcottonhouse.com\/fr\/wp-json\/wp\/v2\/categories?post=10925"},{"taxonomy":"post_tag","embeddable":true,"href":"http:\/\/hotelcottonhouse.com\/fr\/wp-json\/wp\/v2\/tags?post=10925"}],"curies":[{"name":"wp","href":"https:\/\/api.w.org\/{rel}","templated":true}]}}