{"id":10849,"date":"2024-02-01T20:03:31","date_gmt":"2024-02-01T19:03:31","guid":{"rendered":"https:\/\/hotelcottonhouse.rkinnova.com\/?page_id=10849"},"modified":"2026-03-12T14:03:40","modified_gmt":"2026-03-12T13:03:40","slug":"hotel","status":"publish","type":"page","link":"https:\/\/hotelcottonhouse.com\/ca\/hotel\/","title":{"rendered":"The Hotel"},"content":{"rendered":"","protected":false},"excerpt":{"rendered":"","protected":false},"author":1,"featured_media":11760,"parent":0,"menu_order":1,"comment_status":"closed","ping_status":"closed","template":"hotel.php","meta":{"_acf_changed":false,"footnotes":""},"categories":[],"tags":[205,147,120,148,203,204,124,149,150,97,151,206,152,207],"class_list":["post-10849","page","type-page","status-publish","has-post-thumbnail","hentry","tag-allotjament-amb-historia-barcelona","tag-alojamiento-con-historia-barcelona-ca","tag-arquitectura-emblematica-barcelona-ca","tag-cotton-house-historia-ca","tag-hotel-amb-historia-barcelona","tag-hotel-boutique-amb-encant","tag-hotel-boutique-con-encanto-ca","tag-hotel-con-historia-barcelona-ca","tag-hotel-neoclasico-barcelona-ca","tag-hotel-neoclassic-barcelona","tag-lujo-y-tradicion-barcelona-ca","tag-luxe-i-tradicio-barcelona","tag-mejor-hotel-historico-barcelona-ca","tag-millor-hotel-historic-barcelona","entry"],"acf":[],"yoast_head":"<!-- This site is optimized with the Yoast SEO plugin v25.7 - https:\/\/yoast.com\/wordpress\/plugins\/seo\/ -->\n<title>Hist\u00f2ria i Eleg\u00e0ncia al Cor de Barcelona | Cotton House \u2013 Autograph Collection<\/title>\n<meta name=\"description\" content=\"Submergeix-te a la hist\u00f2ria del Cotton House, un hotel boutique a Barcelona que conserva l\u2019ess\u00e8ncia cotonera del segle XIX. Descobreix-ne l\u2019arquitectura neocl\u00e0ssica, els espais amb encant i un ambient exclusiu pensat per al teu confort.\" \/>\n<meta name=\"robots\" content=\"index, follow, max-snippet:-1, max-image-preview:large, max-video-preview:-1\" \/>\n<link rel=\"canonical\" href=\"https:\/\/hotelcottonhouse.com\/ca\/hotel\/\" \/>\n<meta property=\"og:locale\" content=\"ca_ES\" \/>\n<meta property=\"og:type\" content=\"article\" \/>\n<meta property=\"og:title\" content=\"Hist\u00f2ria i Eleg\u00e0ncia al Cor de Barcelona | Cotton House \u2013 Autograph Collection\" \/>\n<meta property=\"og:description\" content=\"Submergeix-te a la hist\u00f2ria del Cotton House, un hotel boutique a Barcelona que conserva l\u2019ess\u00e8ncia cotonera del segle XIX. Descobreix-ne l\u2019arquitectura neocl\u00e0ssica, els espais amb encant i un ambient exclusiu pensat per al teu confort.\" \/>\n<meta property=\"og:url\" content=\"https:\/\/hotelcottonhouse.com\/ca\/hotel\/\" \/>\n<meta property=\"og:site_name\" content=\"Cotton House \u2013 Autograph Collection\" \/>\n<meta property=\"article:modified_time\" content=\"2026-03-12T13:03:40+00:00\" \/>\n<meta property=\"og:image\" content=\"https:\/\/hotelcottonhouse.com\/wp-content\/uploads\/2025\/03\/Hotel_CottonHouse-scaled.jpg\" \/>\n\t<meta property=\"og:image:width\" content=\"2560\" \/>\n\t<meta property=\"og:image:height\" content=\"1707\" \/>\n\t<meta property=\"og:image:type\" content=\"image\/jpeg\" \/>\n<meta name=\"twitter:card\" content=\"summary_large_image\" \/>\n<meta name=\"twitter:label1\" content=\"Temps estimat de lectura\" \/>\n\t<meta name=\"twitter:data1\" content=\"1 minut\" \/>\n<script type=\"application\/ld+json\" class=\"yoast-schema-graph\">{\"@context\":\"https:\/\/schema.org\",\"@graph\":[{\"@type\":\"WebPage\",\"@id\":\"https:\/\/hotelcottonhouse.com\/ca\/hotel\/\",\"url\":\"https:\/\/hotelcottonhouse.com\/ca\/hotel\/\",\"name\":\"Hist\u00f2ria i Eleg\u00e0ncia al Cor de Barcelona | Cotton House \u2013 Autograph Collection\",\"isPartOf\":{\"@id\":\"https:\/\/hotelcottonhouse.com\/ca\/#website\"},\"primaryImageOfPage\":{\"@id\":\"https:\/\/hotelcottonhouse.com\/ca\/hotel\/#primaryimage\"},\"image\":{\"@id\":\"https:\/\/hotelcottonhouse.com\/ca\/hotel\/#primaryimage\"},\"thumbnailUrl\":\"https:\/\/hotelcottonhouse.com\/wp-content\/uploads\/2025\/03\/Hotel_CottonHouse-scaled.jpg\",\"datePublished\":\"2024-02-01T19:03:31+00:00\",\"dateModified\":\"2026-03-12T13:03:40+00:00\",\"description\":\"Submergeix-te a la hist\u00f2ria del Cotton House, un hotel boutique a Barcelona que conserva l\u2019ess\u00e8ncia cotonera del segle XIX. Descobreix-ne l\u2019arquitectura neocl\u00e0ssica, els espais amb encant i un ambient exclusiu pensat per al teu confort.\",\"breadcrumb\":{\"@id\":\"https:\/\/hotelcottonhouse.com\/ca\/hotel\/#breadcrumb\"},\"inLanguage\":\"ca\",\"potentialAction\":[{\"@type\":\"ReadAction\",\"target\":[\"https:\/\/hotelcottonhouse.com\/ca\/hotel\/\"]}]},{\"@type\":\"ImageObject\",\"inLanguage\":\"ca\",\"@id\":\"https:\/\/hotelcottonhouse.com\/ca\/hotel\/#primaryimage\",\"url\":\"https:\/\/hotelcottonhouse.com\/wp-content\/uploads\/2025\/03\/Hotel_CottonHouse-scaled.jpg\",\"contentUrl\":\"https:\/\/hotelcottonhouse.com\/wp-content\/uploads\/2025\/03\/Hotel_CottonHouse-scaled.jpg\",\"width\":2560,\"height\":1707,\"caption\":\"Ubicado en la antigua sede algodonera, este hotel boutique captura la esencia de la \u00e9poca dorada de la Ciudad Condal. Una experiencia de cinco estrellas en un edificio neocl\u00e1sico del siglo XIX, referente arquitect\u00f3nico de Barcelona.\"},{\"@type\":\"BreadcrumbList\",\"@id\":\"https:\/\/hotelcottonhouse.com\/ca\/hotel\/#breadcrumb\",\"itemListElement\":[{\"@type\":\"ListItem\",\"position\":1,\"name\":\"Portada\",\"item\":\"https:\/\/hotelcottonhouse.com\/ca\/\"},{\"@type\":\"ListItem\",\"position\":2,\"name\":\"The Hotel\"}]},{\"@type\":\"WebSite\",\"@id\":\"https:\/\/hotelcottonhouse.com\/ca\/#website\",\"url\":\"https:\/\/hotelcottonhouse.com\/ca\/\",\"name\":\"Cotton House \u2013 Autograph Collection\",\"description\":\"Descubre Cotton House, un hotel boutique de lujo en Barcelona. Ubicado en un emblem\u00e1tico edificio neocl\u00e1sico, ofrece elegancia, confort y exclusividad con el sello Autograph Collection de Marriott. Disfruta de su sofisticado dise\u00f1o, restaurante Batuar y piscina en la azotea.\",\"potentialAction\":[{\"@type\":\"SearchAction\",\"target\":{\"@type\":\"EntryPoint\",\"urlTemplate\":\"https:\/\/hotelcottonhouse.com\/ca\/?s={search_term_string}\"},\"query-input\":{\"@type\":\"PropertyValueSpecification\",\"valueRequired\":true,\"valueName\":\"search_term_string\"}}],\"inLanguage\":\"ca\"}]}<\/script>\n<!-- \/ Yoast SEO plugin. -->","yoast_head_json":{"title":"Hist\u00f2ria i Eleg\u00e0ncia al Cor de Barcelona | Cotton House \u2013 Autograph Collection","description":"Submergeix-te a la hist\u00f2ria del Cotton House, un hotel boutique a Barcelona que conserva l\u2019ess\u00e8ncia cotonera del segle XIX. Descobreix-ne l\u2019arquitectura neocl\u00e0ssica, els espais amb encant i un ambient exclusiu pensat per al teu confort.","robots":{"index":"index","follow":"follow","max-snippet":"max-snippet:-1","max-image-preview":"max-image-preview:large","max-video-preview":"max-video-preview:-1"},"canonical":"https:\/\/hotelcottonhouse.com\/ca\/hotel\/","og_locale":"ca_ES","og_type":"article","og_title":"Hist\u00f2ria i Eleg\u00e0ncia al Cor de Barcelona | Cotton House \u2013 Autograph Collection","og_description":"Submergeix-te a la hist\u00f2ria del Cotton House, un hotel boutique a Barcelona que conserva l\u2019ess\u00e8ncia cotonera del segle XIX. Descobreix-ne l\u2019arquitectura neocl\u00e0ssica, els espais amb encant i un ambient exclusiu pensat per al teu confort.","og_url":"https:\/\/hotelcottonhouse.com\/ca\/hotel\/","og_site_name":"Cotton House \u2013 Autograph Collection","article_modified_time":"2026-03-12T13:03:40+00:00","og_image":[{"width":2560,"height":1707,"url":"https:\/\/hotelcottonhouse.com\/wp-content\/uploads\/2025\/03\/Hotel_CottonHouse-scaled.jpg","type":"image\/jpeg"}],"twitter_card":"summary_large_image","twitter_misc":{"Temps estimat de lectura":"1 minut"},"schema":{"@context":"https:\/\/schema.org","@graph":[{"@type":"WebPage","@id":"https:\/\/hotelcottonhouse.com\/ca\/hotel\/","url":"https:\/\/hotelcottonhouse.com\/ca\/hotel\/","name":"Hist\u00f2ria i Eleg\u00e0ncia al Cor de Barcelona | Cotton House \u2013 Autograph Collection","isPartOf":{"@id":"https:\/\/hotelcottonhouse.com\/ca\/#website"},"primaryImageOfPage":{"@id":"https:\/\/hotelcottonhouse.com\/ca\/hotel\/#primaryimage"},"image":{"@id":"https:\/\/hotelcottonhouse.com\/ca\/hotel\/#primaryimage"},"thumbnailUrl":"https:\/\/hotelcottonhouse.com\/wp-content\/uploads\/2025\/03\/Hotel_CottonHouse-scaled.jpg","datePublished":"2024-02-01T19:03:31+00:00","dateModified":"2026-03-12T13:03:40+00:00","description":"Submergeix-te a la hist\u00f2ria del Cotton House, un hotel boutique a Barcelona que conserva l\u2019ess\u00e8ncia cotonera del segle XIX. Descobreix-ne l\u2019arquitectura neocl\u00e0ssica, els espais amb encant i un ambient exclusiu pensat per al teu confort.","breadcrumb":{"@id":"https:\/\/hotelcottonhouse.com\/ca\/hotel\/#breadcrumb"},"inLanguage":"ca","potentialAction":[{"@type":"ReadAction","target":["https:\/\/hotelcottonhouse.com\/ca\/hotel\/"]}]},{"@type":"ImageObject","inLanguage":"ca","@id":"https:\/\/hotelcottonhouse.com\/ca\/hotel\/#primaryimage","url":"https:\/\/hotelcottonhouse.com\/wp-content\/uploads\/2025\/03\/Hotel_CottonHouse-scaled.jpg","contentUrl":"https:\/\/hotelcottonhouse.com\/wp-content\/uploads\/2025\/03\/Hotel_CottonHouse-scaled.jpg","width":2560,"height":1707,"caption":"Ubicado en la antigua sede algodonera, este hotel boutique captura la esencia de la \u00e9poca dorada de la Ciudad Condal. Una experiencia de cinco estrellas en un edificio neocl\u00e1sico del siglo XIX, referente arquitect\u00f3nico de Barcelona."},{"@type":"BreadcrumbList","@id":"https:\/\/hotelcottonhouse.com\/ca\/hotel\/#breadcrumb","itemListElement":[{"@type":"ListItem","position":1,"name":"Portada","item":"https:\/\/hotelcottonhouse.com\/ca\/"},{"@type":"ListItem","position":2,"name":"The Hotel"}]},{"@type":"WebSite","@id":"https:\/\/hotelcottonhouse.com\/ca\/#website","url":"https:\/\/hotelcottonhouse.com\/ca\/","name":"Cotton House \u2013 Autograph Collection","description":"Descubre Cotton House, un hotel boutique de lujo en Barcelona. Ubicado en un emblem\u00e1tico edificio neocl\u00e1sico, ofrece elegancia, confort y exclusividad con el sello Autograph Collection de Marriott. Disfruta de su sofisticado dise\u00f1o, restaurante Batuar y piscina en la azotea.","potentialAction":[{"@type":"SearchAction","target":{"@type":"EntryPoint","urlTemplate":"https:\/\/hotelcottonhouse.com\/ca\/?s={search_term_string}"},"query-input":{"@type":"PropertyValueSpecification","valueRequired":true,"valueName":"search_term_string"}}],"inLanguage":"ca"}]}},"_links":{"self":[{"href":"https:\/\/hotelcottonhouse.com\/ca\/wp-json\/wp\/v2\/pages\/10849","targetHints":{"allow":["GET"]}}],"collection":[{"href":"https:\/\/hotelcottonhouse.com\/ca\/wp-json\/wp\/v2\/pages"}],"about":[{"href":"https:\/\/hotelcottonhouse.com\/ca\/wp-json\/wp\/v2\/types\/page"}],"author":[{"embeddable":true,"href":"https:\/\/hotelcottonhouse.com\/ca\/wp-json\/wp\/v2\/users\/1"}],"replies":[{"embeddable":true,"href":"https:\/\/hotelcottonhouse.com\/ca\/wp-json\/wp\/v2\/comments?post=10849"}],"version-history":[{"count":10,"href":"https:\/\/hotelcottonhouse.com\/ca\/wp-json\/wp\/v2\/pages\/10849\/revisions"}],"predecessor-version":[{"id":20208,"href":"https:\/\/hotelcottonhouse.com\/ca\/wp-json\/wp\/v2\/pages\/10849\/revisions\/20208"}],"wp:featuredmedia":[{"embeddable":true,"href":"https:\/\/hotelcottonhouse.com\/ca\/wp-json\/wp\/v2\/media\/11760"}],"wp:attachment":[{"href":"https:\/\/hotelcottonhouse.com\/ca\/wp-json\/wp\/v2\/media?parent=10849"}],"wp:term":[{"taxonomy":"category","embeddable":true,"href":"https:\/\/hotelcottonhouse.com\/ca\/wp-json\/wp\/v2\/categories?post=10849"},{"taxonomy":"post_tag","embeddable":true,"href":"https:\/\/hotelcottonhouse.com\/ca\/wp-json\/wp\/v2\/tags?post=10849"}],"curies":[{"name":"wp","href":"https:\/\/api.w.org\/{rel}","templated":true}]}}