{"id":10852,"date":"2024-02-02T18:53:35","date_gmt":"2024-02-02T17:53:35","guid":{"rendered":"https:\/\/hotelcottonhouse.rkinnova.com\/?page_id=10852"},"modified":"2025-05-28T16:18:44","modified_gmt":"2025-05-28T14:18:44","slug":"historia","status":"publish","type":"page","link":"https:\/\/hotelcottonhouse.com\/ca\/historia\/","title":{"rendered":"Hist\u00f2ria"},"content":{"rendered":"","protected":false},"excerpt":{"rendered":"","protected":false},"author":1,"featured_media":11812,"parent":0,"menu_order":60,"comment_status":"closed","ping_status":"closed","template":"historia.php","meta":{"_acf_changed":false,"footnotes":""},"categories":[],"tags":[120,121,210,209,122,123,213,204,124,125,208,126,127,212,128,211],"class_list":["post-10852","page","type-page","status-publish","has-post-thumbnail","hentry","tag-arquitectura-emblematica-barcelona-ca","tag-casa-del-algodon-ca","tag-casa-del-coto","tag-edifici-neoclassic-barcelona","tag-edificio-neoclasico-barcelona-ca","tag-historia-cotton-house-ca","tag-hotel-amb-patrimoni-barcelona","tag-hotel-boutique-amb-encant","tag-hotel-boutique-con-encanto-ca","tag-hotel-con-patrimonio-barcelona-ca","tag-hotel-historic-barcelona","tag-hotel-historico-barcelona-ca","tag-lujo-con-historia-ca","tag-luxe-amb-historia","tag-palacete-boada-ca","tag-palauet-boada","entry"],"acf":[],"yoast_head":"<!-- This site is optimized with the Yoast SEO plugin v25.7 - https:\/\/yoast.com\/wordpress\/plugins\/seo\/ -->\n<title>La Hist\u00f2ria de l\u2019hotel Cotton House | Cotton House \u2013 Autograph Collection<\/title>\n<meta name=\"description\" content=\"Descobreix la hist\u00f2ria del Cotton House Hotel a Barcelona, un edifici neocl\u00e0ssic amb m\u00e9s d\u2019un segle d\u2019eleg\u00e0ncia. Des del palauet Boada fins a la Casa del Cot\u00f3, avui \u00e9s un referent de luxe contemporani amb her\u00e8ncia cotonera.\" \/>\n<meta name=\"robots\" content=\"index, follow, max-snippet:-1, max-image-preview:large, max-video-preview:-1\" \/>\n<link rel=\"canonical\" href=\"https:\/\/hotelcottonhouse.com\/ca\/historia\/\" \/>\n<meta property=\"og:locale\" content=\"ca_ES\" \/>\n<meta property=\"og:type\" content=\"article\" \/>\n<meta property=\"og:title\" content=\"La Hist\u00f2ria de l\u2019hotel Cotton House | Cotton House \u2013 Autograph Collection\" \/>\n<meta property=\"og:description\" content=\"Descobreix la hist\u00f2ria del Cotton House Hotel a Barcelona, un edifici neocl\u00e0ssic amb m\u00e9s d\u2019un segle d\u2019eleg\u00e0ncia. Des del palauet Boada fins a la Casa del Cot\u00f3, avui \u00e9s un referent de luxe contemporani amb her\u00e8ncia cotonera.\" \/>\n<meta property=\"og:url\" content=\"https:\/\/hotelcottonhouse.com\/ca\/historia\/\" \/>\n<meta property=\"og:site_name\" content=\"Cotton House \u2013 Autograph Collection\" \/>\n<meta property=\"article:modified_time\" content=\"2025-05-28T14:18:44+00:00\" \/>\n<meta property=\"og:image\" content=\"http:\/\/hotelcottonhouse.com\/wp-content\/uploads\/2025\/03\/Fachada_CottonHouse-scaled.jpg\" \/>\n\t<meta property=\"og:image:width\" content=\"2560\" \/>\n\t<meta property=\"og:image:height\" content=\"1704\" \/>\n\t<meta property=\"og:image:type\" content=\"image\/jpeg\" \/>\n<meta name=\"twitter:card\" content=\"summary_large_image\" \/>\n<meta name=\"twitter:label1\" content=\"Temps estimat de lectura\" \/>\n\t<meta name=\"twitter:data1\" content=\"1 minut\" \/>\n<script type=\"application\/ld+json\" class=\"yoast-schema-graph\">{\"@context\":\"https:\/\/schema.org\",\"@graph\":[{\"@type\":\"WebPage\",\"@id\":\"https:\/\/hotelcottonhouse.com\/ca\/historia\/\",\"url\":\"https:\/\/hotelcottonhouse.com\/ca\/historia\/\",\"name\":\"La Hist\u00f2ria de l\u2019hotel Cotton House | Cotton House \u2013 Autograph Collection\",\"isPartOf\":{\"@id\":\"https:\/\/hotelcottonhouse.com\/ca\/#website\"},\"primaryImageOfPage\":{\"@id\":\"https:\/\/hotelcottonhouse.com\/ca\/historia\/#primaryimage\"},\"image\":{\"@id\":\"https:\/\/hotelcottonhouse.com\/ca\/historia\/#primaryimage\"},\"thumbnailUrl\":\"https:\/\/hotelcottonhouse.com\/wp-content\/uploads\/2025\/03\/Fachada_CottonHouse-scaled.jpg\",\"datePublished\":\"2024-02-02T17:53:35+00:00\",\"dateModified\":\"2025-05-28T14:18:44+00:00\",\"description\":\"Descobreix la hist\u00f2ria del Cotton House Hotel a Barcelona, un edifici neocl\u00e0ssic amb m\u00e9s d\u2019un segle d\u2019eleg\u00e0ncia. Des del palauet Boada fins a la Casa del Cot\u00f3, avui \u00e9s un referent de luxe contemporani amb her\u00e8ncia cotonera.\",\"breadcrumb\":{\"@id\":\"https:\/\/hotelcottonhouse.com\/ca\/historia\/#breadcrumb\"},\"inLanguage\":\"ca\",\"potentialAction\":[{\"@type\":\"ReadAction\",\"target\":[\"https:\/\/hotelcottonhouse.com\/ca\/historia\/\"]}]},{\"@type\":\"ImageObject\",\"inLanguage\":\"ca\",\"@id\":\"https:\/\/hotelcottonhouse.com\/ca\/historia\/#primaryimage\",\"url\":\"https:\/\/hotelcottonhouse.com\/wp-content\/uploads\/2025\/03\/Fachada_CottonHouse-scaled.jpg\",\"contentUrl\":\"https:\/\/hotelcottonhouse.com\/wp-content\/uploads\/2025\/03\/Fachada_CottonHouse-scaled.jpg\",\"width\":2560,\"height\":1704,\"caption\":\"Cotton House ofrece 83 habitaciones, cinco suites, espacios como la Biblioteca o el Atelier, una terraza i una cuidada oferta gastron\u00f3mica en su restaurante Batuar\"},{\"@type\":\"BreadcrumbList\",\"@id\":\"https:\/\/hotelcottonhouse.com\/ca\/historia\/#breadcrumb\",\"itemListElement\":[{\"@type\":\"ListItem\",\"position\":1,\"name\":\"Portada\",\"item\":\"https:\/\/hotelcottonhouse.com\/ca\/\"},{\"@type\":\"ListItem\",\"position\":2,\"name\":\"Hist\u00f2ria\"}]},{\"@type\":\"WebSite\",\"@id\":\"https:\/\/hotelcottonhouse.com\/ca\/#website\",\"url\":\"https:\/\/hotelcottonhouse.com\/ca\/\",\"name\":\"Cotton House \u2013 Autograph Collection\",\"description\":\"Descubre Cotton House, un hotel boutique de lujo en Barcelona. Ubicado en un emblem\u00e1tico edificio neocl\u00e1sico, ofrece elegancia, confort y exclusividad con el sello Autograph Collection de Marriott. Disfruta de su sofisticado dise\u00f1o, restaurante Batuar y piscina en la azotea.\",\"potentialAction\":[{\"@type\":\"SearchAction\",\"target\":{\"@type\":\"EntryPoint\",\"urlTemplate\":\"https:\/\/hotelcottonhouse.com\/ca\/?s={search_term_string}\"},\"query-input\":{\"@type\":\"PropertyValueSpecification\",\"valueRequired\":true,\"valueName\":\"search_term_string\"}}],\"inLanguage\":\"ca\"}]}<\/script>\n<!-- \/ Yoast SEO plugin. -->","yoast_head_json":{"title":"La Hist\u00f2ria de l\u2019hotel Cotton House | Cotton House \u2013 Autograph Collection","description":"Descobreix la hist\u00f2ria del Cotton House Hotel a Barcelona, un edifici neocl\u00e0ssic amb m\u00e9s d\u2019un segle d\u2019eleg\u00e0ncia. Des del palauet Boada fins a la Casa del Cot\u00f3, avui \u00e9s un referent de luxe contemporani amb her\u00e8ncia cotonera.","robots":{"index":"index","follow":"follow","max-snippet":"max-snippet:-1","max-image-preview":"max-image-preview:large","max-video-preview":"max-video-preview:-1"},"canonical":"https:\/\/hotelcottonhouse.com\/ca\/historia\/","og_locale":"ca_ES","og_type":"article","og_title":"La Hist\u00f2ria de l\u2019hotel Cotton House | Cotton House \u2013 Autograph Collection","og_description":"Descobreix la hist\u00f2ria del Cotton House Hotel a Barcelona, un edifici neocl\u00e0ssic amb m\u00e9s d\u2019un segle d\u2019eleg\u00e0ncia. Des del palauet Boada fins a la Casa del Cot\u00f3, avui \u00e9s un referent de luxe contemporani amb her\u00e8ncia cotonera.","og_url":"https:\/\/hotelcottonhouse.com\/ca\/historia\/","og_site_name":"Cotton House \u2013 Autograph Collection","article_modified_time":"2025-05-28T14:18:44+00:00","og_image":[{"width":2560,"height":1704,"url":"http:\/\/hotelcottonhouse.com\/wp-content\/uploads\/2025\/03\/Fachada_CottonHouse-scaled.jpg","type":"image\/jpeg"}],"twitter_card":"summary_large_image","twitter_misc":{"Temps estimat de lectura":"1 minut"},"schema":{"@context":"https:\/\/schema.org","@graph":[{"@type":"WebPage","@id":"https:\/\/hotelcottonhouse.com\/ca\/historia\/","url":"https:\/\/hotelcottonhouse.com\/ca\/historia\/","name":"La Hist\u00f2ria de l\u2019hotel Cotton House | Cotton House \u2013 Autograph Collection","isPartOf":{"@id":"https:\/\/hotelcottonhouse.com\/ca\/#website"},"primaryImageOfPage":{"@id":"https:\/\/hotelcottonhouse.com\/ca\/historia\/#primaryimage"},"image":{"@id":"https:\/\/hotelcottonhouse.com\/ca\/historia\/#primaryimage"},"thumbnailUrl":"https:\/\/hotelcottonhouse.com\/wp-content\/uploads\/2025\/03\/Fachada_CottonHouse-scaled.jpg","datePublished":"2024-02-02T17:53:35+00:00","dateModified":"2025-05-28T14:18:44+00:00","description":"Descobreix la hist\u00f2ria del Cotton House Hotel a Barcelona, un edifici neocl\u00e0ssic amb m\u00e9s d\u2019un segle d\u2019eleg\u00e0ncia. Des del palauet Boada fins a la Casa del Cot\u00f3, avui \u00e9s un referent de luxe contemporani amb her\u00e8ncia cotonera.","breadcrumb":{"@id":"https:\/\/hotelcottonhouse.com\/ca\/historia\/#breadcrumb"},"inLanguage":"ca","potentialAction":[{"@type":"ReadAction","target":["https:\/\/hotelcottonhouse.com\/ca\/historia\/"]}]},{"@type":"ImageObject","inLanguage":"ca","@id":"https:\/\/hotelcottonhouse.com\/ca\/historia\/#primaryimage","url":"https:\/\/hotelcottonhouse.com\/wp-content\/uploads\/2025\/03\/Fachada_CottonHouse-scaled.jpg","contentUrl":"https:\/\/hotelcottonhouse.com\/wp-content\/uploads\/2025\/03\/Fachada_CottonHouse-scaled.jpg","width":2560,"height":1704,"caption":"Cotton House ofrece 83 habitaciones, cinco suites, espacios como la Biblioteca o el Atelier, una terraza i una cuidada oferta gastron\u00f3mica en su restaurante Batuar"},{"@type":"BreadcrumbList","@id":"https:\/\/hotelcottonhouse.com\/ca\/historia\/#breadcrumb","itemListElement":[{"@type":"ListItem","position":1,"name":"Portada","item":"https:\/\/hotelcottonhouse.com\/ca\/"},{"@type":"ListItem","position":2,"name":"Hist\u00f2ria"}]},{"@type":"WebSite","@id":"https:\/\/hotelcottonhouse.com\/ca\/#website","url":"https:\/\/hotelcottonhouse.com\/ca\/","name":"Cotton House \u2013 Autograph Collection","description":"Descubre Cotton House, un hotel boutique de lujo en Barcelona. Ubicado en un emblem\u00e1tico edificio neocl\u00e1sico, ofrece elegancia, confort y exclusividad con el sello Autograph Collection de Marriott. Disfruta de su sofisticado dise\u00f1o, restaurante Batuar y piscina en la azotea.","potentialAction":[{"@type":"SearchAction","target":{"@type":"EntryPoint","urlTemplate":"https:\/\/hotelcottonhouse.com\/ca\/?s={search_term_string}"},"query-input":{"@type":"PropertyValueSpecification","valueRequired":true,"valueName":"search_term_string"}}],"inLanguage":"ca"}]}},"_links":{"self":[{"href":"https:\/\/hotelcottonhouse.com\/ca\/wp-json\/wp\/v2\/pages\/10852","targetHints":{"allow":["GET"]}}],"collection":[{"href":"https:\/\/hotelcottonhouse.com\/ca\/wp-json\/wp\/v2\/pages"}],"about":[{"href":"https:\/\/hotelcottonhouse.com\/ca\/wp-json\/wp\/v2\/types\/page"}],"author":[{"embeddable":true,"href":"https:\/\/hotelcottonhouse.com\/ca\/wp-json\/wp\/v2\/users\/1"}],"replies":[{"embeddable":true,"href":"https:\/\/hotelcottonhouse.com\/ca\/wp-json\/wp\/v2\/comments?post=10852"}],"version-history":[{"count":6,"href":"https:\/\/hotelcottonhouse.com\/ca\/wp-json\/wp\/v2\/pages\/10852\/revisions"}],"predecessor-version":[{"id":18461,"href":"https:\/\/hotelcottonhouse.com\/ca\/wp-json\/wp\/v2\/pages\/10852\/revisions\/18461"}],"wp:featuredmedia":[{"embeddable":true,"href":"https:\/\/hotelcottonhouse.com\/ca\/wp-json\/wp\/v2\/media\/11812"}],"wp:attachment":[{"href":"https:\/\/hotelcottonhouse.com\/ca\/wp-json\/wp\/v2\/media?parent=10852"}],"wp:term":[{"taxonomy":"category","embeddable":true,"href":"https:\/\/hotelcottonhouse.com\/ca\/wp-json\/wp\/v2\/categories?post=10852"},{"taxonomy":"post_tag","embeddable":true,"href":"https:\/\/hotelcottonhouse.com\/ca\/wp-json\/wp\/v2\/tags?post=10852"}],"curies":[{"name":"wp","href":"https:\/\/api.w.org\/{rel}","templated":true}]}}