{"id":10860,"date":"2025-02-17T23:16:47","date_gmt":"2025-02-17T22:16:47","guid":{"rendered":"https:\/\/hotelcottonhouse.rkinnova.com\/?page_id=10860"},"modified":"2025-03-20T12:53:47","modified_gmt":"2025-03-20T11:53:47","slug":"latelier","status":"publish","type":"page","link":"https:\/\/hotelcottonhouse.com\/ca\/serveis-hostes\/latelier\/","title":{"rendered":"L&#8217;Atelier"},"content":{"rendered":"","protected":false},"excerpt":{"rendered":"","protected":false},"author":1,"featured_media":11746,"parent":10855,"menu_order":72,"comment_status":"closed","ping_status":"closed","template":"atelier.php","meta":{"_acf_changed":false,"footnotes":""},"categories":[],"tags":[217,154,161,100,155,95,99,162,214,163,164,218,165,216,167,215,168,169],"class_list":["post-10860","page","type-page","status-publish","has-post-thumbnail","hentry","tag-allotjament-cinc-estrelles","tag-biblioteca-historica-barcelona-ca","tag-confeccion-personalizada-ca","tag-cotton-house-barcelona-ca","tag-experiencia-exclusiva-barcelona-ca","tag-hotel-amb-piscina-barcelona","tag-hotel-boutique-barcelona-ca","tag-hotel-con-sastreria-ca","tag-installacions-hotel-de-luxe","tag-latelier-cotton-house-ca","tag-lujo-y-artesania-ca","tag-luxe-i-confort-barcelona","tag-santa-eulalia-barcelona-ca","tag-sastreria-a-mida-hotel","tag-servicio-exclusivo-hotel-ca","tag-terrassa-amb-restaurant-barcelona","tag-tradicion-textil-barcelona-ca","tag-trajes-a-medida-barcelona-ca","entry"],"acf":[],"yoast_head":"<!-- This site is optimized with the Yoast SEO plugin v25.7 - https:\/\/yoast.com\/wordpress\/plugins\/seo\/ -->\n<title>Serveis Exclusius per a una Estada de Luxe | Cotton House \u2013 Autograph Collection<\/title>\n<meta name=\"description\" content=\"&quot;Descobreix les elegants instal\u00b7lacions del Cotton House a Barcelona. Biblioteca hist\u00f2rica, terrassa amb cuina internacional, piscina a l\u2019aire lliure i servei de sastreria a mida a un hotel boutique de luxe.&quot;\" \/>\n<meta name=\"robots\" content=\"index, follow, max-snippet:-1, max-image-preview:large, max-video-preview:-1\" \/>\n<link rel=\"canonical\" href=\"https:\/\/hotelcottonhouse.com\/ca\/serveis-hostes\/latelier\/\" \/>\n<meta property=\"og:locale\" content=\"ca_ES\" \/>\n<meta property=\"og:type\" content=\"article\" \/>\n<meta property=\"og:title\" content=\"Serveis Exclusius per a una Estada de Luxe | Cotton House \u2013 Autograph Collection\" \/>\n<meta property=\"og:description\" content=\"&quot;Descobreix les elegants instal\u00b7lacions del Cotton House a Barcelona. Biblioteca hist\u00f2rica, terrassa amb cuina internacional, piscina a l\u2019aire lliure i servei de sastreria a mida a un hotel boutique de luxe.&quot;\" \/>\n<meta property=\"og:url\" content=\"https:\/\/hotelcottonhouse.com\/ca\/serveis-hostes\/latelier\/\" \/>\n<meta property=\"og:site_name\" content=\"Cotton House \u2013 Autograph Collection\" \/>\n<meta property=\"article:modified_time\" content=\"2025-03-20T11:53:47+00:00\" \/>\n<meta property=\"og:image\" content=\"https:\/\/hotelcottonhouse.com\/wp-content\/uploads\/2025\/03\/Atelier_CottonHouse-scaled.jpg\" \/>\n\t<meta property=\"og:image:width\" content=\"2560\" \/>\n\t<meta property=\"og:image:height\" content=\"1747\" \/>\n\t<meta property=\"og:image:type\" content=\"image\/jpeg\" \/>\n<meta name=\"twitter:card\" content=\"summary_large_image\" \/>\n<meta name=\"twitter:label1\" content=\"Temps estimat de lectura\" \/>\n\t<meta name=\"twitter:data1\" content=\"1 minut\" \/>\n<script type=\"application\/ld+json\" class=\"yoast-schema-graph\">{\"@context\":\"https:\/\/schema.org\",\"@graph\":[{\"@type\":\"WebPage\",\"@id\":\"https:\/\/hotelcottonhouse.com\/ca\/serveis-hostes\/latelier\/\",\"url\":\"https:\/\/hotelcottonhouse.com\/ca\/serveis-hostes\/latelier\/\",\"name\":\"Serveis Exclusius per a una Estada de Luxe | Cotton House \u2013 Autograph Collection\",\"isPartOf\":{\"@id\":\"https:\/\/hotelcottonhouse.com\/ca\/#website\"},\"primaryImageOfPage\":{\"@id\":\"https:\/\/hotelcottonhouse.com\/ca\/serveis-hostes\/latelier\/#primaryimage\"},\"image\":{\"@id\":\"https:\/\/hotelcottonhouse.com\/ca\/serveis-hostes\/latelier\/#primaryimage\"},\"thumbnailUrl\":\"https:\/\/hotelcottonhouse.com\/wp-content\/uploads\/2025\/03\/Atelier_CottonHouse-scaled.jpg\",\"datePublished\":\"2025-02-17T22:16:47+00:00\",\"dateModified\":\"2025-03-20T11:53:47+00:00\",\"description\":\"\\\"Descobreix les elegants instal\u00b7lacions del Cotton House a Barcelona. Biblioteca hist\u00f2rica, terrassa amb cuina internacional, piscina a l\u2019aire lliure i servei de sastreria a mida a un hotel boutique de luxe.\\\"\",\"breadcrumb\":{\"@id\":\"https:\/\/hotelcottonhouse.com\/ca\/serveis-hostes\/latelier\/#breadcrumb\"},\"inLanguage\":\"ca\",\"potentialAction\":[{\"@type\":\"ReadAction\",\"target\":[\"https:\/\/hotelcottonhouse.com\/ca\/serveis-hostes\/latelier\/\"]}]},{\"@type\":\"ImageObject\",\"inLanguage\":\"ca\",\"@id\":\"https:\/\/hotelcottonhouse.com\/ca\/serveis-hostes\/latelier\/#primaryimage\",\"url\":\"https:\/\/hotelcottonhouse.com\/wp-content\/uploads\/2025\/03\/Atelier_CottonHouse-scaled.jpg\",\"contentUrl\":\"https:\/\/hotelcottonhouse.com\/wp-content\/uploads\/2025\/03\/Atelier_CottonHouse-scaled.jpg\",\"width\":2560,\"height\":1747,\"caption\":\"El hotel mantiene viva esta tradici\u00f3n ofreciendo a sus hu\u00e9spedes un servicio de sastrer\u00eda a medida de la mano de Santa Eulalia, expertos en sastrer\u00eda desde 1843. Bajo petici\u00f3n, un profesional se desplazar\u00e1 a l\u2019Atelier para tomar las medidas, asesorar y elegir los tejidos y los detalles para confeccionar las prendas.\"},{\"@type\":\"BreadcrumbList\",\"@id\":\"https:\/\/hotelcottonhouse.com\/ca\/serveis-hostes\/latelier\/#breadcrumb\",\"itemListElement\":[{\"@type\":\"ListItem\",\"position\":1,\"name\":\"Portada\",\"item\":\"https:\/\/hotelcottonhouse.com\/ca\/\"},{\"@type\":\"ListItem\",\"position\":2,\"name\":\"Serveis\",\"item\":\"https:\/\/hotelcottonhouse.com\/ca\/serveis-hostes\/\"},{\"@type\":\"ListItem\",\"position\":3,\"name\":\"L&#8217;Atelier\"}]},{\"@type\":\"WebSite\",\"@id\":\"https:\/\/hotelcottonhouse.com\/ca\/#website\",\"url\":\"https:\/\/hotelcottonhouse.com\/ca\/\",\"name\":\"Cotton House \u2013 Autograph Collection\",\"description\":\"Descubre Cotton House, un hotel boutique de lujo en Barcelona. Ubicado en un emblem\u00e1tico edificio neocl\u00e1sico, ofrece elegancia, confort y exclusividad con el sello Autograph Collection de Marriott. Disfruta de su sofisticado dise\u00f1o, restaurante Batuar y piscina en la azotea.\",\"potentialAction\":[{\"@type\":\"SearchAction\",\"target\":{\"@type\":\"EntryPoint\",\"urlTemplate\":\"https:\/\/hotelcottonhouse.com\/ca\/?s={search_term_string}\"},\"query-input\":{\"@type\":\"PropertyValueSpecification\",\"valueRequired\":true,\"valueName\":\"search_term_string\"}}],\"inLanguage\":\"ca\"}]}<\/script>\n<!-- \/ Yoast SEO plugin. -->","yoast_head_json":{"title":"Serveis Exclusius per a una Estada de Luxe | Cotton House \u2013 Autograph Collection","description":"\"Descobreix les elegants instal\u00b7lacions del Cotton House a Barcelona. Biblioteca hist\u00f2rica, terrassa amb cuina internacional, piscina a l\u2019aire lliure i servei de sastreria a mida a un hotel boutique de luxe.\"","robots":{"index":"index","follow":"follow","max-snippet":"max-snippet:-1","max-image-preview":"max-image-preview:large","max-video-preview":"max-video-preview:-1"},"canonical":"https:\/\/hotelcottonhouse.com\/ca\/serveis-hostes\/latelier\/","og_locale":"ca_ES","og_type":"article","og_title":"Serveis Exclusius per a una Estada de Luxe | Cotton House \u2013 Autograph Collection","og_description":"\"Descobreix les elegants instal\u00b7lacions del Cotton House a Barcelona. Biblioteca hist\u00f2rica, terrassa amb cuina internacional, piscina a l\u2019aire lliure i servei de sastreria a mida a un hotel boutique de luxe.\"","og_url":"https:\/\/hotelcottonhouse.com\/ca\/serveis-hostes\/latelier\/","og_site_name":"Cotton House \u2013 Autograph Collection","article_modified_time":"2025-03-20T11:53:47+00:00","og_image":[{"width":2560,"height":1747,"url":"https:\/\/hotelcottonhouse.com\/wp-content\/uploads\/2025\/03\/Atelier_CottonHouse-scaled.jpg","type":"image\/jpeg"}],"twitter_card":"summary_large_image","twitter_misc":{"Temps estimat de lectura":"1 minut"},"schema":{"@context":"https:\/\/schema.org","@graph":[{"@type":"WebPage","@id":"https:\/\/hotelcottonhouse.com\/ca\/serveis-hostes\/latelier\/","url":"https:\/\/hotelcottonhouse.com\/ca\/serveis-hostes\/latelier\/","name":"Serveis Exclusius per a una Estada de Luxe | Cotton House \u2013 Autograph Collection","isPartOf":{"@id":"https:\/\/hotelcottonhouse.com\/ca\/#website"},"primaryImageOfPage":{"@id":"https:\/\/hotelcottonhouse.com\/ca\/serveis-hostes\/latelier\/#primaryimage"},"image":{"@id":"https:\/\/hotelcottonhouse.com\/ca\/serveis-hostes\/latelier\/#primaryimage"},"thumbnailUrl":"https:\/\/hotelcottonhouse.com\/wp-content\/uploads\/2025\/03\/Atelier_CottonHouse-scaled.jpg","datePublished":"2025-02-17T22:16:47+00:00","dateModified":"2025-03-20T11:53:47+00:00","description":"\"Descobreix les elegants instal\u00b7lacions del Cotton House a Barcelona. Biblioteca hist\u00f2rica, terrassa amb cuina internacional, piscina a l\u2019aire lliure i servei de sastreria a mida a un hotel boutique de luxe.\"","breadcrumb":{"@id":"https:\/\/hotelcottonhouse.com\/ca\/serveis-hostes\/latelier\/#breadcrumb"},"inLanguage":"ca","potentialAction":[{"@type":"ReadAction","target":["https:\/\/hotelcottonhouse.com\/ca\/serveis-hostes\/latelier\/"]}]},{"@type":"ImageObject","inLanguage":"ca","@id":"https:\/\/hotelcottonhouse.com\/ca\/serveis-hostes\/latelier\/#primaryimage","url":"https:\/\/hotelcottonhouse.com\/wp-content\/uploads\/2025\/03\/Atelier_CottonHouse-scaled.jpg","contentUrl":"https:\/\/hotelcottonhouse.com\/wp-content\/uploads\/2025\/03\/Atelier_CottonHouse-scaled.jpg","width":2560,"height":1747,"caption":"El hotel mantiene viva esta tradici\u00f3n ofreciendo a sus hu\u00e9spedes un servicio de sastrer\u00eda a medida de la mano de Santa Eulalia, expertos en sastrer\u00eda desde 1843. Bajo petici\u00f3n, un profesional se desplazar\u00e1 a l\u2019Atelier para tomar las medidas, asesorar y elegir los tejidos y los detalles para confeccionar las prendas."},{"@type":"BreadcrumbList","@id":"https:\/\/hotelcottonhouse.com\/ca\/serveis-hostes\/latelier\/#breadcrumb","itemListElement":[{"@type":"ListItem","position":1,"name":"Portada","item":"https:\/\/hotelcottonhouse.com\/ca\/"},{"@type":"ListItem","position":2,"name":"Serveis","item":"https:\/\/hotelcottonhouse.com\/ca\/serveis-hostes\/"},{"@type":"ListItem","position":3,"name":"L&#8217;Atelier"}]},{"@type":"WebSite","@id":"https:\/\/hotelcottonhouse.com\/ca\/#website","url":"https:\/\/hotelcottonhouse.com\/ca\/","name":"Cotton House \u2013 Autograph Collection","description":"Descubre Cotton House, un hotel boutique de lujo en Barcelona. Ubicado en un emblem\u00e1tico edificio neocl\u00e1sico, ofrece elegancia, confort y exclusividad con el sello Autograph Collection de Marriott. Disfruta de su sofisticado dise\u00f1o, restaurante Batuar y piscina en la azotea.","potentialAction":[{"@type":"SearchAction","target":{"@type":"EntryPoint","urlTemplate":"https:\/\/hotelcottonhouse.com\/ca\/?s={search_term_string}"},"query-input":{"@type":"PropertyValueSpecification","valueRequired":true,"valueName":"search_term_string"}}],"inLanguage":"ca"}]}},"_links":{"self":[{"href":"https:\/\/hotelcottonhouse.com\/ca\/wp-json\/wp\/v2\/pages\/10860","targetHints":{"allow":["GET"]}}],"collection":[{"href":"https:\/\/hotelcottonhouse.com\/ca\/wp-json\/wp\/v2\/pages"}],"about":[{"href":"https:\/\/hotelcottonhouse.com\/ca\/wp-json\/wp\/v2\/types\/page"}],"author":[{"embeddable":true,"href":"https:\/\/hotelcottonhouse.com\/ca\/wp-json\/wp\/v2\/users\/1"}],"replies":[{"embeddable":true,"href":"https:\/\/hotelcottonhouse.com\/ca\/wp-json\/wp\/v2\/comments?post=10860"}],"version-history":[{"count":4,"href":"https:\/\/hotelcottonhouse.com\/ca\/wp-json\/wp\/v2\/pages\/10860\/revisions"}],"predecessor-version":[{"id":12300,"href":"https:\/\/hotelcottonhouse.com\/ca\/wp-json\/wp\/v2\/pages\/10860\/revisions\/12300"}],"up":[{"embeddable":true,"href":"https:\/\/hotelcottonhouse.com\/ca\/wp-json\/wp\/v2\/pages\/10855"}],"wp:featuredmedia":[{"embeddable":true,"href":"https:\/\/hotelcottonhouse.com\/ca\/wp-json\/wp\/v2\/media\/11746"}],"wp:attachment":[{"href":"https:\/\/hotelcottonhouse.com\/ca\/wp-json\/wp\/v2\/media?parent=10860"}],"wp:term":[{"taxonomy":"category","embeddable":true,"href":"https:\/\/hotelcottonhouse.com\/ca\/wp-json\/wp\/v2\/categories?post=10860"},{"taxonomy":"post_tag","embeddable":true,"href":"https:\/\/hotelcottonhouse.com\/ca\/wp-json\/wp\/v2\/tags?post=10860"}],"curies":[{"name":"wp","href":"https:\/\/api.w.org\/{rel}","templated":true}]}}