{"id":10889,"date":"2025-02-04T17:05:33","date_gmt":"2025-02-04T16:05:33","guid":{"rendered":"https:\/\/hotelcottonhouse.rkinnova.com\/?page_id=10889"},"modified":"2025-03-20T10:56:24","modified_gmt":"2025-03-20T09:56:24","slug":"egyptian-room","status":"publish","type":"page","link":"https:\/\/hotelcottonhouse.com\/ca\/habitacions-i-suites\/egyptian-room\/","title":{"rendered":"Egyptian"},"content":{"rendered":"","protected":false},"excerpt":{"rendered":"","protected":false},"author":1,"featured_media":11965,"parent":10874,"menu_order":37,"comment_status":"closed","ping_status":"closed","template":"habitaciones-pag.php","meta":{"_acf_changed":false,"footnotes":""},"categories":[202],"tags":[242,231,171,266,267,264,247,263,265,257,238],"class_list":["post-10889","page","type-page","status-publish","has-post-thumbnail","hentry","category-habitacion-2","tag-allotjament-exclusiu","tag-confort-i-disseny","tag-confort-y-diseno-ca","tag-detalls-arquitectonics","tag-experiencia-premium","tag-habitacio-amb-terrassa","tag-habitacio-de-luxe","tag-habitacio-egyptian-barcelona","tag-habitacio-espaiosa","tag-hotel-al-centre-de-barcelona","tag-hotel-boutique-cinc-estrelles","entry"],"acf":[],"yoast_head":"<!-- This site is optimized with the Yoast SEO plugin v25.7 - https:\/\/yoast.com\/wordpress\/plugins\/seo\/ -->\n<title>Habitaci\u00f3 Egyptian: Eleg\u00e0ncia i confort | Cotton House \u2013 Autograph Collection<\/title>\n<meta name=\"description\" content=\"L\u2019habitaci\u00f3 Egyptian del Cotton House ofereix un oasi de confort i eleg\u00e0ncia amb detalls arquitect\u00f2nics del segle XIX. Espaiosa, amb llit King Size, sal\u00f3 independent i opci\u00f3 de terrassa amb vistes a Barcelona.\" \/>\n<meta name=\"robots\" content=\"index, follow, max-snippet:-1, max-image-preview:large, max-video-preview:-1\" \/>\n<link rel=\"canonical\" href=\"https:\/\/hotelcottonhouse.com\/ca\/habitacions-i-suites\/egyptian-room\/\" \/>\n<meta property=\"og:locale\" content=\"ca_ES\" \/>\n<meta property=\"og:type\" content=\"article\" \/>\n<meta property=\"og:title\" content=\"Habitaci\u00f3 Egyptian: Eleg\u00e0ncia i confort | Cotton House \u2013 Autograph Collection\" \/>\n<meta property=\"og:description\" content=\"L\u2019habitaci\u00f3 Egyptian del Cotton House ofereix un oasi de confort i eleg\u00e0ncia amb detalls arquitect\u00f2nics del segle XIX. Espaiosa, amb llit King Size, sal\u00f3 independent i opci\u00f3 de terrassa amb vistes a Barcelona.\" \/>\n<meta property=\"og:url\" content=\"https:\/\/hotelcottonhouse.com\/ca\/habitacions-i-suites\/egyptian-room\/\" \/>\n<meta property=\"og:site_name\" content=\"Cotton House \u2013 Autograph Collection\" \/>\n<meta property=\"article:modified_time\" content=\"2025-03-20T09:56:24+00:00\" \/>\n<meta property=\"og:image\" content=\"https:\/\/hotelcottonhouse.com\/wp-content\/uploads\/2025\/03\/EgyptianBalcony_CottonHouse-dormitorio-01-scaled.jpg\" \/>\n\t<meta property=\"og:image:width\" content=\"2560\" \/>\n\t<meta property=\"og:image:height\" content=\"1440\" \/>\n\t<meta property=\"og:image:type\" content=\"image\/jpeg\" \/>\n<meta name=\"twitter:card\" content=\"summary_large_image\" \/>\n<meta name=\"twitter:label1\" content=\"Temps estimat de lectura\" \/>\n\t<meta name=\"twitter:data1\" content=\"1 minut\" \/>\n<script type=\"application\/ld+json\" class=\"yoast-schema-graph\">{\"@context\":\"https:\/\/schema.org\",\"@graph\":[{\"@type\":\"WebPage\",\"@id\":\"https:\/\/hotelcottonhouse.com\/ca\/habitacions-i-suites\/egyptian-room\/\",\"url\":\"https:\/\/hotelcottonhouse.com\/ca\/habitacions-i-suites\/egyptian-room\/\",\"name\":\"Habitaci\u00f3 Egyptian: Eleg\u00e0ncia i confort | Cotton House \u2013 Autograph Collection\",\"isPartOf\":{\"@id\":\"https:\/\/hotelcottonhouse.com\/ca\/#website\"},\"primaryImageOfPage\":{\"@id\":\"https:\/\/hotelcottonhouse.com\/ca\/habitacions-i-suites\/egyptian-room\/#primaryimage\"},\"image\":{\"@id\":\"https:\/\/hotelcottonhouse.com\/ca\/habitacions-i-suites\/egyptian-room\/#primaryimage\"},\"thumbnailUrl\":\"https:\/\/hotelcottonhouse.com\/wp-content\/uploads\/2025\/03\/EgyptianBalcony_CottonHouse-dormitorio-01-scaled.jpg\",\"datePublished\":\"2025-02-04T16:05:33+00:00\",\"dateModified\":\"2025-03-20T09:56:24+00:00\",\"description\":\"L\u2019habitaci\u00f3 Egyptian del Cotton House ofereix un oasi de confort i eleg\u00e0ncia amb detalls arquitect\u00f2nics del segle XIX. Espaiosa, amb llit King Size, sal\u00f3 independent i opci\u00f3 de terrassa amb vistes a Barcelona.\",\"breadcrumb\":{\"@id\":\"https:\/\/hotelcottonhouse.com\/ca\/habitacions-i-suites\/egyptian-room\/#breadcrumb\"},\"inLanguage\":\"ca\",\"potentialAction\":[{\"@type\":\"ReadAction\",\"target\":[\"https:\/\/hotelcottonhouse.com\/ca\/habitacions-i-suites\/egyptian-room\/\"]}]},{\"@type\":\"ImageObject\",\"inLanguage\":\"ca\",\"@id\":\"https:\/\/hotelcottonhouse.com\/ca\/habitacions-i-suites\/egyptian-room\/#primaryimage\",\"url\":\"https:\/\/hotelcottonhouse.com\/wp-content\/uploads\/2025\/03\/EgyptianBalcony_CottonHouse-dormitorio-01-scaled.jpg\",\"contentUrl\":\"https:\/\/hotelcottonhouse.com\/wp-content\/uploads\/2025\/03\/EgyptianBalcony_CottonHouse-dormitorio-01-scaled.jpg\",\"width\":2560,\"height\":1440,\"caption\":\"Habitaci\u00f3n espaciosa con cama king size, escritorio de madera, sof\u00e1 cama y acceso a balc\u00f3n privado.\"},{\"@type\":\"BreadcrumbList\",\"@id\":\"https:\/\/hotelcottonhouse.com\/ca\/habitacions-i-suites\/egyptian-room\/#breadcrumb\",\"itemListElement\":[{\"@type\":\"ListItem\",\"position\":1,\"name\":\"Portada\",\"item\":\"http:\/\/hotelcottonhouse.com\/ca\/\"},{\"@type\":\"ListItem\",\"position\":2,\"name\":\"Habitacions\",\"item\":\"http:\/\/hotelcottonhouse.com\/ca\/habitacions-i-suites\/\"},{\"@type\":\"ListItem\",\"position\":3,\"name\":\"Egyptian\"}]},{\"@type\":\"WebSite\",\"@id\":\"https:\/\/hotelcottonhouse.com\/ca\/#website\",\"url\":\"https:\/\/hotelcottonhouse.com\/ca\/\",\"name\":\"Cotton House \u2013 Autograph Collection\",\"description\":\"Descubre Cotton House, un hotel boutique de lujo en Barcelona. Ubicado en un emblem\u00e1tico edificio neocl\u00e1sico, ofrece elegancia, confort y exclusividad con el sello Autograph Collection de Marriott. Disfruta de su sofisticado dise\u00f1o, restaurante Batuar y piscina en la azotea.\",\"potentialAction\":[{\"@type\":\"SearchAction\",\"target\":{\"@type\":\"EntryPoint\",\"urlTemplate\":\"https:\/\/hotelcottonhouse.com\/ca\/?s={search_term_string}\"},\"query-input\":{\"@type\":\"PropertyValueSpecification\",\"valueRequired\":true,\"valueName\":\"search_term_string\"}}],\"inLanguage\":\"ca\"}]}<\/script>\n<!-- \/ Yoast SEO plugin. -->","yoast_head_json":{"title":"Habitaci\u00f3 Egyptian: Eleg\u00e0ncia i confort | Cotton House \u2013 Autograph Collection","description":"L\u2019habitaci\u00f3 Egyptian del Cotton House ofereix un oasi de confort i eleg\u00e0ncia amb detalls arquitect\u00f2nics del segle XIX. Espaiosa, amb llit King Size, sal\u00f3 independent i opci\u00f3 de terrassa amb vistes a Barcelona.","robots":{"index":"index","follow":"follow","max-snippet":"max-snippet:-1","max-image-preview":"max-image-preview:large","max-video-preview":"max-video-preview:-1"},"canonical":"https:\/\/hotelcottonhouse.com\/ca\/habitacions-i-suites\/egyptian-room\/","og_locale":"ca_ES","og_type":"article","og_title":"Habitaci\u00f3 Egyptian: Eleg\u00e0ncia i confort | Cotton House \u2013 Autograph Collection","og_description":"L\u2019habitaci\u00f3 Egyptian del Cotton House ofereix un oasi de confort i eleg\u00e0ncia amb detalls arquitect\u00f2nics del segle XIX. Espaiosa, amb llit King Size, sal\u00f3 independent i opci\u00f3 de terrassa amb vistes a Barcelona.","og_url":"https:\/\/hotelcottonhouse.com\/ca\/habitacions-i-suites\/egyptian-room\/","og_site_name":"Cotton House \u2013 Autograph Collection","article_modified_time":"2025-03-20T09:56:24+00:00","og_image":[{"width":2560,"height":1440,"url":"https:\/\/hotelcottonhouse.com\/wp-content\/uploads\/2025\/03\/EgyptianBalcony_CottonHouse-dormitorio-01-scaled.jpg","type":"image\/jpeg"}],"twitter_card":"summary_large_image","twitter_misc":{"Temps estimat de lectura":"1 minut"},"schema":{"@context":"https:\/\/schema.org","@graph":[{"@type":"WebPage","@id":"https:\/\/hotelcottonhouse.com\/ca\/habitacions-i-suites\/egyptian-room\/","url":"https:\/\/hotelcottonhouse.com\/ca\/habitacions-i-suites\/egyptian-room\/","name":"Habitaci\u00f3 Egyptian: Eleg\u00e0ncia i confort | Cotton House \u2013 Autograph Collection","isPartOf":{"@id":"https:\/\/hotelcottonhouse.com\/ca\/#website"},"primaryImageOfPage":{"@id":"https:\/\/hotelcottonhouse.com\/ca\/habitacions-i-suites\/egyptian-room\/#primaryimage"},"image":{"@id":"https:\/\/hotelcottonhouse.com\/ca\/habitacions-i-suites\/egyptian-room\/#primaryimage"},"thumbnailUrl":"https:\/\/hotelcottonhouse.com\/wp-content\/uploads\/2025\/03\/EgyptianBalcony_CottonHouse-dormitorio-01-scaled.jpg","datePublished":"2025-02-04T16:05:33+00:00","dateModified":"2025-03-20T09:56:24+00:00","description":"L\u2019habitaci\u00f3 Egyptian del Cotton House ofereix un oasi de confort i eleg\u00e0ncia amb detalls arquitect\u00f2nics del segle XIX. Espaiosa, amb llit King Size, sal\u00f3 independent i opci\u00f3 de terrassa amb vistes a Barcelona.","breadcrumb":{"@id":"https:\/\/hotelcottonhouse.com\/ca\/habitacions-i-suites\/egyptian-room\/#breadcrumb"},"inLanguage":"ca","potentialAction":[{"@type":"ReadAction","target":["https:\/\/hotelcottonhouse.com\/ca\/habitacions-i-suites\/egyptian-room\/"]}]},{"@type":"ImageObject","inLanguage":"ca","@id":"https:\/\/hotelcottonhouse.com\/ca\/habitacions-i-suites\/egyptian-room\/#primaryimage","url":"https:\/\/hotelcottonhouse.com\/wp-content\/uploads\/2025\/03\/EgyptianBalcony_CottonHouse-dormitorio-01-scaled.jpg","contentUrl":"https:\/\/hotelcottonhouse.com\/wp-content\/uploads\/2025\/03\/EgyptianBalcony_CottonHouse-dormitorio-01-scaled.jpg","width":2560,"height":1440,"caption":"Habitaci\u00f3n espaciosa con cama king size, escritorio de madera, sof\u00e1 cama y acceso a balc\u00f3n privado."},{"@type":"BreadcrumbList","@id":"https:\/\/hotelcottonhouse.com\/ca\/habitacions-i-suites\/egyptian-room\/#breadcrumb","itemListElement":[{"@type":"ListItem","position":1,"name":"Portada","item":"http:\/\/hotelcottonhouse.com\/ca\/"},{"@type":"ListItem","position":2,"name":"Habitacions","item":"http:\/\/hotelcottonhouse.com\/ca\/habitacions-i-suites\/"},{"@type":"ListItem","position":3,"name":"Egyptian"}]},{"@type":"WebSite","@id":"https:\/\/hotelcottonhouse.com\/ca\/#website","url":"https:\/\/hotelcottonhouse.com\/ca\/","name":"Cotton House \u2013 Autograph Collection","description":"Descubre Cotton House, un hotel boutique de lujo en Barcelona. Ubicado en un emblem\u00e1tico edificio neocl\u00e1sico, ofrece elegancia, confort y exclusividad con el sello Autograph Collection de Marriott. Disfruta de su sofisticado dise\u00f1o, restaurante Batuar y piscina en la azotea.","potentialAction":[{"@type":"SearchAction","target":{"@type":"EntryPoint","urlTemplate":"https:\/\/hotelcottonhouse.com\/ca\/?s={search_term_string}"},"query-input":{"@type":"PropertyValueSpecification","valueRequired":true,"valueName":"search_term_string"}}],"inLanguage":"ca"}]}},"_links":{"self":[{"href":"https:\/\/hotelcottonhouse.com\/ca\/wp-json\/wp\/v2\/pages\/10889","targetHints":{"allow":["GET"]}}],"collection":[{"href":"https:\/\/hotelcottonhouse.com\/ca\/wp-json\/wp\/v2\/pages"}],"about":[{"href":"https:\/\/hotelcottonhouse.com\/ca\/wp-json\/wp\/v2\/types\/page"}],"author":[{"embeddable":true,"href":"https:\/\/hotelcottonhouse.com\/ca\/wp-json\/wp\/v2\/users\/1"}],"replies":[{"embeddable":true,"href":"https:\/\/hotelcottonhouse.com\/ca\/wp-json\/wp\/v2\/comments?post=10889"}],"version-history":[{"count":3,"href":"https:\/\/hotelcottonhouse.com\/ca\/wp-json\/wp\/v2\/pages\/10889\/revisions"}],"predecessor-version":[{"id":12292,"href":"https:\/\/hotelcottonhouse.com\/ca\/wp-json\/wp\/v2\/pages\/10889\/revisions\/12292"}],"up":[{"embeddable":true,"href":"https:\/\/hotelcottonhouse.com\/ca\/wp-json\/wp\/v2\/pages\/10874"}],"wp:featuredmedia":[{"embeddable":true,"href":"https:\/\/hotelcottonhouse.com\/ca\/wp-json\/wp\/v2\/media\/11965"}],"wp:attachment":[{"href":"https:\/\/hotelcottonhouse.com\/ca\/wp-json\/wp\/v2\/media?parent=10889"}],"wp:term":[{"taxonomy":"category","embeddable":true,"href":"https:\/\/hotelcottonhouse.com\/ca\/wp-json\/wp\/v2\/categories?post=10889"},{"taxonomy":"post_tag","embeddable":true,"href":"https:\/\/hotelcottonhouse.com\/ca\/wp-json\/wp\/v2\/tags?post=10889"}],"curies":[{"name":"wp","href":"https:\/\/api.w.org\/{rel}","templated":true}]}}