{"id":10895,"date":"2025-02-04T17:03:16","date_gmt":"2025-02-04T16:03:16","guid":{"rendered":"https:\/\/hotelcottonhouse.rkinnova.com\/?page_id=10895"},"modified":"2025-03-20T10:55:48","modified_gmt":"2025-03-20T09:55:48","slug":"vichy-suite","status":"publish","type":"page","link":"https:\/\/hotelcottonhouse.com\/ca\/habitacions-i-suites\/vichy-suite\/","title":{"rendered":"Vichy"},"content":{"rendered":"","protected":false},"excerpt":{"rendered":"","protected":false},"author":1,"featured_media":11911,"parent":10874,"menu_order":25,"comment_status":"closed","ping_status":"closed","template":"habitaciones-pag.php","meta":{"_acf_changed":false,"footnotes":""},"categories":[202],"tags":[93,274,279,276,277,238,245,278,275,273],"class_list":["post-10895","page","type-page","status-publish","has-post-thumbnail","hentry","category-habitacion-2","tag-allotjament-exclusiu-barcelona","tag-duplex-de-luxe","tag-experiencia-de-luxe-barcelona","tag-habitacio-amb-vistes","tag-hotel-amb-terrassa-privada","tag-hotel-boutique-cinc-estrelles","tag-luxe-i-confort","tag-suite-amb-piscina","tag-suite-amb-terrassa-privada","tag-suite-vichy-barcelona","entry"],"acf":[],"yoast_head":"<!-- This site is optimized with the Yoast SEO plugin v25.7 - https:\/\/yoast.com\/wordpress\/plugins\/seo\/ -->\n<title>Suite Vichy: D\u00faplex de Luxe | Cotton House \u2013 Autograph Collection<\/title>\n<meta name=\"description\" content=\"La Suite Vichy \u00e9s un lux\u00f3s d\u00faplex al Cotton House, amb dues zones d\u2019estar i una terrassa privada de 25 m2 amb vistes a la ciutat. Un espai restaurat que ofereix la comoditat d\u2019una llar al cor de Barcelona.\" \/>\n<meta name=\"robots\" content=\"index, follow, max-snippet:-1, max-image-preview:large, max-video-preview:-1\" \/>\n<link rel=\"canonical\" href=\"https:\/\/hotelcottonhouse.com\/ca\/habitacions-i-suites\/vichy-suite\/\" \/>\n<meta property=\"og:locale\" content=\"ca_ES\" \/>\n<meta property=\"og:type\" content=\"article\" \/>\n<meta property=\"og:title\" content=\"Suite Vichy: D\u00faplex de Luxe | Cotton House \u2013 Autograph Collection\" \/>\n<meta property=\"og:description\" content=\"La Suite Vichy \u00e9s un lux\u00f3s d\u00faplex al Cotton House, amb dues zones d\u2019estar i una terrassa privada de 25 m2 amb vistes a la ciutat. Un espai restaurat que ofereix la comoditat d\u2019una llar al cor de Barcelona.\" \/>\n<meta property=\"og:url\" content=\"https:\/\/hotelcottonhouse.com\/ca\/habitacions-i-suites\/vichy-suite\/\" \/>\n<meta property=\"og:site_name\" content=\"Cotton House \u2013 Autograph Collection\" \/>\n<meta property=\"article:modified_time\" content=\"2025-03-20T09:55:48+00:00\" \/>\n<meta property=\"og:image\" content=\"https:\/\/hotelcottonhouse.com\/wp-content\/uploads\/2025\/03\/VichySuite_CottonHouse-cama-scaled.jpg\" \/>\n\t<meta property=\"og:image:width\" content=\"2560\" \/>\n\t<meta property=\"og:image:height\" content=\"1440\" \/>\n\t<meta property=\"og:image:type\" content=\"image\/jpeg\" \/>\n<meta name=\"twitter:card\" content=\"summary_large_image\" \/>\n<meta name=\"twitter:label1\" content=\"Temps estimat de lectura\" \/>\n\t<meta name=\"twitter:data1\" content=\"1 minut\" \/>\n<script type=\"application\/ld+json\" class=\"yoast-schema-graph\">{\"@context\":\"https:\/\/schema.org\",\"@graph\":[{\"@type\":\"WebPage\",\"@id\":\"https:\/\/hotelcottonhouse.com\/ca\/habitacions-i-suites\/vichy-suite\/\",\"url\":\"https:\/\/hotelcottonhouse.com\/ca\/habitacions-i-suites\/vichy-suite\/\",\"name\":\"Suite Vichy: D\u00faplex de Luxe | Cotton House \u2013 Autograph Collection\",\"isPartOf\":{\"@id\":\"https:\/\/hotelcottonhouse.com\/ca\/#website\"},\"primaryImageOfPage\":{\"@id\":\"https:\/\/hotelcottonhouse.com\/ca\/habitacions-i-suites\/vichy-suite\/#primaryimage\"},\"image\":{\"@id\":\"https:\/\/hotelcottonhouse.com\/ca\/habitacions-i-suites\/vichy-suite\/#primaryimage\"},\"thumbnailUrl\":\"https:\/\/hotelcottonhouse.com\/wp-content\/uploads\/2025\/03\/VichySuite_CottonHouse-cama-scaled.jpg\",\"datePublished\":\"2025-02-04T16:03:16+00:00\",\"dateModified\":\"2025-03-20T09:55:48+00:00\",\"description\":\"La Suite Vichy \u00e9s un lux\u00f3s d\u00faplex al Cotton House, amb dues zones d\u2019estar i una terrassa privada de 25 m2 amb vistes a la ciutat. Un espai restaurat que ofereix la comoditat d\u2019una llar al cor de Barcelona.\",\"breadcrumb\":{\"@id\":\"https:\/\/hotelcottonhouse.com\/ca\/habitacions-i-suites\/vichy-suite\/#breadcrumb\"},\"inLanguage\":\"ca\",\"potentialAction\":[{\"@type\":\"ReadAction\",\"target\":[\"https:\/\/hotelcottonhouse.com\/ca\/habitacions-i-suites\/vichy-suite\/\"]}]},{\"@type\":\"ImageObject\",\"inLanguage\":\"ca\",\"@id\":\"https:\/\/hotelcottonhouse.com\/ca\/habitacions-i-suites\/vichy-suite\/#primaryimage\",\"url\":\"https:\/\/hotelcottonhouse.com\/wp-content\/uploads\/2025\/03\/VichySuite_CottonHouse-cama-scaled.jpg\",\"contentUrl\":\"https:\/\/hotelcottonhouse.com\/wp-content\/uploads\/2025\/03\/VichySuite_CottonHouse-cama-scaled.jpg\",\"width\":2560,\"height\":1440,\"caption\":\"Interior de la Suite Vichy del Cotton House Hotel con cama de gran tama\u00f1o, cabecero grabado y banco tapizado con tela de cuadros vichy.\"},{\"@type\":\"BreadcrumbList\",\"@id\":\"https:\/\/hotelcottonhouse.com\/ca\/habitacions-i-suites\/vichy-suite\/#breadcrumb\",\"itemListElement\":[{\"@type\":\"ListItem\",\"position\":1,\"name\":\"Portada\",\"item\":\"https:\/\/hotelcottonhouse.com\/ca\/\"},{\"@type\":\"ListItem\",\"position\":2,\"name\":\"Habitacions\",\"item\":\"https:\/\/hotelcottonhouse.com\/ca\/habitacions-i-suites\/\"},{\"@type\":\"ListItem\",\"position\":3,\"name\":\"Vichy\"}]},{\"@type\":\"WebSite\",\"@id\":\"https:\/\/hotelcottonhouse.com\/ca\/#website\",\"url\":\"https:\/\/hotelcottonhouse.com\/ca\/\",\"name\":\"Cotton House \u2013 Autograph Collection\",\"description\":\"Descubre Cotton House, un hotel boutique de lujo en Barcelona. Ubicado en un emblem\u00e1tico edificio neocl\u00e1sico, ofrece elegancia, confort y exclusividad con el sello Autograph Collection de Marriott. Disfruta de su sofisticado dise\u00f1o, restaurante Batuar y piscina en la azotea.\",\"potentialAction\":[{\"@type\":\"SearchAction\",\"target\":{\"@type\":\"EntryPoint\",\"urlTemplate\":\"https:\/\/hotelcottonhouse.com\/ca\/?s={search_term_string}\"},\"query-input\":{\"@type\":\"PropertyValueSpecification\",\"valueRequired\":true,\"valueName\":\"search_term_string\"}}],\"inLanguage\":\"ca\"}]}<\/script>\n<!-- \/ Yoast SEO plugin. -->","yoast_head_json":{"title":"Suite Vichy: D\u00faplex de Luxe | Cotton House \u2013 Autograph Collection","description":"La Suite Vichy \u00e9s un lux\u00f3s d\u00faplex al Cotton House, amb dues zones d\u2019estar i una terrassa privada de 25 m2 amb vistes a la ciutat. Un espai restaurat que ofereix la comoditat d\u2019una llar al cor de Barcelona.","robots":{"index":"index","follow":"follow","max-snippet":"max-snippet:-1","max-image-preview":"max-image-preview:large","max-video-preview":"max-video-preview:-1"},"canonical":"https:\/\/hotelcottonhouse.com\/ca\/habitacions-i-suites\/vichy-suite\/","og_locale":"ca_ES","og_type":"article","og_title":"Suite Vichy: D\u00faplex de Luxe | Cotton House \u2013 Autograph Collection","og_description":"La Suite Vichy \u00e9s un lux\u00f3s d\u00faplex al Cotton House, amb dues zones d\u2019estar i una terrassa privada de 25 m2 amb vistes a la ciutat. Un espai restaurat que ofereix la comoditat d\u2019una llar al cor de Barcelona.","og_url":"https:\/\/hotelcottonhouse.com\/ca\/habitacions-i-suites\/vichy-suite\/","og_site_name":"Cotton House \u2013 Autograph Collection","article_modified_time":"2025-03-20T09:55:48+00:00","og_image":[{"width":2560,"height":1440,"url":"https:\/\/hotelcottonhouse.com\/wp-content\/uploads\/2025\/03\/VichySuite_CottonHouse-cama-scaled.jpg","type":"image\/jpeg"}],"twitter_card":"summary_large_image","twitter_misc":{"Temps estimat de lectura":"1 minut"},"schema":{"@context":"https:\/\/schema.org","@graph":[{"@type":"WebPage","@id":"https:\/\/hotelcottonhouse.com\/ca\/habitacions-i-suites\/vichy-suite\/","url":"https:\/\/hotelcottonhouse.com\/ca\/habitacions-i-suites\/vichy-suite\/","name":"Suite Vichy: D\u00faplex de Luxe | Cotton House \u2013 Autograph Collection","isPartOf":{"@id":"https:\/\/hotelcottonhouse.com\/ca\/#website"},"primaryImageOfPage":{"@id":"https:\/\/hotelcottonhouse.com\/ca\/habitacions-i-suites\/vichy-suite\/#primaryimage"},"image":{"@id":"https:\/\/hotelcottonhouse.com\/ca\/habitacions-i-suites\/vichy-suite\/#primaryimage"},"thumbnailUrl":"https:\/\/hotelcottonhouse.com\/wp-content\/uploads\/2025\/03\/VichySuite_CottonHouse-cama-scaled.jpg","datePublished":"2025-02-04T16:03:16+00:00","dateModified":"2025-03-20T09:55:48+00:00","description":"La Suite Vichy \u00e9s un lux\u00f3s d\u00faplex al Cotton House, amb dues zones d\u2019estar i una terrassa privada de 25 m2 amb vistes a la ciutat. Un espai restaurat que ofereix la comoditat d\u2019una llar al cor de Barcelona.","breadcrumb":{"@id":"https:\/\/hotelcottonhouse.com\/ca\/habitacions-i-suites\/vichy-suite\/#breadcrumb"},"inLanguage":"ca","potentialAction":[{"@type":"ReadAction","target":["https:\/\/hotelcottonhouse.com\/ca\/habitacions-i-suites\/vichy-suite\/"]}]},{"@type":"ImageObject","inLanguage":"ca","@id":"https:\/\/hotelcottonhouse.com\/ca\/habitacions-i-suites\/vichy-suite\/#primaryimage","url":"https:\/\/hotelcottonhouse.com\/wp-content\/uploads\/2025\/03\/VichySuite_CottonHouse-cama-scaled.jpg","contentUrl":"https:\/\/hotelcottonhouse.com\/wp-content\/uploads\/2025\/03\/VichySuite_CottonHouse-cama-scaled.jpg","width":2560,"height":1440,"caption":"Interior de la Suite Vichy del Cotton House Hotel con cama de gran tama\u00f1o, cabecero grabado y banco tapizado con tela de cuadros vichy."},{"@type":"BreadcrumbList","@id":"https:\/\/hotelcottonhouse.com\/ca\/habitacions-i-suites\/vichy-suite\/#breadcrumb","itemListElement":[{"@type":"ListItem","position":1,"name":"Portada","item":"https:\/\/hotelcottonhouse.com\/ca\/"},{"@type":"ListItem","position":2,"name":"Habitacions","item":"https:\/\/hotelcottonhouse.com\/ca\/habitacions-i-suites\/"},{"@type":"ListItem","position":3,"name":"Vichy"}]},{"@type":"WebSite","@id":"https:\/\/hotelcottonhouse.com\/ca\/#website","url":"https:\/\/hotelcottonhouse.com\/ca\/","name":"Cotton House \u2013 Autograph Collection","description":"Descubre Cotton House, un hotel boutique de lujo en Barcelona. Ubicado en un emblem\u00e1tico edificio neocl\u00e1sico, ofrece elegancia, confort y exclusividad con el sello Autograph Collection de Marriott. Disfruta de su sofisticado dise\u00f1o, restaurante Batuar y piscina en la azotea.","potentialAction":[{"@type":"SearchAction","target":{"@type":"EntryPoint","urlTemplate":"https:\/\/hotelcottonhouse.com\/ca\/?s={search_term_string}"},"query-input":{"@type":"PropertyValueSpecification","valueRequired":true,"valueName":"search_term_string"}}],"inLanguage":"ca"}]}},"_links":{"self":[{"href":"https:\/\/hotelcottonhouse.com\/ca\/wp-json\/wp\/v2\/pages\/10895","targetHints":{"allow":["GET"]}}],"collection":[{"href":"https:\/\/hotelcottonhouse.com\/ca\/wp-json\/wp\/v2\/pages"}],"about":[{"href":"https:\/\/hotelcottonhouse.com\/ca\/wp-json\/wp\/v2\/types\/page"}],"author":[{"embeddable":true,"href":"https:\/\/hotelcottonhouse.com\/ca\/wp-json\/wp\/v2\/users\/1"}],"replies":[{"embeddable":true,"href":"https:\/\/hotelcottonhouse.com\/ca\/wp-json\/wp\/v2\/comments?post=10895"}],"version-history":[{"count":5,"href":"https:\/\/hotelcottonhouse.com\/ca\/wp-json\/wp\/v2\/pages\/10895\/revisions"}],"predecessor-version":[{"id":11207,"href":"https:\/\/hotelcottonhouse.com\/ca\/wp-json\/wp\/v2\/pages\/10895\/revisions\/11207"}],"up":[{"embeddable":true,"href":"https:\/\/hotelcottonhouse.com\/ca\/wp-json\/wp\/v2\/pages\/10874"}],"wp:featuredmedia":[{"embeddable":true,"href":"https:\/\/hotelcottonhouse.com\/ca\/wp-json\/wp\/v2\/media\/11911"}],"wp:attachment":[{"href":"https:\/\/hotelcottonhouse.com\/ca\/wp-json\/wp\/v2\/media?parent=10895"}],"wp:term":[{"taxonomy":"category","embeddable":true,"href":"https:\/\/hotelcottonhouse.com\/ca\/wp-json\/wp\/v2\/categories?post=10895"},{"taxonomy":"post_tag","embeddable":true,"href":"https:\/\/hotelcottonhouse.com\/ca\/wp-json\/wp\/v2\/tags?post=10895"}],"curies":[{"name":"wp","href":"https:\/\/api.w.org\/{rel}","templated":true}]}}