{"id":10932,"date":"2025-02-06T19:33:50","date_gmt":"2025-02-06T18:33:50","guid":{"rendered":"https:\/\/hotelcottonhouse.rkinnova.com\/?page_id=10932"},"modified":"2025-08-20T17:30:54","modified_gmt":"2025-08-20T15:30:54","slug":"contacte","status":"publish","type":"page","link":"https:\/\/hotelcottonhouse.com\/ca\/contacte\/","title":{"rendered":"Contacte"},"content":{"rendered":"","protected":false},"excerpt":{"rendered":"","protected":false},"author":1,"featured_media":0,"parent":0,"menu_order":93,"comment_status":"closed","ping_status":"closed","template":"contacto.php","meta":{"_acf_changed":false,"footnotes":""},"categories":[],"tags":[325,102,323,103,104,105,322,106,324,107],"class_list":["post-10932","page","type-page","status-publish","hentry","tag-atencio-al-client-hotel","tag-atencion-al-cliente-hotel-ca","tag-autograph-collection-contacte","tag-autograph-collection-contacto-ca","tag-consulta-hotel-barcelona-ca","tag-contactar-cotton-house-ca","tag-contacte-cotton-house","tag-contacto-cotton-house-ca","tag-informacio-cotton-house","tag-informacion-cotton-house-ca","entry"],"acf":[],"yoast_head":"<!-- This site is optimized with the Yoast SEO plugin v25.7 - https:\/\/yoast.com\/wordpress\/plugins\/seo\/ -->\n<title>Contacte - Connecta amb el Cotton House Hotel | Cotton House \u2013 Autograph Collection<\/title>\n<meta name=\"description\" content=\"Tens preguntes o desitges m\u00e9s informaci\u00f3 sobre el Cotton House Hotel? Contacta amb nosaltres f\u00e0cilment per resoldre qualsevol dubte o fer una consulta. Estem aqu\u00ed per a ajudar-te.\" \/>\n<meta name=\"robots\" content=\"index, follow, max-snippet:-1, max-image-preview:large, max-video-preview:-1\" \/>\n<link rel=\"canonical\" href=\"https:\/\/hotelcottonhouse.com\/ca\/contacte\/\" \/>\n<meta property=\"og:locale\" content=\"ca_ES\" \/>\n<meta property=\"og:type\" content=\"article\" \/>\n<meta property=\"og:title\" content=\"Contacte - Connecta amb el Cotton House Hotel | Cotton House \u2013 Autograph Collection\" \/>\n<meta property=\"og:description\" content=\"Tens preguntes o desitges m\u00e9s informaci\u00f3 sobre el Cotton House Hotel? Contacta amb nosaltres f\u00e0cilment per resoldre qualsevol dubte o fer una consulta. Estem aqu\u00ed per a ajudar-te.\" \/>\n<meta property=\"og:url\" content=\"https:\/\/hotelcottonhouse.com\/ca\/contacte\/\" \/>\n<meta property=\"og:site_name\" content=\"Cotton House \u2013 Autograph Collection\" \/>\n<meta property=\"article:modified_time\" content=\"2025-08-20T15:30:54+00:00\" \/>\n<meta name=\"twitter:card\" content=\"summary_large_image\" \/>\n<script type=\"application\/ld+json\" class=\"yoast-schema-graph\">{\"@context\":\"https:\/\/schema.org\",\"@graph\":[{\"@type\":\"WebPage\",\"@id\":\"https:\/\/hotelcottonhouse.com\/ca\/contacte\/\",\"url\":\"https:\/\/hotelcottonhouse.com\/ca\/contacte\/\",\"name\":\"Contacte - Connecta amb el Cotton House Hotel | Cotton House \u2013 Autograph Collection\",\"isPartOf\":{\"@id\":\"https:\/\/hotelcottonhouse.com\/ca\/#website\"},\"datePublished\":\"2025-02-06T18:33:50+00:00\",\"dateModified\":\"2025-08-20T15:30:54+00:00\",\"description\":\"Tens preguntes o desitges m\u00e9s informaci\u00f3 sobre el Cotton House Hotel? Contacta amb nosaltres f\u00e0cilment per resoldre qualsevol dubte o fer una consulta. Estem aqu\u00ed per a ajudar-te.\",\"breadcrumb\":{\"@id\":\"https:\/\/hotelcottonhouse.com\/ca\/contacte\/#breadcrumb\"},\"inLanguage\":\"ca\",\"potentialAction\":[{\"@type\":\"ReadAction\",\"target\":[\"https:\/\/hotelcottonhouse.com\/ca\/contacte\/\"]}]},{\"@type\":\"BreadcrumbList\",\"@id\":\"https:\/\/hotelcottonhouse.com\/ca\/contacte\/#breadcrumb\",\"itemListElement\":[{\"@type\":\"ListItem\",\"position\":1,\"name\":\"Portada\",\"item\":\"http:\/\/hotelcottonhouse.com\/ca\/\"},{\"@type\":\"ListItem\",\"position\":2,\"name\":\"Contacte\"}]},{\"@type\":\"WebSite\",\"@id\":\"https:\/\/hotelcottonhouse.com\/ca\/#website\",\"url\":\"https:\/\/hotelcottonhouse.com\/ca\/\",\"name\":\"Cotton House \u2013 Autograph Collection\",\"description\":\"Descubre Cotton House, un hotel boutique de lujo en Barcelona. Ubicado en un emblem\u00e1tico edificio neocl\u00e1sico, ofrece elegancia, confort y exclusividad con el sello Autograph Collection de Marriott. Disfruta de su sofisticado dise\u00f1o, restaurante Batuar y piscina en la azotea.\",\"potentialAction\":[{\"@type\":\"SearchAction\",\"target\":{\"@type\":\"EntryPoint\",\"urlTemplate\":\"https:\/\/hotelcottonhouse.com\/ca\/?s={search_term_string}\"},\"query-input\":{\"@type\":\"PropertyValueSpecification\",\"valueRequired\":true,\"valueName\":\"search_term_string\"}}],\"inLanguage\":\"ca\"}]}<\/script>\n<!-- \/ Yoast SEO plugin. -->","yoast_head_json":{"title":"Contacte - Connecta amb el Cotton House Hotel | Cotton House \u2013 Autograph Collection","description":"Tens preguntes o desitges m\u00e9s informaci\u00f3 sobre el Cotton House Hotel? Contacta amb nosaltres f\u00e0cilment per resoldre qualsevol dubte o fer una consulta. Estem aqu\u00ed per a ajudar-te.","robots":{"index":"index","follow":"follow","max-snippet":"max-snippet:-1","max-image-preview":"max-image-preview:large","max-video-preview":"max-video-preview:-1"},"canonical":"https:\/\/hotelcottonhouse.com\/ca\/contacte\/","og_locale":"ca_ES","og_type":"article","og_title":"Contacte - Connecta amb el Cotton House Hotel | Cotton House \u2013 Autograph Collection","og_description":"Tens preguntes o desitges m\u00e9s informaci\u00f3 sobre el Cotton House Hotel? Contacta amb nosaltres f\u00e0cilment per resoldre qualsevol dubte o fer una consulta. Estem aqu\u00ed per a ajudar-te.","og_url":"https:\/\/hotelcottonhouse.com\/ca\/contacte\/","og_site_name":"Cotton House \u2013 Autograph Collection","article_modified_time":"2025-08-20T15:30:54+00:00","twitter_card":"summary_large_image","schema":{"@context":"https:\/\/schema.org","@graph":[{"@type":"WebPage","@id":"https:\/\/hotelcottonhouse.com\/ca\/contacte\/","url":"https:\/\/hotelcottonhouse.com\/ca\/contacte\/","name":"Contacte - Connecta amb el Cotton House Hotel | Cotton House \u2013 Autograph Collection","isPartOf":{"@id":"https:\/\/hotelcottonhouse.com\/ca\/#website"},"datePublished":"2025-02-06T18:33:50+00:00","dateModified":"2025-08-20T15:30:54+00:00","description":"Tens preguntes o desitges m\u00e9s informaci\u00f3 sobre el Cotton House Hotel? Contacta amb nosaltres f\u00e0cilment per resoldre qualsevol dubte o fer una consulta. Estem aqu\u00ed per a ajudar-te.","breadcrumb":{"@id":"https:\/\/hotelcottonhouse.com\/ca\/contacte\/#breadcrumb"},"inLanguage":"ca","potentialAction":[{"@type":"ReadAction","target":["https:\/\/hotelcottonhouse.com\/ca\/contacte\/"]}]},{"@type":"BreadcrumbList","@id":"https:\/\/hotelcottonhouse.com\/ca\/contacte\/#breadcrumb","itemListElement":[{"@type":"ListItem","position":1,"name":"Portada","item":"http:\/\/hotelcottonhouse.com\/ca\/"},{"@type":"ListItem","position":2,"name":"Contacte"}]},{"@type":"WebSite","@id":"https:\/\/hotelcottonhouse.com\/ca\/#website","url":"https:\/\/hotelcottonhouse.com\/ca\/","name":"Cotton House \u2013 Autograph Collection","description":"Descubre Cotton House, un hotel boutique de lujo en Barcelona. Ubicado en un emblem\u00e1tico edificio neocl\u00e1sico, ofrece elegancia, confort y exclusividad con el sello Autograph Collection de Marriott. Disfruta de su sofisticado dise\u00f1o, restaurante Batuar y piscina en la azotea.","potentialAction":[{"@type":"SearchAction","target":{"@type":"EntryPoint","urlTemplate":"https:\/\/hotelcottonhouse.com\/ca\/?s={search_term_string}"},"query-input":{"@type":"PropertyValueSpecification","valueRequired":true,"valueName":"search_term_string"}}],"inLanguage":"ca"}]}},"_links":{"self":[{"href":"https:\/\/hotelcottonhouse.com\/ca\/wp-json\/wp\/v2\/pages\/10932","targetHints":{"allow":["GET"]}}],"collection":[{"href":"https:\/\/hotelcottonhouse.com\/ca\/wp-json\/wp\/v2\/pages"}],"about":[{"href":"https:\/\/hotelcottonhouse.com\/ca\/wp-json\/wp\/v2\/types\/page"}],"author":[{"embeddable":true,"href":"https:\/\/hotelcottonhouse.com\/ca\/wp-json\/wp\/v2\/users\/1"}],"replies":[{"embeddable":true,"href":"https:\/\/hotelcottonhouse.com\/ca\/wp-json\/wp\/v2\/comments?post=10932"}],"version-history":[{"count":16,"href":"https:\/\/hotelcottonhouse.com\/ca\/wp-json\/wp\/v2\/pages\/10932\/revisions"}],"predecessor-version":[{"id":19220,"href":"https:\/\/hotelcottonhouse.com\/ca\/wp-json\/wp\/v2\/pages\/10932\/revisions\/19220"}],"wp:attachment":[{"href":"https:\/\/hotelcottonhouse.com\/ca\/wp-json\/wp\/v2\/media?parent=10932"}],"wp:term":[{"taxonomy":"category","embeddable":true,"href":"https:\/\/hotelcottonhouse.com\/ca\/wp-json\/wp\/v2\/categories?post=10932"},{"taxonomy":"post_tag","embeddable":true,"href":"https:\/\/hotelcottonhouse.com\/ca\/wp-json\/wp\/v2\/tags?post=10932"}],"curies":[{"name":"wp","href":"https:\/\/api.w.org\/{rel}","templated":true}]}}