{"id":11336,"date":"2025-03-05T10:41:47","date_gmt":"2025-03-05T09:41:47","guid":{"rendered":"https:\/\/hotelcottonhouse.rkinnova.com\/?page_id=11336"},"modified":"2025-08-01T11:47:37","modified_gmt":"2025-08-01T09:47:37","slug":"responsabilidad-social","status":"publish","type":"page","link":"https:\/\/hotelcottonhouse.com\/ca\/responsabilidad-social\/","title":{"rendered":"Responsabilitat Social"},"content":{"rendered":"<h2>Comprom\u00eds amb la Sostenibilitat \u2013 Cotton House Hotel<\/h2>\n<p>L&#8217;hotel compta amb la Certificaci\u00f3 Biosphere, un reconeixement internacional atorgat per l&#8217;Institut de Turisme Responsable (RTI) per complir amb criteris de sostenibilitat alineats amb els Objectius de Desenvolupament Sostenible (ODS) de l&#8217;Agenda 2030 de Nacions Unides. Aquesta certificaci\u00f3 garanteix una gesti\u00f3 responsable en l&#8217;ambiental, social, cultural i econ\u00f2mic, demostrant el nostre comprom\u00eds amb un turisme sostenible i de qualitat. La mateixa, se&#8217;ns va lliurar al mar\u00e7 del 2025.<\/p>\n<p>&nbsp;<\/p>\n<h3>Iniciatives segons els Objectius de Desenvolupament Sostenible (ODS)<\/h3>\n<h4>ODS 1 \u2013 Fi de la pobresa<\/h4>\n<ul>\n<li style=\"font-weight: 400;\" aria-level=\"1\">Suport econ\u00f2mic a organitzacions i fundacions socials.<\/li>\n<li style=\"font-weight: 400;\" aria-level=\"1\">Donaci\u00f3 de roba, mobiliari i estris a entitats solid\u00e0ries.<\/li>\n<li style=\"font-weight: 400;\" aria-level=\"1\"><strong>Maig 2025:<\/strong> Recaptaci\u00f3 de 200 kg de roba en col\u00b7laboraci\u00f3 amb C\u00e0ritas, destinats a la Fundaci\u00f3 \u00abFormaci\u00f3 i Treball\u00bb.<\/li>\n<\/ul>\n<p>&nbsp;<\/p>\n<h4>ODS 2 \u2013 Fam Zero<\/h4>\n<ul>\n<li style=\"font-weight: 400;\" aria-level=\"1\">Participaci\u00f3 en la campanya El Gran recapti.<\/li>\n<li style=\"font-weight: 400;\" aria-level=\"1\"><strong>Mar\u00e7 2023:<\/strong> Es va col\u00b7laborar amb la recollida, classificaci\u00f3 i distribuci\u00f3 d&#8217;aliments per a persones necessitades en col\u00b7laboraci\u00f3 amb el banc d&#8217;aliments.<\/li>\n<li style=\"font-weight: 400;\" aria-level=\"1\"><strong>Juliol 2025:<\/strong> Recollida d&#8217;aliments per a animals en col\u00b7laboraci\u00f3 amb la protectora bcn.<\/li>\n<\/ul>\n<p>&nbsp;<\/p>\n<h4>ODS 5 \u2013 Igualtat de g\u00e8nere<\/h4>\n<ul>\n<li style=\"font-weight: 400;\" aria-level=\"1\">Col\u00b7laboraci\u00f3 amb organitzacions que lluiten contra l&#8217;explotaci\u00f3 sexual infantil i el tr\u00e0fic de persones.<\/li>\n<li style=\"font-weight: 400;\" aria-level=\"1\"><strong>Juliol 2025:<\/strong> Capacitaci\u00f3 per a entrenar a empleats a com reaccionar davant l&#8217;intent de tr\u00e0fic de persones.<\/li>\n<\/ul>\n<p>&nbsp;<\/p>\n<h4>ODS 6 \u2013 Aigua neta i sanejament<\/h4>\n<ul>\n<li style=\"font-weight: 400;\" aria-level=\"1\">Producci\u00f3 d&#8217;aigua calenta sanit\u00e0ria mitjan\u00e7ant energies renovables.<\/li>\n<li style=\"font-weight: 400;\" aria-level=\"1\">Programa de reutilitzaci\u00f3 de tovalloles i llen\u00e7ols.<\/li>\n<li style=\"font-weight: 400;\" aria-level=\"1\"><strong>Octubre 2023:<\/strong> Instal\u00b7laci\u00f3 de dispensadors d&#8217;aigua osmotizada per a reduir residus pl\u00e0stics.<\/li>\n<\/ul>\n<p>&nbsp;<\/p>\n<h4>ODS 7 \u2013 Energia assequible i no contaminant<\/h4>\n<ul>\n<li style=\"font-weight: 400;\" aria-level=\"1\">Prove\u00efment energ\u00e8tic mitjan\u00e7ant plaques solars fotovoltaiques.<\/li>\n<li style=\"font-weight: 400;\" aria-level=\"1\">Il\u00b7luminaci\u00f3 amb temporitzadors i sensors de moviment per a reduir el consum.<\/li>\n<\/ul>\n<p>&nbsp;<\/p>\n<h4>ODS 9 \u2013 Ind\u00fastria, innovaci\u00f3 i infraestructures<\/h4>\n<ul>\n<li style=\"font-weight: 400;\" aria-level=\"1\">Digitalitzaci\u00f3 total de la gesti\u00f3 amb una pol\u00edtica de \u201cZero paper\u201d, utilitzant plataformes digitals.<\/li>\n<\/ul>\n<p>&nbsp;<\/p>\n<h4>ODS 10 \u2013 Reducci\u00f3 de les desigualtats<\/h4>\n<ul>\n<li style=\"font-weight: 400;\" aria-level=\"1\">Suport econ\u00f2mic a organitzacions que promouen la inclusi\u00f3 i drets de persones del col\u00b7lectiu LGTBIQ+.<\/li>\n<li style=\"font-weight: 400;\" aria-level=\"1\"><strong>Juny 2025:<\/strong> Bingo solidari &#8211; NEXTGEN-, amb la finalitat de recaptaci\u00f3 per a la fundaci\u00f3 STOP SIDA.<\/li>\n<\/ul>\n<p>&nbsp;<\/p>\n<h4>ODS 12 \u2013 Producci\u00f3 i consum responsables<\/h4>\n<ul>\n<li style=\"font-weight: 400;\" aria-level=\"1\"><strong>Juliol 2019:<\/strong> Substituci\u00f3 de palletes de pl\u00e0stic per palletes de paper<\/li>\n<li style=\"font-weight: 400;\" aria-level=\"1\">Aplicaci\u00f3 i seguiment de la pol\u00edtica de \u201cZero paper\u201d i reutilitzaci\u00f3.<\/li>\n<\/ul>\n<p>&nbsp;<\/p>\n<h4>ODS 15 \u2013 Vida d&#8217;ecosistemes terrestres<\/h4>\n<ul>\n<li style=\"font-weight: 400;\" aria-level=\"1\">Plantaci\u00f3 i manteniment d&#8217;esp\u00e8cies vegetals aut\u00f2ctones a la terrassa de l&#8217;hotel.<\/li>\n<\/ul>\n<p>&nbsp;<\/p>\n<h4>ODS 16 \u2013 Pau, just\u00edcia i institucions s\u00f2lides<\/h4>\n<ul>\n<li style=\"font-weight: 400;\" aria-level=\"1\">Suport econ\u00f2mic a diverses ONGs i associacions per causes socials.<\/li>\n<li style=\"font-weight: 400;\" aria-level=\"1\"><strong>Octubre 2024:<\/strong> Participaci\u00f3 anual de treballadors en voluntariat en Llogarets Infantils -treballs de manteniment i suport comunitari- en col\u00b7laboraci\u00f3 amb el Northern Spain Business Council.<\/li>\n<\/ul>\n<p>&nbsp;<\/p>\n","protected":false},"excerpt":{"rendered":"<p>Comprom\u00eds amb la Sostenibilitat \u2013 Cotton House Hotel L&#8217;hotel compta amb la Certificaci\u00f3 Biosphere, un reconeixement internacional atorgat per l&#8217;Institut de Turisme Responsable (RTI) per complir amb criteris de sostenibilitat alineats amb els Objectius de Desenvolupament Sostenible (ODS) de l&#8217;Agenda 2030 de Nacions Unides. Aquesta certificaci\u00f3 garanteix una gesti\u00f3 responsable en l&#8217;ambiental, social, cultural i&hellip; <a class=\"more-link\" href=\"https:\/\/hotelcottonhouse.com\/ca\/responsabilidad-social\/\">Continue reading <span class=\"screen-reader-text\">Responsabilitat Social<\/span><\/a><\/p>\n","protected":false},"author":1,"featured_media":0,"parent":0,"menu_order":100,"comment_status":"closed","ping_status":"closed","template":"social.php","meta":{"_acf_changed":false,"footnotes":""},"categories":[],"tags":[],"class_list":["post-11336","page","type-page","status-publish","hentry","entry"],"acf":[],"yoast_head":"<!-- This site is optimized with the Yoast SEO plugin v25.7 - https:\/\/yoast.com\/wordpress\/plugins\/seo\/ -->\n<title>Responsabilitat Social | Cotton House \u2013 Autograph Collection<\/title>\n<meta name=\"robots\" content=\"index, follow, max-snippet:-1, max-image-preview:large, max-video-preview:-1\" \/>\n<link rel=\"canonical\" href=\"https:\/\/hotelcottonhouse.com\/ca\/responsabilidad-social\/\" \/>\n<meta property=\"og:locale\" content=\"ca_ES\" \/>\n<meta property=\"og:type\" content=\"article\" \/>\n<meta property=\"og:title\" content=\"Responsabilitat Social | Cotton House \u2013 Autograph Collection\" \/>\n<meta property=\"og:description\" content=\"Comprom\u00eds amb la Sostenibilitat \u2013 Cotton House Hotel L&#8217;hotel compta amb la Certificaci\u00f3 Biosphere, un reconeixement internacional atorgat per l&#8217;Institut de Turisme Responsable (RTI) per complir amb criteris de sostenibilitat alineats amb els Objectius de Desenvolupament Sostenible (ODS) de l&#8217;Agenda 2030 de Nacions Unides. Aquesta certificaci\u00f3 garanteix una gesti\u00f3 responsable en l&#8217;ambiental, social, cultural i&hellip; Continue reading Responsabilitat Social\" \/>\n<meta property=\"og:url\" content=\"https:\/\/hotelcottonhouse.com\/ca\/responsabilidad-social\/\" \/>\n<meta property=\"og:site_name\" content=\"Cotton House \u2013 Autograph Collection\" \/>\n<meta property=\"article:modified_time\" content=\"2025-08-01T09:47:37+00:00\" \/>\n<meta name=\"twitter:card\" content=\"summary_large_image\" \/>\n<meta name=\"twitter:label1\" content=\"Temps estimat de lectura\" \/>\n\t<meta name=\"twitter:data1\" content=\"3 minuts\" \/>\n<script type=\"application\/ld+json\" class=\"yoast-schema-graph\">{\"@context\":\"https:\/\/schema.org\",\"@graph\":[{\"@type\":\"WebPage\",\"@id\":\"https:\/\/hotelcottonhouse.com\/ca\/responsabilidad-social\/\",\"url\":\"https:\/\/hotelcottonhouse.com\/ca\/responsabilidad-social\/\",\"name\":\"Responsabilitat Social | Cotton House \u2013 Autograph Collection\",\"isPartOf\":{\"@id\":\"https:\/\/hotelcottonhouse.com\/ca\/#website\"},\"datePublished\":\"2025-03-05T09:41:47+00:00\",\"dateModified\":\"2025-08-01T09:47:37+00:00\",\"breadcrumb\":{\"@id\":\"https:\/\/hotelcottonhouse.com\/ca\/responsabilidad-social\/#breadcrumb\"},\"inLanguage\":\"ca\",\"potentialAction\":[{\"@type\":\"ReadAction\",\"target\":[\"https:\/\/hotelcottonhouse.com\/ca\/responsabilidad-social\/\"]}]},{\"@type\":\"BreadcrumbList\",\"@id\":\"https:\/\/hotelcottonhouse.com\/ca\/responsabilidad-social\/#breadcrumb\",\"itemListElement\":[{\"@type\":\"ListItem\",\"position\":1,\"name\":\"Portada\",\"item\":\"https:\/\/hotelcottonhouse.com\/ca\/\"},{\"@type\":\"ListItem\",\"position\":2,\"name\":\"Responsabilitat Social\"}]},{\"@type\":\"WebSite\",\"@id\":\"https:\/\/hotelcottonhouse.com\/ca\/#website\",\"url\":\"https:\/\/hotelcottonhouse.com\/ca\/\",\"name\":\"Cotton House \u2013 Autograph Collection\",\"description\":\"Descubre Cotton House, un hotel boutique de lujo en Barcelona. Ubicado en un emblem\u00e1tico edificio neocl\u00e1sico, ofrece elegancia, confort y exclusividad con el sello Autograph Collection de Marriott. Disfruta de su sofisticado dise\u00f1o, restaurante Batuar y piscina en la azotea.\",\"potentialAction\":[{\"@type\":\"SearchAction\",\"target\":{\"@type\":\"EntryPoint\",\"urlTemplate\":\"https:\/\/hotelcottonhouse.com\/ca\/?s={search_term_string}\"},\"query-input\":{\"@type\":\"PropertyValueSpecification\",\"valueRequired\":true,\"valueName\":\"search_term_string\"}}],\"inLanguage\":\"ca\"}]}<\/script>\n<!-- \/ Yoast SEO plugin. -->","yoast_head_json":{"title":"Responsabilitat Social | Cotton House \u2013 Autograph Collection","robots":{"index":"index","follow":"follow","max-snippet":"max-snippet:-1","max-image-preview":"max-image-preview:large","max-video-preview":"max-video-preview:-1"},"canonical":"https:\/\/hotelcottonhouse.com\/ca\/responsabilidad-social\/","og_locale":"ca_ES","og_type":"article","og_title":"Responsabilitat Social | Cotton House \u2013 Autograph Collection","og_description":"Comprom\u00eds amb la Sostenibilitat \u2013 Cotton House Hotel L&#8217;hotel compta amb la Certificaci\u00f3 Biosphere, un reconeixement internacional atorgat per l&#8217;Institut de Turisme Responsable (RTI) per complir amb criteris de sostenibilitat alineats amb els Objectius de Desenvolupament Sostenible (ODS) de l&#8217;Agenda 2030 de Nacions Unides. Aquesta certificaci\u00f3 garanteix una gesti\u00f3 responsable en l&#8217;ambiental, social, cultural i&hellip; Continue reading Responsabilitat Social","og_url":"https:\/\/hotelcottonhouse.com\/ca\/responsabilidad-social\/","og_site_name":"Cotton House \u2013 Autograph Collection","article_modified_time":"2025-08-01T09:47:37+00:00","twitter_card":"summary_large_image","twitter_misc":{"Temps estimat de lectura":"3 minuts"},"schema":{"@context":"https:\/\/schema.org","@graph":[{"@type":"WebPage","@id":"https:\/\/hotelcottonhouse.com\/ca\/responsabilidad-social\/","url":"https:\/\/hotelcottonhouse.com\/ca\/responsabilidad-social\/","name":"Responsabilitat Social | Cotton House \u2013 Autograph Collection","isPartOf":{"@id":"https:\/\/hotelcottonhouse.com\/ca\/#website"},"datePublished":"2025-03-05T09:41:47+00:00","dateModified":"2025-08-01T09:47:37+00:00","breadcrumb":{"@id":"https:\/\/hotelcottonhouse.com\/ca\/responsabilidad-social\/#breadcrumb"},"inLanguage":"ca","potentialAction":[{"@type":"ReadAction","target":["https:\/\/hotelcottonhouse.com\/ca\/responsabilidad-social\/"]}]},{"@type":"BreadcrumbList","@id":"https:\/\/hotelcottonhouse.com\/ca\/responsabilidad-social\/#breadcrumb","itemListElement":[{"@type":"ListItem","position":1,"name":"Portada","item":"https:\/\/hotelcottonhouse.com\/ca\/"},{"@type":"ListItem","position":2,"name":"Responsabilitat Social"}]},{"@type":"WebSite","@id":"https:\/\/hotelcottonhouse.com\/ca\/#website","url":"https:\/\/hotelcottonhouse.com\/ca\/","name":"Cotton House \u2013 Autograph Collection","description":"Descubre Cotton House, un hotel boutique de lujo en Barcelona. Ubicado en un emblem\u00e1tico edificio neocl\u00e1sico, ofrece elegancia, confort y exclusividad con el sello Autograph Collection de Marriott. Disfruta de su sofisticado dise\u00f1o, restaurante Batuar y piscina en la azotea.","potentialAction":[{"@type":"SearchAction","target":{"@type":"EntryPoint","urlTemplate":"https:\/\/hotelcottonhouse.com\/ca\/?s={search_term_string}"},"query-input":{"@type":"PropertyValueSpecification","valueRequired":true,"valueName":"search_term_string"}}],"inLanguage":"ca"}]}},"_links":{"self":[{"href":"https:\/\/hotelcottonhouse.com\/ca\/wp-json\/wp\/v2\/pages\/11336","targetHints":{"allow":["GET"]}}],"collection":[{"href":"https:\/\/hotelcottonhouse.com\/ca\/wp-json\/wp\/v2\/pages"}],"about":[{"href":"https:\/\/hotelcottonhouse.com\/ca\/wp-json\/wp\/v2\/types\/page"}],"author":[{"embeddable":true,"href":"https:\/\/hotelcottonhouse.com\/ca\/wp-json\/wp\/v2\/users\/1"}],"replies":[{"embeddable":true,"href":"https:\/\/hotelcottonhouse.com\/ca\/wp-json\/wp\/v2\/comments?post=11336"}],"version-history":[{"count":9,"href":"https:\/\/hotelcottonhouse.com\/ca\/wp-json\/wp\/v2\/pages\/11336\/revisions"}],"predecessor-version":[{"id":18889,"href":"https:\/\/hotelcottonhouse.com\/ca\/wp-json\/wp\/v2\/pages\/11336\/revisions\/18889"}],"wp:attachment":[{"href":"https:\/\/hotelcottonhouse.com\/ca\/wp-json\/wp\/v2\/media?parent=11336"}],"wp:term":[{"taxonomy":"category","embeddable":true,"href":"https:\/\/hotelcottonhouse.com\/ca\/wp-json\/wp\/v2\/categories?post=11336"},{"taxonomy":"post_tag","embeddable":true,"href":"https:\/\/hotelcottonhouse.com\/ca\/wp-json\/wp\/v2\/tags?post=11336"}],"curies":[{"name":"wp","href":"https:\/\/api.w.org\/{rel}","templated":true}]}}