{"id":10859,"date":"2025-02-17T23:16:47","date_gmt":"2025-02-17T22:16:47","guid":{"rendered":"https:\/\/hotelcottonhouse.rkinnova.com\/?page_id=10859"},"modified":"2026-02-24T11:52:51","modified_gmt":"2026-02-24T10:52:51","slug":"latelier","status":"publish","type":"page","link":"https:\/\/hotelcottonhouse.com\/en\/guest-services\/latelier\/","title":{"rendered":"L\u2019Atelier"},"content":{"rendered":"","protected":false},"excerpt":{"rendered":"","protected":false},"author":1,"featured_media":11747,"parent":10856,"menu_order":72,"comment_status":"closed","ping_status":"closed","template":"atelier.php","meta":{"_acf_changed":false,"footnotes":""},"categories":[],"tags":[511,508,130,514,513,509,498,515,512,516,510],"class_list":["post-10859","page","type-page","status-publish","has-post-thumbnail","hentry","tag-bespoke-suits-barcelona","tag-bespoke-tailoring-barcelona","tag-casa-del-algodon-en","tag-custom-tailoring","tag-exclusive-hotel-service","tag-hotel-with-tailoring-service","tag-house-of-cotton","tag-latelier-cotton-house-en","tag-luxury-craftwork","tag-santa-eulalia-barcelona-en","tag-textile-tradition-barcelona","entry"],"acf":[],"yoast_head":"<!-- This site is optimized with the Yoast SEO plugin v25.7 - https:\/\/yoast.com\/wordpress\/plugins\/seo\/ -->\n<title>L\u2019Atelier: Bespoke Tailoring in Barcelona | Cotton House \u2013 Autograph Collection<\/title>\n<meta name=\"description\" content=\"Welcome to L\u2019Atelier at Cotton House, where the textile tradition comes to life with an exclusive bespoke tailoring service in collaboration with Santa Eulalia tailoring shop, the most renowned in Barcelona.\" \/>\n<meta name=\"robots\" content=\"index, follow, max-snippet:-1, max-image-preview:large, max-video-preview:-1\" \/>\n<link rel=\"canonical\" href=\"https:\/\/hotelcottonhouse.com\/en\/guest-services\/latelier\/\" \/>\n<meta property=\"og:locale\" content=\"en_US\" \/>\n<meta property=\"og:type\" content=\"article\" \/>\n<meta property=\"og:title\" content=\"L\u2019Atelier: Bespoke Tailoring in Barcelona | Cotton House \u2013 Autograph Collection\" \/>\n<meta property=\"og:description\" content=\"Welcome to L\u2019Atelier at Cotton House, where the textile tradition comes to life with an exclusive bespoke tailoring service in collaboration with Santa Eulalia tailoring shop, the most renowned in Barcelona.\" \/>\n<meta property=\"og:url\" content=\"https:\/\/hotelcottonhouse.com\/en\/guest-services\/latelier\/\" \/>\n<meta property=\"og:site_name\" content=\"Cotton House \u2013 Autograph Collection\" \/>\n<meta property=\"article:modified_time\" content=\"2026-02-24T10:52:51+00:00\" \/>\n<meta property=\"og:image\" content=\"https:\/\/hotelcottonhouse.com\/wp-content\/uploads\/2025\/03\/Atelier_CottonHouse-scaled.jpg\" \/>\n\t<meta property=\"og:image:width\" content=\"2560\" \/>\n\t<meta property=\"og:image:height\" content=\"1747\" \/>\n\t<meta property=\"og:image:type\" content=\"image\/jpeg\" \/>\n<meta name=\"twitter:card\" content=\"summary_large_image\" \/>\n<meta name=\"twitter:label1\" content=\"Est. reading time\" \/>\n\t<meta name=\"twitter:data1\" content=\"1 minute\" \/>\n<script type=\"application\/ld+json\" class=\"yoast-schema-graph\">{\"@context\":\"https:\/\/schema.org\",\"@graph\":[{\"@type\":\"WebPage\",\"@id\":\"https:\/\/hotelcottonhouse.com\/en\/guest-services\/latelier\/\",\"url\":\"https:\/\/hotelcottonhouse.com\/en\/guest-services\/latelier\/\",\"name\":\"L\u2019Atelier: Bespoke Tailoring in Barcelona | Cotton House \u2013 Autograph Collection\",\"isPartOf\":{\"@id\":\"https:\/\/hotelcottonhouse.com\/en\/#website\"},\"primaryImageOfPage\":{\"@id\":\"https:\/\/hotelcottonhouse.com\/en\/guest-services\/latelier\/#primaryimage\"},\"image\":{\"@id\":\"https:\/\/hotelcottonhouse.com\/en\/guest-services\/latelier\/#primaryimage\"},\"thumbnailUrl\":\"https:\/\/hotelcottonhouse.com\/wp-content\/uploads\/2025\/03\/Atelier_CottonHouse-scaled.jpg\",\"datePublished\":\"2025-02-17T22:16:47+00:00\",\"dateModified\":\"2026-02-24T10:52:51+00:00\",\"description\":\"Welcome to L\u2019Atelier at Cotton House, where the textile tradition comes to life with an exclusive bespoke tailoring service in collaboration with Santa Eulalia tailoring shop, the most renowned in Barcelona.\",\"breadcrumb\":{\"@id\":\"https:\/\/hotelcottonhouse.com\/en\/guest-services\/latelier\/#breadcrumb\"},\"inLanguage\":\"en-US\",\"potentialAction\":[{\"@type\":\"ReadAction\",\"target\":[\"https:\/\/hotelcottonhouse.com\/en\/guest-services\/latelier\/\"]}]},{\"@type\":\"ImageObject\",\"inLanguage\":\"en-US\",\"@id\":\"https:\/\/hotelcottonhouse.com\/en\/guest-services\/latelier\/#primaryimage\",\"url\":\"https:\/\/hotelcottonhouse.com\/wp-content\/uploads\/2025\/03\/Atelier_CottonHouse-scaled.jpg\",\"contentUrl\":\"https:\/\/hotelcottonhouse.com\/wp-content\/uploads\/2025\/03\/Atelier_CottonHouse-scaled.jpg\",\"width\":2560,\"height\":1747,\"caption\":\"El hotel mantiene viva esta tradici\u00f3n ofreciendo a sus hu\u00e9spedes un servicio de sastrer\u00eda a medida de la mano de Santa Eulalia, expertos en sastrer\u00eda desde 1843. Bajo petici\u00f3n, un profesional se desplazar\u00e1 a l\u2019Atelier para tomar las medidas, asesorar y elegir los tejidos y los detalles para confeccionar las prendas.\"},{\"@type\":\"BreadcrumbList\",\"@id\":\"https:\/\/hotelcottonhouse.com\/en\/guest-services\/latelier\/#breadcrumb\",\"itemListElement\":[{\"@type\":\"ListItem\",\"position\":1,\"name\":\"Portada\",\"item\":\"https:\/\/hotelcottonhouse.com\/en\/\"},{\"@type\":\"ListItem\",\"position\":2,\"name\":\"Services\",\"item\":\"https:\/\/hotelcottonhouse.com\/en\/guest-services\/\"},{\"@type\":\"ListItem\",\"position\":3,\"name\":\"L\u2019Atelier\"}]},{\"@type\":\"WebSite\",\"@id\":\"https:\/\/hotelcottonhouse.com\/en\/#website\",\"url\":\"https:\/\/hotelcottonhouse.com\/en\/\",\"name\":\"Cotton House \u2013 Autograph Collection\",\"description\":\"Descubre Cotton House, un hotel boutique de lujo en Barcelona. Ubicado en un emblem\u00e1tico edificio neocl\u00e1sico, ofrece elegancia, confort y exclusividad con el sello Autograph Collection de Marriott. Disfruta de su sofisticado dise\u00f1o, restaurante Batuar y piscina en la azotea.\",\"potentialAction\":[{\"@type\":\"SearchAction\",\"target\":{\"@type\":\"EntryPoint\",\"urlTemplate\":\"https:\/\/hotelcottonhouse.com\/en\/?s={search_term_string}\"},\"query-input\":{\"@type\":\"PropertyValueSpecification\",\"valueRequired\":true,\"valueName\":\"search_term_string\"}}],\"inLanguage\":\"en-US\"}]}<\/script>\n<!-- \/ Yoast SEO plugin. -->","yoast_head_json":{"title":"L\u2019Atelier: Bespoke Tailoring in Barcelona | Cotton House \u2013 Autograph Collection","description":"Welcome to L\u2019Atelier at Cotton House, where the textile tradition comes to life with an exclusive bespoke tailoring service in collaboration with Santa Eulalia tailoring shop, the most renowned in Barcelona.","robots":{"index":"index","follow":"follow","max-snippet":"max-snippet:-1","max-image-preview":"max-image-preview:large","max-video-preview":"max-video-preview:-1"},"canonical":"https:\/\/hotelcottonhouse.com\/en\/guest-services\/latelier\/","og_locale":"en_US","og_type":"article","og_title":"L\u2019Atelier: Bespoke Tailoring in Barcelona | Cotton House \u2013 Autograph Collection","og_description":"Welcome to L\u2019Atelier at Cotton House, where the textile tradition comes to life with an exclusive bespoke tailoring service in collaboration with Santa Eulalia tailoring shop, the most renowned in Barcelona.","og_url":"https:\/\/hotelcottonhouse.com\/en\/guest-services\/latelier\/","og_site_name":"Cotton House \u2013 Autograph Collection","article_modified_time":"2026-02-24T10:52:51+00:00","og_image":[{"width":2560,"height":1747,"url":"https:\/\/hotelcottonhouse.com\/wp-content\/uploads\/2025\/03\/Atelier_CottonHouse-scaled.jpg","type":"image\/jpeg"}],"twitter_card":"summary_large_image","twitter_misc":{"Est. reading time":"1 minute"},"schema":{"@context":"https:\/\/schema.org","@graph":[{"@type":"WebPage","@id":"https:\/\/hotelcottonhouse.com\/en\/guest-services\/latelier\/","url":"https:\/\/hotelcottonhouse.com\/en\/guest-services\/latelier\/","name":"L\u2019Atelier: Bespoke Tailoring in Barcelona | Cotton House \u2013 Autograph Collection","isPartOf":{"@id":"https:\/\/hotelcottonhouse.com\/en\/#website"},"primaryImageOfPage":{"@id":"https:\/\/hotelcottonhouse.com\/en\/guest-services\/latelier\/#primaryimage"},"image":{"@id":"https:\/\/hotelcottonhouse.com\/en\/guest-services\/latelier\/#primaryimage"},"thumbnailUrl":"https:\/\/hotelcottonhouse.com\/wp-content\/uploads\/2025\/03\/Atelier_CottonHouse-scaled.jpg","datePublished":"2025-02-17T22:16:47+00:00","dateModified":"2026-02-24T10:52:51+00:00","description":"Welcome to L\u2019Atelier at Cotton House, where the textile tradition comes to life with an exclusive bespoke tailoring service in collaboration with Santa Eulalia tailoring shop, the most renowned in Barcelona.","breadcrumb":{"@id":"https:\/\/hotelcottonhouse.com\/en\/guest-services\/latelier\/#breadcrumb"},"inLanguage":"en-US","potentialAction":[{"@type":"ReadAction","target":["https:\/\/hotelcottonhouse.com\/en\/guest-services\/latelier\/"]}]},{"@type":"ImageObject","inLanguage":"en-US","@id":"https:\/\/hotelcottonhouse.com\/en\/guest-services\/latelier\/#primaryimage","url":"https:\/\/hotelcottonhouse.com\/wp-content\/uploads\/2025\/03\/Atelier_CottonHouse-scaled.jpg","contentUrl":"https:\/\/hotelcottonhouse.com\/wp-content\/uploads\/2025\/03\/Atelier_CottonHouse-scaled.jpg","width":2560,"height":1747,"caption":"El hotel mantiene viva esta tradici\u00f3n ofreciendo a sus hu\u00e9spedes un servicio de sastrer\u00eda a medida de la mano de Santa Eulalia, expertos en sastrer\u00eda desde 1843. Bajo petici\u00f3n, un profesional se desplazar\u00e1 a l\u2019Atelier para tomar las medidas, asesorar y elegir los tejidos y los detalles para confeccionar las prendas."},{"@type":"BreadcrumbList","@id":"https:\/\/hotelcottonhouse.com\/en\/guest-services\/latelier\/#breadcrumb","itemListElement":[{"@type":"ListItem","position":1,"name":"Portada","item":"https:\/\/hotelcottonhouse.com\/en\/"},{"@type":"ListItem","position":2,"name":"Services","item":"https:\/\/hotelcottonhouse.com\/en\/guest-services\/"},{"@type":"ListItem","position":3,"name":"L\u2019Atelier"}]},{"@type":"WebSite","@id":"https:\/\/hotelcottonhouse.com\/en\/#website","url":"https:\/\/hotelcottonhouse.com\/en\/","name":"Cotton House \u2013 Autograph Collection","description":"Descubre Cotton House, un hotel boutique de lujo en Barcelona. Ubicado en un emblem\u00e1tico edificio neocl\u00e1sico, ofrece elegancia, confort y exclusividad con el sello Autograph Collection de Marriott. Disfruta de su sofisticado dise\u00f1o, restaurante Batuar y piscina en la azotea.","potentialAction":[{"@type":"SearchAction","target":{"@type":"EntryPoint","urlTemplate":"https:\/\/hotelcottonhouse.com\/en\/?s={search_term_string}"},"query-input":{"@type":"PropertyValueSpecification","valueRequired":true,"valueName":"search_term_string"}}],"inLanguage":"en-US"}]}},"_links":{"self":[{"href":"https:\/\/hotelcottonhouse.com\/en\/wp-json\/wp\/v2\/pages\/10859","targetHints":{"allow":["GET"]}}],"collection":[{"href":"https:\/\/hotelcottonhouse.com\/en\/wp-json\/wp\/v2\/pages"}],"about":[{"href":"https:\/\/hotelcottonhouse.com\/en\/wp-json\/wp\/v2\/types\/page"}],"author":[{"embeddable":true,"href":"https:\/\/hotelcottonhouse.com\/en\/wp-json\/wp\/v2\/users\/1"}],"replies":[{"embeddable":true,"href":"https:\/\/hotelcottonhouse.com\/en\/wp-json\/wp\/v2\/comments?post=10859"}],"version-history":[{"count":5,"href":"https:\/\/hotelcottonhouse.com\/en\/wp-json\/wp\/v2\/pages\/10859\/revisions"}],"predecessor-version":[{"id":20082,"href":"https:\/\/hotelcottonhouse.com\/en\/wp-json\/wp\/v2\/pages\/10859\/revisions\/20082"}],"up":[{"embeddable":true,"href":"https:\/\/hotelcottonhouse.com\/en\/wp-json\/wp\/v2\/pages\/10856"}],"wp:featuredmedia":[{"embeddable":true,"href":"https:\/\/hotelcottonhouse.com\/en\/wp-json\/wp\/v2\/media\/11747"}],"wp:attachment":[{"href":"https:\/\/hotelcottonhouse.com\/en\/wp-json\/wp\/v2\/media?parent=10859"}],"wp:term":[{"taxonomy":"category","embeddable":true,"href":"https:\/\/hotelcottonhouse.com\/en\/wp-json\/wp\/v2\/categories?post=10859"},{"taxonomy":"post_tag","embeddable":true,"href":"https:\/\/hotelcottonhouse.com\/en\/wp-json\/wp\/v2\/tags?post=10859"}],"curies":[{"name":"wp","href":"https:\/\/api.w.org\/{rel}","templated":true}]}}