{"id":10893,"date":"2025-02-04T17:04:29","date_gmt":"2025-02-04T16:04:29","guid":{"rendered":"https:\/\/hotelcottonhouse.rkinnova.com\/?page_id=10893"},"modified":"2025-03-20T10:56:17","modified_gmt":"2025-03-20T09:56:17","slug":"tafetan-suite","status":"publish","type":"page","link":"https:\/\/hotelcottonhouse.com\/en\/rooms-and-suites\/tafetan-suite\/","title":{"rendered":"Tafet\u00e1n"},"content":{"rendered":"","protected":false},"excerpt":{"rendered":"","protected":false},"author":1,"featured_media":11941,"parent":10875,"menu_order":29,"comment_status":"closed","ping_status":"closed","template":"habitaciones-pag.php","meta":{"_acf_changed":false,"footnotes":""},"categories":[591],"tags":[540,480,547,570,568,566,571,569,567,565],"class_list":["post-10893","page","type-page","status-publish","has-post-thumbnail","hentry","category-habitacion-4","tag-comfort-and-design","tag-exclusive-accommodation-barcelona","tag-five-star-boutique-hotel","tag-hotel-in-the-center-of-barcelona","tag-luxury-relaxation","tag-luxury-suite","tag-premium-experience","tag-room-with-separate-living-area","tag-suite-overlooking-the-city","tag-tafetan-suite-barcelona","entry"],"acf":[],"yoast_head":"<!-- This site is optimized with the Yoast SEO plugin v25.7 - https:\/\/yoast.com\/wordpress\/plugins\/seo\/ -->\n<title>Tafet\u00e1n Suite: Elegance and Comfort | Cotton House \u2013 Autograph Collection<\/title>\n<meta name=\"description\" content=\"The Cotton House Tafet\u00e1n Suite combines elegance and comfort with historic architectural details. Enjoy 47 sqm (506 sq ft) overlooking the Gran Via, separate living area and an elegant bathroom with bathtub and shower.\" \/>\n<meta name=\"robots\" content=\"index, follow, max-snippet:-1, max-image-preview:large, max-video-preview:-1\" \/>\n<link rel=\"canonical\" href=\"https:\/\/hotelcottonhouse.com\/en\/rooms-and-suites\/tafetan-suite\/\" \/>\n<meta property=\"og:locale\" content=\"en_US\" \/>\n<meta property=\"og:type\" content=\"article\" \/>\n<meta property=\"og:title\" content=\"Tafet\u00e1n Suite: Elegance and Comfort | Cotton House \u2013 Autograph Collection\" \/>\n<meta property=\"og:description\" content=\"The Cotton House Tafet\u00e1n Suite combines elegance and comfort with historic architectural details. Enjoy 47 sqm (506 sq ft) overlooking the Gran Via, separate living area and an elegant bathroom with bathtub and shower.\" \/>\n<meta property=\"og:url\" content=\"https:\/\/hotelcottonhouse.com\/en\/rooms-and-suites\/tafetan-suite\/\" \/>\n<meta property=\"og:site_name\" content=\"Cotton House \u2013 Autograph Collection\" \/>\n<meta property=\"article:modified_time\" content=\"2025-03-20T09:56:17+00:00\" \/>\n<meta property=\"og:image\" content=\"https:\/\/hotelcottonhouse.com\/wp-content\/uploads\/2025\/03\/TafetanSuite_CottonHouse-cama-scaled.jpg\" \/>\n\t<meta property=\"og:image:width\" content=\"2560\" \/>\n\t<meta property=\"og:image:height\" content=\"1440\" \/>\n\t<meta property=\"og:image:type\" content=\"image\/jpeg\" \/>\n<meta name=\"twitter:card\" content=\"summary_large_image\" \/>\n<meta name=\"twitter:label1\" content=\"Est. reading time\" \/>\n\t<meta name=\"twitter:data1\" content=\"1 minute\" \/>\n<script type=\"application\/ld+json\" class=\"yoast-schema-graph\">{\"@context\":\"https:\/\/schema.org\",\"@graph\":[{\"@type\":\"WebPage\",\"@id\":\"https:\/\/hotelcottonhouse.com\/en\/rooms-and-suites\/tafetan-suite\/\",\"url\":\"https:\/\/hotelcottonhouse.com\/en\/rooms-and-suites\/tafetan-suite\/\",\"name\":\"Tafet\u00e1n Suite: Elegance and Comfort | Cotton House \u2013 Autograph Collection\",\"isPartOf\":{\"@id\":\"https:\/\/hotelcottonhouse.com\/en\/#website\"},\"primaryImageOfPage\":{\"@id\":\"https:\/\/hotelcottonhouse.com\/en\/rooms-and-suites\/tafetan-suite\/#primaryimage\"},\"image\":{\"@id\":\"https:\/\/hotelcottonhouse.com\/en\/rooms-and-suites\/tafetan-suite\/#primaryimage\"},\"thumbnailUrl\":\"https:\/\/hotelcottonhouse.com\/wp-content\/uploads\/2025\/03\/TafetanSuite_CottonHouse-cama-scaled.jpg\",\"datePublished\":\"2025-02-04T16:04:29+00:00\",\"dateModified\":\"2025-03-20T09:56:17+00:00\",\"description\":\"The Cotton House Tafet\u00e1n Suite combines elegance and comfort with historic architectural details. Enjoy 47 sqm (506 sq ft) overlooking the Gran Via, separate living area and an elegant bathroom with bathtub and shower.\",\"breadcrumb\":{\"@id\":\"https:\/\/hotelcottonhouse.com\/en\/rooms-and-suites\/tafetan-suite\/#breadcrumb\"},\"inLanguage\":\"en-US\",\"potentialAction\":[{\"@type\":\"ReadAction\",\"target\":[\"https:\/\/hotelcottonhouse.com\/en\/rooms-and-suites\/tafetan-suite\/\"]}]},{\"@type\":\"ImageObject\",\"inLanguage\":\"en-US\",\"@id\":\"https:\/\/hotelcottonhouse.com\/en\/rooms-and-suites\/tafetan-suite\/#primaryimage\",\"url\":\"https:\/\/hotelcottonhouse.com\/wp-content\/uploads\/2025\/03\/TafetanSuite_CottonHouse-cama-scaled.jpg\",\"contentUrl\":\"https:\/\/hotelcottonhouse.com\/wp-content\/uploads\/2025\/03\/TafetanSuite_CottonHouse-cama-scaled.jpg\",\"width\":2560,\"height\":1440,\"caption\":\"Cama king size de la Tafet\u00e1n Suite del Cotton House Hotel, con mural bot\u00e1nico y luz natural filtrada por cortinas transl\u00facidas.\"},{\"@type\":\"BreadcrumbList\",\"@id\":\"https:\/\/hotelcottonhouse.com\/en\/rooms-and-suites\/tafetan-suite\/#breadcrumb\",\"itemListElement\":[{\"@type\":\"ListItem\",\"position\":1,\"name\":\"Portada\",\"item\":\"https:\/\/hotelcottonhouse.com\/en\/\"},{\"@type\":\"ListItem\",\"position\":2,\"name\":\"Rooms\",\"item\":\"https:\/\/hotelcottonhouse.com\/en\/rooms-and-suites\/\"},{\"@type\":\"ListItem\",\"position\":3,\"name\":\"Tafet\u00e1n\"}]},{\"@type\":\"WebSite\",\"@id\":\"https:\/\/hotelcottonhouse.com\/en\/#website\",\"url\":\"https:\/\/hotelcottonhouse.com\/en\/\",\"name\":\"Cotton House \u2013 Autograph Collection\",\"description\":\"Descubre Cotton House, un hotel boutique de lujo en Barcelona. Ubicado en un emblem\u00e1tico edificio neocl\u00e1sico, ofrece elegancia, confort y exclusividad con el sello Autograph Collection de Marriott. Disfruta de su sofisticado dise\u00f1o, restaurante Batuar y piscina en la azotea.\",\"potentialAction\":[{\"@type\":\"SearchAction\",\"target\":{\"@type\":\"EntryPoint\",\"urlTemplate\":\"https:\/\/hotelcottonhouse.com\/en\/?s={search_term_string}\"},\"query-input\":{\"@type\":\"PropertyValueSpecification\",\"valueRequired\":true,\"valueName\":\"search_term_string\"}}],\"inLanguage\":\"en-US\"}]}<\/script>\n<!-- \/ Yoast SEO plugin. -->","yoast_head_json":{"title":"Tafet\u00e1n Suite: Elegance and Comfort | Cotton House \u2013 Autograph Collection","description":"The Cotton House Tafet\u00e1n Suite combines elegance and comfort with historic architectural details. Enjoy 47 sqm (506 sq ft) overlooking the Gran Via, separate living area and an elegant bathroom with bathtub and shower.","robots":{"index":"index","follow":"follow","max-snippet":"max-snippet:-1","max-image-preview":"max-image-preview:large","max-video-preview":"max-video-preview:-1"},"canonical":"https:\/\/hotelcottonhouse.com\/en\/rooms-and-suites\/tafetan-suite\/","og_locale":"en_US","og_type":"article","og_title":"Tafet\u00e1n Suite: Elegance and Comfort | Cotton House \u2013 Autograph Collection","og_description":"The Cotton House Tafet\u00e1n Suite combines elegance and comfort with historic architectural details. Enjoy 47 sqm (506 sq ft) overlooking the Gran Via, separate living area and an elegant bathroom with bathtub and shower.","og_url":"https:\/\/hotelcottonhouse.com\/en\/rooms-and-suites\/tafetan-suite\/","og_site_name":"Cotton House \u2013 Autograph Collection","article_modified_time":"2025-03-20T09:56:17+00:00","og_image":[{"width":2560,"height":1440,"url":"https:\/\/hotelcottonhouse.com\/wp-content\/uploads\/2025\/03\/TafetanSuite_CottonHouse-cama-scaled.jpg","type":"image\/jpeg"}],"twitter_card":"summary_large_image","twitter_misc":{"Est. reading time":"1 minute"},"schema":{"@context":"https:\/\/schema.org","@graph":[{"@type":"WebPage","@id":"https:\/\/hotelcottonhouse.com\/en\/rooms-and-suites\/tafetan-suite\/","url":"https:\/\/hotelcottonhouse.com\/en\/rooms-and-suites\/tafetan-suite\/","name":"Tafet\u00e1n Suite: Elegance and Comfort | Cotton House \u2013 Autograph Collection","isPartOf":{"@id":"https:\/\/hotelcottonhouse.com\/en\/#website"},"primaryImageOfPage":{"@id":"https:\/\/hotelcottonhouse.com\/en\/rooms-and-suites\/tafetan-suite\/#primaryimage"},"image":{"@id":"https:\/\/hotelcottonhouse.com\/en\/rooms-and-suites\/tafetan-suite\/#primaryimage"},"thumbnailUrl":"https:\/\/hotelcottonhouse.com\/wp-content\/uploads\/2025\/03\/TafetanSuite_CottonHouse-cama-scaled.jpg","datePublished":"2025-02-04T16:04:29+00:00","dateModified":"2025-03-20T09:56:17+00:00","description":"The Cotton House Tafet\u00e1n Suite combines elegance and comfort with historic architectural details. Enjoy 47 sqm (506 sq ft) overlooking the Gran Via, separate living area and an elegant bathroom with bathtub and shower.","breadcrumb":{"@id":"https:\/\/hotelcottonhouse.com\/en\/rooms-and-suites\/tafetan-suite\/#breadcrumb"},"inLanguage":"en-US","potentialAction":[{"@type":"ReadAction","target":["https:\/\/hotelcottonhouse.com\/en\/rooms-and-suites\/tafetan-suite\/"]}]},{"@type":"ImageObject","inLanguage":"en-US","@id":"https:\/\/hotelcottonhouse.com\/en\/rooms-and-suites\/tafetan-suite\/#primaryimage","url":"https:\/\/hotelcottonhouse.com\/wp-content\/uploads\/2025\/03\/TafetanSuite_CottonHouse-cama-scaled.jpg","contentUrl":"https:\/\/hotelcottonhouse.com\/wp-content\/uploads\/2025\/03\/TafetanSuite_CottonHouse-cama-scaled.jpg","width":2560,"height":1440,"caption":"Cama king size de la Tafet\u00e1n Suite del Cotton House Hotel, con mural bot\u00e1nico y luz natural filtrada por cortinas transl\u00facidas."},{"@type":"BreadcrumbList","@id":"https:\/\/hotelcottonhouse.com\/en\/rooms-and-suites\/tafetan-suite\/#breadcrumb","itemListElement":[{"@type":"ListItem","position":1,"name":"Portada","item":"https:\/\/hotelcottonhouse.com\/en\/"},{"@type":"ListItem","position":2,"name":"Rooms","item":"https:\/\/hotelcottonhouse.com\/en\/rooms-and-suites\/"},{"@type":"ListItem","position":3,"name":"Tafet\u00e1n"}]},{"@type":"WebSite","@id":"https:\/\/hotelcottonhouse.com\/en\/#website","url":"https:\/\/hotelcottonhouse.com\/en\/","name":"Cotton House \u2013 Autograph Collection","description":"Descubre Cotton House, un hotel boutique de lujo en Barcelona. Ubicado en un emblem\u00e1tico edificio neocl\u00e1sico, ofrece elegancia, confort y exclusividad con el sello Autograph Collection de Marriott. Disfruta de su sofisticado dise\u00f1o, restaurante Batuar y piscina en la azotea.","potentialAction":[{"@type":"SearchAction","target":{"@type":"EntryPoint","urlTemplate":"https:\/\/hotelcottonhouse.com\/en\/?s={search_term_string}"},"query-input":{"@type":"PropertyValueSpecification","valueRequired":true,"valueName":"search_term_string"}}],"inLanguage":"en-US"}]}},"_links":{"self":[{"href":"https:\/\/hotelcottonhouse.com\/en\/wp-json\/wp\/v2\/pages\/10893","targetHints":{"allow":["GET"]}}],"collection":[{"href":"https:\/\/hotelcottonhouse.com\/en\/wp-json\/wp\/v2\/pages"}],"about":[{"href":"https:\/\/hotelcottonhouse.com\/en\/wp-json\/wp\/v2\/types\/page"}],"author":[{"embeddable":true,"href":"https:\/\/hotelcottonhouse.com\/en\/wp-json\/wp\/v2\/users\/1"}],"replies":[{"embeddable":true,"href":"https:\/\/hotelcottonhouse.com\/en\/wp-json\/wp\/v2\/comments?post=10893"}],"version-history":[{"count":2,"href":"https:\/\/hotelcottonhouse.com\/en\/wp-json\/wp\/v2\/pages\/10893\/revisions"}],"predecessor-version":[{"id":11037,"href":"https:\/\/hotelcottonhouse.com\/en\/wp-json\/wp\/v2\/pages\/10893\/revisions\/11037"}],"up":[{"embeddable":true,"href":"https:\/\/hotelcottonhouse.com\/en\/wp-json\/wp\/v2\/pages\/10875"}],"wp:featuredmedia":[{"embeddable":true,"href":"https:\/\/hotelcottonhouse.com\/en\/wp-json\/wp\/v2\/media\/11941"}],"wp:attachment":[{"href":"https:\/\/hotelcottonhouse.com\/en\/wp-json\/wp\/v2\/media?parent=10893"}],"wp:term":[{"taxonomy":"category","embeddable":true,"href":"https:\/\/hotelcottonhouse.com\/en\/wp-json\/wp\/v2\/categories?post=10893"},{"taxonomy":"post_tag","embeddable":true,"href":"https:\/\/hotelcottonhouse.com\/en\/wp-json\/wp\/v2\/tags?post=10893"}],"curies":[{"name":"wp","href":"https:\/\/api.w.org\/{rel}","templated":true}]}}