{"id":10845,"date":"2024-01-01T10:55:25","date_gmt":"2024-01-01T09:55:25","guid":{"rendered":"https:\/\/hotelcottonhouse.rkinnova.com\/?page_id=10845"},"modified":"2026-03-12T13:54:58","modified_gmt":"2026-03-12T12:54:58","slug":"10845-2","status":"publish","type":"page","link":"https:\/\/hotelcottonhouse.com\/fr\/","title":{"rendered":"Home"},"content":{"rendered":"","protected":false},"excerpt":{"rendered":"","protected":false},"author":1,"featured_media":9217,"parent":0,"menu_order":0,"comment_status":"closed","ping_status":"closed","template":"portada-nova.php","meta":{"_acf_changed":false,"footnotes":""},"categories":[],"tags":[336,328,329,331,335,334,330,327,333,326,332],"class_list":["post-10845","page","type-page","status-publish","has-post-thumbnail","hentry","tag-autograph-collection-fr","tag-cotton-house-barcelone","tag-hebergement-exclusif-barcelone","tag-hotel-avec-piscine-barcelone","tag-hotel-barcelone","tag-hotel-centre-ville-barcelone","tag-hotel-cinq-etoiles-barcelone","tag-hotel-de-luxe-barcelone","tag-hotel-neoclassique-barcelone","tag-hotel-boutique-barcelone","tag-meilleur-hotel-boutique-barcelone","entry"],"acf":[],"yoast_head":"<!-- This site is optimized with the Yoast SEO plugin v25.7 - https:\/\/yoast.com\/wordpress\/plugins\/seo\/ -->\n<title>H\u00f4tel-boutique de luxe \u00e0 Barcelone | Cotton House \u2013 Autograph Collection<\/title>\n<meta name=\"description\" content=\"D\u00e9couvrez Cotton House, un h\u00f4tel-boutique de luxe \u00e0 Barcelone. Situ\u00e9 dans un b\u00e2timent n\u00e9oclassique embl\u00e9matique, il offre \u00e9l\u00e9gance, confort et exclusivit\u00e9 avec le label Autograph Collection de Marriott. Vous appr\u00e9cierez son design sophistiqu\u00e9, son restaurant Batuar et sa piscine en rooftop.\" \/>\n<meta name=\"robots\" content=\"index, follow, max-snippet:-1, max-image-preview:large, max-video-preview:-1\" \/>\n<link rel=\"canonical\" href=\"https:\/\/hotelcottonhouse.com\/fr\/\" \/>\n<meta property=\"og:locale\" content=\"fr_FR\" \/>\n<meta property=\"og:type\" content=\"article\" \/>\n<meta property=\"og:title\" content=\"H\u00f4tel-boutique de luxe \u00e0 Barcelone | Cotton House \u2013 Autograph Collection\" \/>\n<meta property=\"og:description\" content=\"D\u00e9couvrez Cotton House, un h\u00f4tel-boutique de luxe \u00e0 Barcelone. Situ\u00e9 dans un b\u00e2timent n\u00e9oclassique embl\u00e9matique, il offre \u00e9l\u00e9gance, confort et exclusivit\u00e9 avec le label Autograph Collection de Marriott. Vous appr\u00e9cierez son design sophistiqu\u00e9, son restaurant Batuar et sa piscine en rooftop.\" \/>\n<meta property=\"og:url\" content=\"https:\/\/hotelcottonhouse.com\/fr\/\" \/>\n<meta property=\"og:site_name\" content=\"Cotton House \u2013 Autograph Collection\" \/>\n<meta property=\"article:modified_time\" content=\"2026-03-12T12:54:58+00:00\" \/>\n<meta property=\"og:image\" content=\"https:\/\/hotelcottonhouse.com\/wp-content\/uploads\/2025\/02\/Hall.jpg\" \/>\n\t<meta property=\"og:image:width\" content=\"1915\" \/>\n\t<meta property=\"og:image:height\" content=\"1074\" \/>\n\t<meta property=\"og:image:type\" content=\"image\/jpeg\" \/>\n<meta name=\"twitter:card\" content=\"summary_large_image\" \/>\n<meta name=\"twitter:label1\" content=\"Dur\u00e9e de lecture estim\u00e9e\" \/>\n\t<meta name=\"twitter:data1\" content=\"1 minute\" \/>\n<script type=\"application\/ld+json\" class=\"yoast-schema-graph\">{\"@context\":\"https:\/\/schema.org\",\"@graph\":[{\"@type\":\"WebPage\",\"@id\":\"https:\/\/hotelcottonhouse.com\/fr\/\",\"url\":\"https:\/\/hotelcottonhouse.com\/fr\/\",\"name\":\"H\u00f4tel-boutique de luxe \u00e0 Barcelone | Cotton House \u2013 Autograph Collection\",\"isPartOf\":{\"@id\":\"https:\/\/hotelcottonhouse.com\/fr\/#website\"},\"primaryImageOfPage\":{\"@id\":\"https:\/\/hotelcottonhouse.com\/fr\/#primaryimage\"},\"image\":{\"@id\":\"https:\/\/hotelcottonhouse.com\/fr\/#primaryimage\"},\"thumbnailUrl\":\"https:\/\/hotelcottonhouse.com\/wp-content\/uploads\/2025\/02\/Hall.jpg\",\"datePublished\":\"2024-01-01T09:55:25+00:00\",\"dateModified\":\"2026-03-12T12:54:58+00:00\",\"description\":\"D\u00e9couvrez Cotton House, un h\u00f4tel-boutique de luxe \u00e0 Barcelone. Situ\u00e9 dans un b\u00e2timent n\u00e9oclassique embl\u00e9matique, il offre \u00e9l\u00e9gance, confort et exclusivit\u00e9 avec le label Autograph Collection de Marriott. Vous appr\u00e9cierez son design sophistiqu\u00e9, son restaurant Batuar et sa piscine en rooftop.\",\"breadcrumb\":{\"@id\":\"https:\/\/hotelcottonhouse.com\/fr\/#breadcrumb\"},\"inLanguage\":\"fr-FR\",\"potentialAction\":[{\"@type\":\"ReadAction\",\"target\":[\"https:\/\/hotelcottonhouse.com\/fr\/\"]}]},{\"@type\":\"ImageObject\",\"inLanguage\":\"fr-FR\",\"@id\":\"https:\/\/hotelcottonhouse.com\/fr\/#primaryimage\",\"url\":\"https:\/\/hotelcottonhouse.com\/wp-content\/uploads\/2025\/02\/Hall.jpg\",\"contentUrl\":\"https:\/\/hotelcottonhouse.com\/wp-content\/uploads\/2025\/02\/Hall.jpg\",\"width\":1915,\"height\":1074},{\"@type\":\"BreadcrumbList\",\"@id\":\"https:\/\/hotelcottonhouse.com\/fr\/#breadcrumb\",\"itemListElement\":[{\"@type\":\"ListItem\",\"position\":1,\"name\":\"Portada\",\"item\":\"https:\/\/hotelcottonhouse.com\/fr\/\"},{\"@type\":\"ListItem\",\"position\":2,\"name\":\"Home\"}]},{\"@type\":\"WebSite\",\"@id\":\"https:\/\/hotelcottonhouse.com\/fr\/#website\",\"url\":\"https:\/\/hotelcottonhouse.com\/fr\/\",\"name\":\"Cotton House \u2013 Autograph Collection\",\"description\":\"Descubre Cotton House, un hotel boutique de lujo en Barcelona. Ubicado en un emblem\u00e1tico edificio neocl\u00e1sico, ofrece elegancia, confort y exclusividad con el sello Autograph Collection de Marriott. Disfruta de su sofisticado dise\u00f1o, restaurante Batuar y piscina en la azotea.\",\"potentialAction\":[{\"@type\":\"SearchAction\",\"target\":{\"@type\":\"EntryPoint\",\"urlTemplate\":\"https:\/\/hotelcottonhouse.com\/fr\/?s={search_term_string}\"},\"query-input\":{\"@type\":\"PropertyValueSpecification\",\"valueRequired\":true,\"valueName\":\"search_term_string\"}}],\"inLanguage\":\"fr-FR\"}]}<\/script>\n<!-- \/ Yoast SEO plugin. -->","yoast_head_json":{"title":"H\u00f4tel-boutique de luxe \u00e0 Barcelone | Cotton House \u2013 Autograph Collection","description":"D\u00e9couvrez Cotton House, un h\u00f4tel-boutique de luxe \u00e0 Barcelone. Situ\u00e9 dans un b\u00e2timent n\u00e9oclassique embl\u00e9matique, il offre \u00e9l\u00e9gance, confort et exclusivit\u00e9 avec le label Autograph Collection de Marriott. Vous appr\u00e9cierez son design sophistiqu\u00e9, son restaurant Batuar et sa piscine en rooftop.","robots":{"index":"index","follow":"follow","max-snippet":"max-snippet:-1","max-image-preview":"max-image-preview:large","max-video-preview":"max-video-preview:-1"},"canonical":"https:\/\/hotelcottonhouse.com\/fr\/","og_locale":"fr_FR","og_type":"article","og_title":"H\u00f4tel-boutique de luxe \u00e0 Barcelone | Cotton House \u2013 Autograph Collection","og_description":"D\u00e9couvrez Cotton House, un h\u00f4tel-boutique de luxe \u00e0 Barcelone. Situ\u00e9 dans un b\u00e2timent n\u00e9oclassique embl\u00e9matique, il offre \u00e9l\u00e9gance, confort et exclusivit\u00e9 avec le label Autograph Collection de Marriott. Vous appr\u00e9cierez son design sophistiqu\u00e9, son restaurant Batuar et sa piscine en rooftop.","og_url":"https:\/\/hotelcottonhouse.com\/fr\/","og_site_name":"Cotton House \u2013 Autograph Collection","article_modified_time":"2026-03-12T12:54:58+00:00","og_image":[{"width":1915,"height":1074,"url":"https:\/\/hotelcottonhouse.com\/wp-content\/uploads\/2025\/02\/Hall.jpg","type":"image\/jpeg"}],"twitter_card":"summary_large_image","twitter_misc":{"Dur\u00e9e de lecture estim\u00e9e":"1 minute"},"schema":{"@context":"https:\/\/schema.org","@graph":[{"@type":"WebPage","@id":"https:\/\/hotelcottonhouse.com\/fr\/","url":"https:\/\/hotelcottonhouse.com\/fr\/","name":"H\u00f4tel-boutique de luxe \u00e0 Barcelone | Cotton House \u2013 Autograph Collection","isPartOf":{"@id":"https:\/\/hotelcottonhouse.com\/fr\/#website"},"primaryImageOfPage":{"@id":"https:\/\/hotelcottonhouse.com\/fr\/#primaryimage"},"image":{"@id":"https:\/\/hotelcottonhouse.com\/fr\/#primaryimage"},"thumbnailUrl":"https:\/\/hotelcottonhouse.com\/wp-content\/uploads\/2025\/02\/Hall.jpg","datePublished":"2024-01-01T09:55:25+00:00","dateModified":"2026-03-12T12:54:58+00:00","description":"D\u00e9couvrez Cotton House, un h\u00f4tel-boutique de luxe \u00e0 Barcelone. Situ\u00e9 dans un b\u00e2timent n\u00e9oclassique embl\u00e9matique, il offre \u00e9l\u00e9gance, confort et exclusivit\u00e9 avec le label Autograph Collection de Marriott. Vous appr\u00e9cierez son design sophistiqu\u00e9, son restaurant Batuar et sa piscine en rooftop.","breadcrumb":{"@id":"https:\/\/hotelcottonhouse.com\/fr\/#breadcrumb"},"inLanguage":"fr-FR","potentialAction":[{"@type":"ReadAction","target":["https:\/\/hotelcottonhouse.com\/fr\/"]}]},{"@type":"ImageObject","inLanguage":"fr-FR","@id":"https:\/\/hotelcottonhouse.com\/fr\/#primaryimage","url":"https:\/\/hotelcottonhouse.com\/wp-content\/uploads\/2025\/02\/Hall.jpg","contentUrl":"https:\/\/hotelcottonhouse.com\/wp-content\/uploads\/2025\/02\/Hall.jpg","width":1915,"height":1074},{"@type":"BreadcrumbList","@id":"https:\/\/hotelcottonhouse.com\/fr\/#breadcrumb","itemListElement":[{"@type":"ListItem","position":1,"name":"Portada","item":"https:\/\/hotelcottonhouse.com\/fr\/"},{"@type":"ListItem","position":2,"name":"Home"}]},{"@type":"WebSite","@id":"https:\/\/hotelcottonhouse.com\/fr\/#website","url":"https:\/\/hotelcottonhouse.com\/fr\/","name":"Cotton House \u2013 Autograph Collection","description":"Descubre Cotton House, un hotel boutique de lujo en Barcelona. Ubicado en un emblem\u00e1tico edificio neocl\u00e1sico, ofrece elegancia, confort y exclusividad con el sello Autograph Collection de Marriott. Disfruta de su sofisticado dise\u00f1o, restaurante Batuar y piscina en la azotea.","potentialAction":[{"@type":"SearchAction","target":{"@type":"EntryPoint","urlTemplate":"https:\/\/hotelcottonhouse.com\/fr\/?s={search_term_string}"},"query-input":{"@type":"PropertyValueSpecification","valueRequired":true,"valueName":"search_term_string"}}],"inLanguage":"fr-FR"}]}},"_links":{"self":[{"href":"https:\/\/hotelcottonhouse.com\/fr\/wp-json\/wp\/v2\/pages\/10845","targetHints":{"allow":["GET"]}}],"collection":[{"href":"https:\/\/hotelcottonhouse.com\/fr\/wp-json\/wp\/v2\/pages"}],"about":[{"href":"https:\/\/hotelcottonhouse.com\/fr\/wp-json\/wp\/v2\/types\/page"}],"author":[{"embeddable":true,"href":"https:\/\/hotelcottonhouse.com\/fr\/wp-json\/wp\/v2\/users\/1"}],"replies":[{"embeddable":true,"href":"https:\/\/hotelcottonhouse.com\/fr\/wp-json\/wp\/v2\/comments?post=10845"}],"version-history":[{"count":8,"href":"https:\/\/hotelcottonhouse.com\/fr\/wp-json\/wp\/v2\/pages\/10845\/revisions"}],"predecessor-version":[{"id":20207,"href":"https:\/\/hotelcottonhouse.com\/fr\/wp-json\/wp\/v2\/pages\/10845\/revisions\/20207"}],"wp:featuredmedia":[{"embeddable":true,"href":"https:\/\/hotelcottonhouse.com\/fr\/wp-json\/wp\/v2\/media\/9217"}],"wp:attachment":[{"href":"https:\/\/hotelcottonhouse.com\/fr\/wp-json\/wp\/v2\/media?parent=10845"}],"wp:term":[{"taxonomy":"category","embeddable":true,"href":"https:\/\/hotelcottonhouse.com\/fr\/wp-json\/wp\/v2\/categories?post=10845"},{"taxonomy":"post_tag","embeddable":true,"href":"https:\/\/hotelcottonhouse.com\/fr\/wp-json\/wp\/v2\/tags?post=10845"}],"curies":[{"name":"wp","href":"https:\/\/api.w.org\/{rel}","templated":true}]}}