{"id":10851,"date":"2024-02-01T20:03:31","date_gmt":"2024-02-01T19:03:31","guid":{"rendered":"https:\/\/hotelcottonhouse.rkinnova.com\/?page_id=10851"},"modified":"2026-03-12T14:02:34","modified_gmt":"2026-03-12T13:02:34","slug":"hotel","status":"publish","type":"page","link":"https:\/\/hotelcottonhouse.com\/fr\/hotel\/","title":{"rendered":"The Hotel"},"content":{"rendered":"","protected":false},"excerpt":{"rendered":"","protected":false},"author":1,"featured_media":11762,"parent":0,"menu_order":1,"comment_status":"closed","ping_status":"closed","template":"hotel.php","meta":{"_acf_changed":false,"footnotes":""},"categories":[],"tags":[194,339,138,195,341,338,337,142,196,197,333,340,198,342,343,199],"class_list":["post-10851","page","type-page","status-publish","has-post-thumbnail","hentry","tag-alojamiento-con-historia-barcelona-fr","tag-architecture-emblematique-barcelone","tag-arquitectura-emblematica-barcelona-fr","tag-cotton-house-historia-fr","tag-hebergement-avec-histoire-barcelone","tag-histoire-cotton-house","tag-hotel-avec-histoire-barcelone","tag-hotel-boutique-con-encanto-fr","tag-hotel-con-historia-barcelona-fr","tag-hotel-neoclasico-barcelona-fr","tag-hotel-neoclassique-barcelone","tag-hotel-boutique-de-charme","tag-lujo-y-tradicion-barcelona-fr","tag-luxe-et-tradition-barcelone","tag-meilleur-hotel-historique-barcelone","tag-mejor-hotel-historico-barcelona-fr","entry"],"acf":[],"yoast_head":"<!-- This site is optimized with the Yoast SEO plugin v25.7 - https:\/\/yoast.com\/wordpress\/plugins\/seo\/ -->\n<title>Histoire et \u00e9l\u00e9gance au c\u0153ur de Barcelone | Cotton House \u2013 Autograph Collection<\/title>\n<meta name=\"description\" content=\"Plongez dans l\u2019histoire de Cotton House, un h\u00f4tel-boutique \u00e0 Barcelone qui pr\u00e9serve l\u2019essence du coton du XIXe si\u00e8cle. D\u00e9couvrez son architecture n\u00e9oclassique, ses espaces de charme et son ambiance exclusive o\u00f9 tout a \u00e9t\u00e9 pens\u00e9 pour votre confort.\" \/>\n<meta name=\"robots\" content=\"index, follow, max-snippet:-1, max-image-preview:large, max-video-preview:-1\" \/>\n<link rel=\"canonical\" href=\"https:\/\/hotelcottonhouse.com\/fr\/hotel\/\" \/>\n<meta property=\"og:locale\" content=\"fr_FR\" \/>\n<meta property=\"og:type\" content=\"article\" \/>\n<meta property=\"og:title\" content=\"Histoire et \u00e9l\u00e9gance au c\u0153ur de Barcelone | Cotton House \u2013 Autograph Collection\" \/>\n<meta property=\"og:description\" content=\"Plongez dans l\u2019histoire de Cotton House, un h\u00f4tel-boutique \u00e0 Barcelone qui pr\u00e9serve l\u2019essence du coton du XIXe si\u00e8cle. D\u00e9couvrez son architecture n\u00e9oclassique, ses espaces de charme et son ambiance exclusive o\u00f9 tout a \u00e9t\u00e9 pens\u00e9 pour votre confort.\" \/>\n<meta property=\"og:url\" content=\"https:\/\/hotelcottonhouse.com\/fr\/hotel\/\" \/>\n<meta property=\"og:site_name\" content=\"Cotton House \u2013 Autograph Collection\" \/>\n<meta property=\"article:modified_time\" content=\"2026-03-12T13:02:34+00:00\" \/>\n<meta property=\"og:image\" content=\"https:\/\/hotelcottonhouse.com\/wp-content\/uploads\/2025\/03\/Hotel_CottonHouse-scaled.jpg\" \/>\n\t<meta property=\"og:image:width\" content=\"2560\" \/>\n\t<meta property=\"og:image:height\" content=\"1707\" \/>\n\t<meta property=\"og:image:type\" content=\"image\/jpeg\" \/>\n<meta name=\"twitter:card\" content=\"summary_large_image\" \/>\n<meta name=\"twitter:label1\" content=\"Dur\u00e9e de lecture estim\u00e9e\" \/>\n\t<meta name=\"twitter:data1\" content=\"1 minute\" \/>\n<script type=\"application\/ld+json\" class=\"yoast-schema-graph\">{\"@context\":\"https:\/\/schema.org\",\"@graph\":[{\"@type\":\"WebPage\",\"@id\":\"https:\/\/hotelcottonhouse.com\/fr\/hotel\/\",\"url\":\"https:\/\/hotelcottonhouse.com\/fr\/hotel\/\",\"name\":\"Histoire et \u00e9l\u00e9gance au c\u0153ur de Barcelone | Cotton House \u2013 Autograph Collection\",\"isPartOf\":{\"@id\":\"http:\/\/hotelcottonhouse.com\/fr\/#website\"},\"primaryImageOfPage\":{\"@id\":\"https:\/\/hotelcottonhouse.com\/fr\/hotel\/#primaryimage\"},\"image\":{\"@id\":\"https:\/\/hotelcottonhouse.com\/fr\/hotel\/#primaryimage\"},\"thumbnailUrl\":\"https:\/\/hotelcottonhouse.com\/wp-content\/uploads\/2025\/03\/Hotel_CottonHouse-scaled.jpg\",\"datePublished\":\"2024-02-01T19:03:31+00:00\",\"dateModified\":\"2026-03-12T13:02:34+00:00\",\"description\":\"Plongez dans l\u2019histoire de Cotton House, un h\u00f4tel-boutique \u00e0 Barcelone qui pr\u00e9serve l\u2019essence du coton du XIXe si\u00e8cle. D\u00e9couvrez son architecture n\u00e9oclassique, ses espaces de charme et son ambiance exclusive o\u00f9 tout a \u00e9t\u00e9 pens\u00e9 pour votre confort.\",\"breadcrumb\":{\"@id\":\"https:\/\/hotelcottonhouse.com\/fr\/hotel\/#breadcrumb\"},\"inLanguage\":\"fr-FR\",\"potentialAction\":[{\"@type\":\"ReadAction\",\"target\":[\"https:\/\/hotelcottonhouse.com\/fr\/hotel\/\"]}]},{\"@type\":\"ImageObject\",\"inLanguage\":\"fr-FR\",\"@id\":\"https:\/\/hotelcottonhouse.com\/fr\/hotel\/#primaryimage\",\"url\":\"https:\/\/hotelcottonhouse.com\/wp-content\/uploads\/2025\/03\/Hotel_CottonHouse-scaled.jpg\",\"contentUrl\":\"https:\/\/hotelcottonhouse.com\/wp-content\/uploads\/2025\/03\/Hotel_CottonHouse-scaled.jpg\",\"width\":2560,\"height\":1707,\"caption\":\"Ubicado en la antigua sede algodonera, este hotel boutique captura la esencia de la \u00e9poca dorada de la Ciudad Condal. Una experiencia de cinco estrellas en un edificio neocl\u00e1sico del siglo XIX, referente arquitect\u00f3nico de Barcelona.\"},{\"@type\":\"BreadcrumbList\",\"@id\":\"https:\/\/hotelcottonhouse.com\/fr\/hotel\/#breadcrumb\",\"itemListElement\":[{\"@type\":\"ListItem\",\"position\":1,\"name\":\"Portada\",\"item\":\"https:\/\/hotelcottonhouse.com\/fr\/\"},{\"@type\":\"ListItem\",\"position\":2,\"name\":\"The Hotel\"}]},{\"@type\":\"WebSite\",\"@id\":\"http:\/\/hotelcottonhouse.com\/fr\/#website\",\"url\":\"http:\/\/hotelcottonhouse.com\/fr\/\",\"name\":\"Cotton House \u2013 Autograph Collection\",\"description\":\"Descubre Cotton House, un hotel boutique de lujo en Barcelona. Ubicado en un emblem\u00e1tico edificio neocl\u00e1sico, ofrece elegancia, confort y exclusividad con el sello Autograph Collection de Marriott. Disfruta de su sofisticado dise\u00f1o, restaurante Batuar y piscina en la azotea.\",\"potentialAction\":[{\"@type\":\"SearchAction\",\"target\":{\"@type\":\"EntryPoint\",\"urlTemplate\":\"http:\/\/hotelcottonhouse.com\/fr\/?s={search_term_string}\"},\"query-input\":{\"@type\":\"PropertyValueSpecification\",\"valueRequired\":true,\"valueName\":\"search_term_string\"}}],\"inLanguage\":\"fr-FR\"}]}<\/script>\n<!-- \/ Yoast SEO plugin. -->","yoast_head_json":{"title":"Histoire et \u00e9l\u00e9gance au c\u0153ur de Barcelone | Cotton House \u2013 Autograph Collection","description":"Plongez dans l\u2019histoire de Cotton House, un h\u00f4tel-boutique \u00e0 Barcelone qui pr\u00e9serve l\u2019essence du coton du XIXe si\u00e8cle. D\u00e9couvrez son architecture n\u00e9oclassique, ses espaces de charme et son ambiance exclusive o\u00f9 tout a \u00e9t\u00e9 pens\u00e9 pour votre confort.","robots":{"index":"index","follow":"follow","max-snippet":"max-snippet:-1","max-image-preview":"max-image-preview:large","max-video-preview":"max-video-preview:-1"},"canonical":"https:\/\/hotelcottonhouse.com\/fr\/hotel\/","og_locale":"fr_FR","og_type":"article","og_title":"Histoire et \u00e9l\u00e9gance au c\u0153ur de Barcelone | Cotton House \u2013 Autograph Collection","og_description":"Plongez dans l\u2019histoire de Cotton House, un h\u00f4tel-boutique \u00e0 Barcelone qui pr\u00e9serve l\u2019essence du coton du XIXe si\u00e8cle. D\u00e9couvrez son architecture n\u00e9oclassique, ses espaces de charme et son ambiance exclusive o\u00f9 tout a \u00e9t\u00e9 pens\u00e9 pour votre confort.","og_url":"https:\/\/hotelcottonhouse.com\/fr\/hotel\/","og_site_name":"Cotton House \u2013 Autograph Collection","article_modified_time":"2026-03-12T13:02:34+00:00","og_image":[{"width":2560,"height":1707,"url":"https:\/\/hotelcottonhouse.com\/wp-content\/uploads\/2025\/03\/Hotel_CottonHouse-scaled.jpg","type":"image\/jpeg"}],"twitter_card":"summary_large_image","twitter_misc":{"Dur\u00e9e de lecture estim\u00e9e":"1 minute"},"schema":{"@context":"https:\/\/schema.org","@graph":[{"@type":"WebPage","@id":"https:\/\/hotelcottonhouse.com\/fr\/hotel\/","url":"https:\/\/hotelcottonhouse.com\/fr\/hotel\/","name":"Histoire et \u00e9l\u00e9gance au c\u0153ur de Barcelone | Cotton House \u2013 Autograph Collection","isPartOf":{"@id":"http:\/\/hotelcottonhouse.com\/fr\/#website"},"primaryImageOfPage":{"@id":"https:\/\/hotelcottonhouse.com\/fr\/hotel\/#primaryimage"},"image":{"@id":"https:\/\/hotelcottonhouse.com\/fr\/hotel\/#primaryimage"},"thumbnailUrl":"https:\/\/hotelcottonhouse.com\/wp-content\/uploads\/2025\/03\/Hotel_CottonHouse-scaled.jpg","datePublished":"2024-02-01T19:03:31+00:00","dateModified":"2026-03-12T13:02:34+00:00","description":"Plongez dans l\u2019histoire de Cotton House, un h\u00f4tel-boutique \u00e0 Barcelone qui pr\u00e9serve l\u2019essence du coton du XIXe si\u00e8cle. D\u00e9couvrez son architecture n\u00e9oclassique, ses espaces de charme et son ambiance exclusive o\u00f9 tout a \u00e9t\u00e9 pens\u00e9 pour votre confort.","breadcrumb":{"@id":"https:\/\/hotelcottonhouse.com\/fr\/hotel\/#breadcrumb"},"inLanguage":"fr-FR","potentialAction":[{"@type":"ReadAction","target":["https:\/\/hotelcottonhouse.com\/fr\/hotel\/"]}]},{"@type":"ImageObject","inLanguage":"fr-FR","@id":"https:\/\/hotelcottonhouse.com\/fr\/hotel\/#primaryimage","url":"https:\/\/hotelcottonhouse.com\/wp-content\/uploads\/2025\/03\/Hotel_CottonHouse-scaled.jpg","contentUrl":"https:\/\/hotelcottonhouse.com\/wp-content\/uploads\/2025\/03\/Hotel_CottonHouse-scaled.jpg","width":2560,"height":1707,"caption":"Ubicado en la antigua sede algodonera, este hotel boutique captura la esencia de la \u00e9poca dorada de la Ciudad Condal. Una experiencia de cinco estrellas en un edificio neocl\u00e1sico del siglo XIX, referente arquitect\u00f3nico de Barcelona."},{"@type":"BreadcrumbList","@id":"https:\/\/hotelcottonhouse.com\/fr\/hotel\/#breadcrumb","itemListElement":[{"@type":"ListItem","position":1,"name":"Portada","item":"https:\/\/hotelcottonhouse.com\/fr\/"},{"@type":"ListItem","position":2,"name":"The Hotel"}]},{"@type":"WebSite","@id":"http:\/\/hotelcottonhouse.com\/fr\/#website","url":"http:\/\/hotelcottonhouse.com\/fr\/","name":"Cotton House \u2013 Autograph Collection","description":"Descubre Cotton House, un hotel boutique de lujo en Barcelona. Ubicado en un emblem\u00e1tico edificio neocl\u00e1sico, ofrece elegancia, confort y exclusividad con el sello Autograph Collection de Marriott. Disfruta de su sofisticado dise\u00f1o, restaurante Batuar y piscina en la azotea.","potentialAction":[{"@type":"SearchAction","target":{"@type":"EntryPoint","urlTemplate":"http:\/\/hotelcottonhouse.com\/fr\/?s={search_term_string}"},"query-input":{"@type":"PropertyValueSpecification","valueRequired":true,"valueName":"search_term_string"}}],"inLanguage":"fr-FR"}]}},"_links":{"self":[{"href":"https:\/\/hotelcottonhouse.com\/fr\/wp-json\/wp\/v2\/pages\/10851","targetHints":{"allow":["GET"]}}],"collection":[{"href":"https:\/\/hotelcottonhouse.com\/fr\/wp-json\/wp\/v2\/pages"}],"about":[{"href":"https:\/\/hotelcottonhouse.com\/fr\/wp-json\/wp\/v2\/types\/page"}],"author":[{"embeddable":true,"href":"https:\/\/hotelcottonhouse.com\/fr\/wp-json\/wp\/v2\/users\/1"}],"replies":[{"embeddable":true,"href":"https:\/\/hotelcottonhouse.com\/fr\/wp-json\/wp\/v2\/comments?post=10851"}],"version-history":[{"count":12,"href":"https:\/\/hotelcottonhouse.com\/fr\/wp-json\/wp\/v2\/pages\/10851\/revisions"}],"predecessor-version":[{"id":20214,"href":"https:\/\/hotelcottonhouse.com\/fr\/wp-json\/wp\/v2\/pages\/10851\/revisions\/20214"}],"wp:featuredmedia":[{"embeddable":true,"href":"https:\/\/hotelcottonhouse.com\/fr\/wp-json\/wp\/v2\/media\/11762"}],"wp:attachment":[{"href":"https:\/\/hotelcottonhouse.com\/fr\/wp-json\/wp\/v2\/media?parent=10851"}],"wp:term":[{"taxonomy":"category","embeddable":true,"href":"https:\/\/hotelcottonhouse.com\/fr\/wp-json\/wp\/v2\/categories?post=10851"},{"taxonomy":"post_tag","embeddable":true,"href":"https:\/\/hotelcottonhouse.com\/fr\/wp-json\/wp\/v2\/tags?post=10851"}],"curies":[{"name":"wp","href":"https:\/\/api.w.org\/{rel}","templated":true}]}}