{"id":10858,"date":"2025-02-17T23:16:47","date_gmt":"2025-02-17T22:16:47","guid":{"rendered":"https:\/\/hotelcottonhouse.rkinnova.com\/?page_id=10858"},"modified":"2025-03-20T12:52:56","modified_gmt":"2025-03-20T11:52:56","slug":"latelier","status":"publish","type":"page","link":"https:\/\/hotelcottonhouse.com\/fr\/services-hotes\/latelier\/","title":{"rendered":"L\u2019Atelier"},"content":{"rendered":"","protected":false},"excerpt":{"rendered":"","protected":false},"author":1,"featured_media":11748,"parent":10857,"menu_order":72,"comment_status":"closed","ping_status":"closed","template":"atelier.php","meta":{"_acf_changed":false,"footnotes":""},"categories":[],"tags":[139,364,357,361,359,365,362,346,358,363,360],"class_list":["post-10858","page","type-page","status-publish","has-post-thumbnail","hentry","tag-casa-del-algodon-fr","tag-confection-personnalisee","tag-confection-sur-mesure-barcelone","tag-costumes-sur-mesure-barcelone","tag-hotel-avec-service-de-confection","tag-latelier-cotton-house-fr","tag-luxe-et-artisanat","tag-maison-du-coton","tag-santa-eulalia-barcelone","tag-service-hotelier-exclusif","tag-tradition-textile-barcelone","entry"],"acf":[],"yoast_head":"<!-- This site is optimized with the Yoast SEO plugin v25.7 - https:\/\/yoast.com\/wordpress\/plugins\/seo\/ -->\n<title>L\u2019Atelier: service de confection sur mesure \u00e0 Barcelone | Cotton House \u2013 Autograph Collection<\/title>\n<meta name=\"description\" content=\"Bienvenue \u00e0 l\u2019Atelier de Cotton House, o\u00f9 la tradition textile prend vie gr\u00e2ce \u00e0 un service exclusif de confection sur mesure r\u00e9alis\u00e9 par des professionnels de Santa Eulalia, l\u2019atelier le plus prestigieux de Barcelone.\" \/>\n<meta name=\"robots\" content=\"index, follow, max-snippet:-1, max-image-preview:large, max-video-preview:-1\" \/>\n<link rel=\"canonical\" href=\"https:\/\/hotelcottonhouse.com\/fr\/services-hotes\/latelier\/\" \/>\n<meta property=\"og:locale\" content=\"fr_FR\" \/>\n<meta property=\"og:type\" content=\"article\" \/>\n<meta property=\"og:title\" content=\"L\u2019Atelier: service de confection sur mesure \u00e0 Barcelone | Cotton House \u2013 Autograph Collection\" \/>\n<meta property=\"og:description\" content=\"Bienvenue \u00e0 l\u2019Atelier de Cotton House, o\u00f9 la tradition textile prend vie gr\u00e2ce \u00e0 un service exclusif de confection sur mesure r\u00e9alis\u00e9 par des professionnels de Santa Eulalia, l\u2019atelier le plus prestigieux de Barcelone.\" \/>\n<meta property=\"og:url\" content=\"https:\/\/hotelcottonhouse.com\/fr\/services-hotes\/latelier\/\" \/>\n<meta property=\"og:site_name\" content=\"Cotton House \u2013 Autograph Collection\" \/>\n<meta property=\"article:modified_time\" content=\"2025-03-20T11:52:56+00:00\" \/>\n<meta property=\"og:image\" content=\"https:\/\/hotelcottonhouse.com\/wp-content\/uploads\/2025\/03\/Atelier_CottonHouse-scaled.jpg\" \/>\n\t<meta property=\"og:image:width\" content=\"2560\" \/>\n\t<meta property=\"og:image:height\" content=\"1747\" \/>\n\t<meta property=\"og:image:type\" content=\"image\/jpeg\" \/>\n<meta name=\"twitter:card\" content=\"summary_large_image\" \/>\n<meta name=\"twitter:label1\" content=\"Dur\u00e9e de lecture estim\u00e9e\" \/>\n\t<meta name=\"twitter:data1\" content=\"1 minute\" \/>\n<script type=\"application\/ld+json\" class=\"yoast-schema-graph\">{\"@context\":\"https:\/\/schema.org\",\"@graph\":[{\"@type\":\"WebPage\",\"@id\":\"https:\/\/hotelcottonhouse.com\/fr\/services-hotes\/latelier\/\",\"url\":\"https:\/\/hotelcottonhouse.com\/fr\/services-hotes\/latelier\/\",\"name\":\"L\u2019Atelier: service de confection sur mesure \u00e0 Barcelone | Cotton House \u2013 Autograph Collection\",\"isPartOf\":{\"@id\":\"https:\/\/hotelcottonhouse.com\/fr\/#website\"},\"primaryImageOfPage\":{\"@id\":\"https:\/\/hotelcottonhouse.com\/fr\/services-hotes\/latelier\/#primaryimage\"},\"image\":{\"@id\":\"https:\/\/hotelcottonhouse.com\/fr\/services-hotes\/latelier\/#primaryimage\"},\"thumbnailUrl\":\"https:\/\/hotelcottonhouse.com\/wp-content\/uploads\/2025\/03\/Atelier_CottonHouse-scaled.jpg\",\"datePublished\":\"2025-02-17T22:16:47+00:00\",\"dateModified\":\"2025-03-20T11:52:56+00:00\",\"description\":\"Bienvenue \u00e0 l\u2019Atelier de Cotton House, o\u00f9 la tradition textile prend vie gr\u00e2ce \u00e0 un service exclusif de confection sur mesure r\u00e9alis\u00e9 par des professionnels de Santa Eulalia, l\u2019atelier le plus prestigieux de Barcelone.\",\"breadcrumb\":{\"@id\":\"https:\/\/hotelcottonhouse.com\/fr\/services-hotes\/latelier\/#breadcrumb\"},\"inLanguage\":\"fr-FR\",\"potentialAction\":[{\"@type\":\"ReadAction\",\"target\":[\"https:\/\/hotelcottonhouse.com\/fr\/services-hotes\/latelier\/\"]}]},{\"@type\":\"ImageObject\",\"inLanguage\":\"fr-FR\",\"@id\":\"https:\/\/hotelcottonhouse.com\/fr\/services-hotes\/latelier\/#primaryimage\",\"url\":\"https:\/\/hotelcottonhouse.com\/wp-content\/uploads\/2025\/03\/Atelier_CottonHouse-scaled.jpg\",\"contentUrl\":\"https:\/\/hotelcottonhouse.com\/wp-content\/uploads\/2025\/03\/Atelier_CottonHouse-scaled.jpg\",\"width\":2560,\"height\":1747,\"caption\":\"El hotel mantiene viva esta tradici\u00f3n ofreciendo a sus hu\u00e9spedes un servicio de sastrer\u00eda a medida de la mano de Santa Eulalia, expertos en sastrer\u00eda desde 1843. Bajo petici\u00f3n, un profesional se desplazar\u00e1 a l\u2019Atelier para tomar las medidas, asesorar y elegir los tejidos y los detalles para confeccionar las prendas.\"},{\"@type\":\"BreadcrumbList\",\"@id\":\"https:\/\/hotelcottonhouse.com\/fr\/services-hotes\/latelier\/#breadcrumb\",\"itemListElement\":[{\"@type\":\"ListItem\",\"position\":1,\"name\":\"Portada\",\"item\":\"https:\/\/hotelcottonhouse.com\/fr\/\"},{\"@type\":\"ListItem\",\"position\":2,\"name\":\"Services\",\"item\":\"https:\/\/hotelcottonhouse.com\/fr\/services-hotes\/\"},{\"@type\":\"ListItem\",\"position\":3,\"name\":\"L\u2019Atelier\"}]},{\"@type\":\"WebSite\",\"@id\":\"https:\/\/hotelcottonhouse.com\/fr\/#website\",\"url\":\"https:\/\/hotelcottonhouse.com\/fr\/\",\"name\":\"Cotton House \u2013 Autograph Collection\",\"description\":\"Descubre Cotton House, un hotel boutique de lujo en Barcelona. Ubicado en un emblem\u00e1tico edificio neocl\u00e1sico, ofrece elegancia, confort y exclusividad con el sello Autograph Collection de Marriott. Disfruta de su sofisticado dise\u00f1o, restaurante Batuar y piscina en la azotea.\",\"potentialAction\":[{\"@type\":\"SearchAction\",\"target\":{\"@type\":\"EntryPoint\",\"urlTemplate\":\"https:\/\/hotelcottonhouse.com\/fr\/?s={search_term_string}\"},\"query-input\":{\"@type\":\"PropertyValueSpecification\",\"valueRequired\":true,\"valueName\":\"search_term_string\"}}],\"inLanguage\":\"fr-FR\"}]}<\/script>\n<!-- \/ Yoast SEO plugin. -->","yoast_head_json":{"title":"L\u2019Atelier: service de confection sur mesure \u00e0 Barcelone | Cotton House \u2013 Autograph Collection","description":"Bienvenue \u00e0 l\u2019Atelier de Cotton House, o\u00f9 la tradition textile prend vie gr\u00e2ce \u00e0 un service exclusif de confection sur mesure r\u00e9alis\u00e9 par des professionnels de Santa Eulalia, l\u2019atelier le plus prestigieux de Barcelone.","robots":{"index":"index","follow":"follow","max-snippet":"max-snippet:-1","max-image-preview":"max-image-preview:large","max-video-preview":"max-video-preview:-1"},"canonical":"https:\/\/hotelcottonhouse.com\/fr\/services-hotes\/latelier\/","og_locale":"fr_FR","og_type":"article","og_title":"L\u2019Atelier: service de confection sur mesure \u00e0 Barcelone | Cotton House \u2013 Autograph Collection","og_description":"Bienvenue \u00e0 l\u2019Atelier de Cotton House, o\u00f9 la tradition textile prend vie gr\u00e2ce \u00e0 un service exclusif de confection sur mesure r\u00e9alis\u00e9 par des professionnels de Santa Eulalia, l\u2019atelier le plus prestigieux de Barcelone.","og_url":"https:\/\/hotelcottonhouse.com\/fr\/services-hotes\/latelier\/","og_site_name":"Cotton House \u2013 Autograph Collection","article_modified_time":"2025-03-20T11:52:56+00:00","og_image":[{"width":2560,"height":1747,"url":"https:\/\/hotelcottonhouse.com\/wp-content\/uploads\/2025\/03\/Atelier_CottonHouse-scaled.jpg","type":"image\/jpeg"}],"twitter_card":"summary_large_image","twitter_misc":{"Dur\u00e9e de lecture estim\u00e9e":"1 minute"},"schema":{"@context":"https:\/\/schema.org","@graph":[{"@type":"WebPage","@id":"https:\/\/hotelcottonhouse.com\/fr\/services-hotes\/latelier\/","url":"https:\/\/hotelcottonhouse.com\/fr\/services-hotes\/latelier\/","name":"L\u2019Atelier: service de confection sur mesure \u00e0 Barcelone | Cotton House \u2013 Autograph Collection","isPartOf":{"@id":"https:\/\/hotelcottonhouse.com\/fr\/#website"},"primaryImageOfPage":{"@id":"https:\/\/hotelcottonhouse.com\/fr\/services-hotes\/latelier\/#primaryimage"},"image":{"@id":"https:\/\/hotelcottonhouse.com\/fr\/services-hotes\/latelier\/#primaryimage"},"thumbnailUrl":"https:\/\/hotelcottonhouse.com\/wp-content\/uploads\/2025\/03\/Atelier_CottonHouse-scaled.jpg","datePublished":"2025-02-17T22:16:47+00:00","dateModified":"2025-03-20T11:52:56+00:00","description":"Bienvenue \u00e0 l\u2019Atelier de Cotton House, o\u00f9 la tradition textile prend vie gr\u00e2ce \u00e0 un service exclusif de confection sur mesure r\u00e9alis\u00e9 par des professionnels de Santa Eulalia, l\u2019atelier le plus prestigieux de Barcelone.","breadcrumb":{"@id":"https:\/\/hotelcottonhouse.com\/fr\/services-hotes\/latelier\/#breadcrumb"},"inLanguage":"fr-FR","potentialAction":[{"@type":"ReadAction","target":["https:\/\/hotelcottonhouse.com\/fr\/services-hotes\/latelier\/"]}]},{"@type":"ImageObject","inLanguage":"fr-FR","@id":"https:\/\/hotelcottonhouse.com\/fr\/services-hotes\/latelier\/#primaryimage","url":"https:\/\/hotelcottonhouse.com\/wp-content\/uploads\/2025\/03\/Atelier_CottonHouse-scaled.jpg","contentUrl":"https:\/\/hotelcottonhouse.com\/wp-content\/uploads\/2025\/03\/Atelier_CottonHouse-scaled.jpg","width":2560,"height":1747,"caption":"El hotel mantiene viva esta tradici\u00f3n ofreciendo a sus hu\u00e9spedes un servicio de sastrer\u00eda a medida de la mano de Santa Eulalia, expertos en sastrer\u00eda desde 1843. Bajo petici\u00f3n, un profesional se desplazar\u00e1 a l\u2019Atelier para tomar las medidas, asesorar y elegir los tejidos y los detalles para confeccionar las prendas."},{"@type":"BreadcrumbList","@id":"https:\/\/hotelcottonhouse.com\/fr\/services-hotes\/latelier\/#breadcrumb","itemListElement":[{"@type":"ListItem","position":1,"name":"Portada","item":"https:\/\/hotelcottonhouse.com\/fr\/"},{"@type":"ListItem","position":2,"name":"Services","item":"https:\/\/hotelcottonhouse.com\/fr\/services-hotes\/"},{"@type":"ListItem","position":3,"name":"L\u2019Atelier"}]},{"@type":"WebSite","@id":"https:\/\/hotelcottonhouse.com\/fr\/#website","url":"https:\/\/hotelcottonhouse.com\/fr\/","name":"Cotton House \u2013 Autograph Collection","description":"Descubre Cotton House, un hotel boutique de lujo en Barcelona. Ubicado en un emblem\u00e1tico edificio neocl\u00e1sico, ofrece elegancia, confort y exclusividad con el sello Autograph Collection de Marriott. Disfruta de su sofisticado dise\u00f1o, restaurante Batuar y piscina en la azotea.","potentialAction":[{"@type":"SearchAction","target":{"@type":"EntryPoint","urlTemplate":"https:\/\/hotelcottonhouse.com\/fr\/?s={search_term_string}"},"query-input":{"@type":"PropertyValueSpecification","valueRequired":true,"valueName":"search_term_string"}}],"inLanguage":"fr-FR"}]}},"_links":{"self":[{"href":"https:\/\/hotelcottonhouse.com\/fr\/wp-json\/wp\/v2\/pages\/10858","targetHints":{"allow":["GET"]}}],"collection":[{"href":"https:\/\/hotelcottonhouse.com\/fr\/wp-json\/wp\/v2\/pages"}],"about":[{"href":"https:\/\/hotelcottonhouse.com\/fr\/wp-json\/wp\/v2\/types\/page"}],"author":[{"embeddable":true,"href":"https:\/\/hotelcottonhouse.com\/fr\/wp-json\/wp\/v2\/users\/1"}],"replies":[{"embeddable":true,"href":"https:\/\/hotelcottonhouse.com\/fr\/wp-json\/wp\/v2\/comments?post=10858"}],"version-history":[{"count":5,"href":"https:\/\/hotelcottonhouse.com\/fr\/wp-json\/wp\/v2\/pages\/10858\/revisions"}],"predecessor-version":[{"id":12299,"href":"https:\/\/hotelcottonhouse.com\/fr\/wp-json\/wp\/v2\/pages\/10858\/revisions\/12299"}],"up":[{"embeddable":true,"href":"https:\/\/hotelcottonhouse.com\/fr\/wp-json\/wp\/v2\/pages\/10857"}],"wp:featuredmedia":[{"embeddable":true,"href":"https:\/\/hotelcottonhouse.com\/fr\/wp-json\/wp\/v2\/media\/11748"}],"wp:attachment":[{"href":"https:\/\/hotelcottonhouse.com\/fr\/wp-json\/wp\/v2\/media?parent=10858"}],"wp:term":[{"taxonomy":"category","embeddable":true,"href":"https:\/\/hotelcottonhouse.com\/fr\/wp-json\/wp\/v2\/categories?post=10858"},{"taxonomy":"post_tag","embeddable":true,"href":"https:\/\/hotelcottonhouse.com\/fr\/wp-json\/wp\/v2\/tags?post=10858"}],"curies":[{"name":"wp","href":"https:\/\/api.w.org\/{rel}","templated":true}]}}