{"id":10881,"date":"2025-02-04T17:09:07","date_gmt":"2025-02-04T16:09:07","guid":{"rendered":"https:\/\/hotelcottonhouse.rkinnova.com\/?page_id=10881"},"modified":"2025-03-20T10:56:57","modified_gmt":"2025-03-20T09:56:57","slug":"panama-room","status":"publish","type":"page","link":"https:\/\/hotelcottonhouse.com\/fr\/chambres-et-suites\/panama-room\/","title":{"rendered":"Panam\u00e1"},"content":{"rendered":"","protected":false},"excerpt":{"rendered":"","protected":false},"author":1,"featured_media":12090,"parent":10876,"menu_order":51,"comment_status":"closed","ping_status":"closed","template":"habitaciones-pag.php","meta":{"_acf_changed":false,"footnotes":""},"categories":[442],"tags":[436,429,423,440,437,438,399,439,441,390],"class_list":["post-10881","page","type-page","status-publish","has-post-thumbnail","hentry","category-habitacion-3","tag-architecture-restauree","tag-chambre-calme","tag-chambre-de-luxe","tag-chambre-neoclassique","tag-chambre-panama-barcelone","tag-confort-et-elegance","tag-hebergement-exclusif","tag-hotel-a-barcelone","tag-hotel-boutique-fr","tag-repos-haut-de-gamme","entry"],"acf":[],"yoast_head":"<!-- This site is optimized with the Yoast SEO plugin v25.7 - https:\/\/yoast.com\/wordpress\/plugins\/seo\/ -->\n<title>Chambre Panam\u00e1 : beaut\u00e9 s\u00e9culaire et confort | Cotton House \u2013 Autograph Collection<\/title>\n<meta name=\"description\" content=\"La chambre Panam\u00e1 offre une \u00e9l\u00e9gance n\u00e9oclassique sur 23 m2, avec un agencement qui maximise le confort. Profitez de son lit queen size, du Wi-Fi haut d\u00e9bit, des produits cosm\u00e9tiques de chez Ortigia et bien plus encore. Un havre silencieux et accueillant au centre de Barcelone.\" \/>\n<meta name=\"robots\" content=\"index, follow, max-snippet:-1, max-image-preview:large, max-video-preview:-1\" \/>\n<link rel=\"canonical\" href=\"https:\/\/hotelcottonhouse.com\/fr\/chambres-et-suites\/panama-room\/\" \/>\n<meta property=\"og:locale\" content=\"fr_FR\" \/>\n<meta property=\"og:type\" content=\"article\" \/>\n<meta property=\"og:title\" content=\"Chambre Panam\u00e1 : beaut\u00e9 s\u00e9culaire et confort | Cotton House \u2013 Autograph Collection\" \/>\n<meta property=\"og:description\" content=\"La chambre Panam\u00e1 offre une \u00e9l\u00e9gance n\u00e9oclassique sur 23 m2, avec un agencement qui maximise le confort. Profitez de son lit queen size, du Wi-Fi haut d\u00e9bit, des produits cosm\u00e9tiques de chez Ortigia et bien plus encore. Un havre silencieux et accueillant au centre de Barcelone.\" \/>\n<meta property=\"og:url\" content=\"https:\/\/hotelcottonhouse.com\/fr\/chambres-et-suites\/panama-room\/\" \/>\n<meta property=\"og:site_name\" content=\"Cotton House \u2013 Autograph Collection\" \/>\n<meta property=\"article:modified_time\" content=\"2025-03-20T09:56:57+00:00\" \/>\n<meta property=\"og:image\" content=\"https:\/\/hotelcottonhouse.com\/wp-content\/uploads\/2025\/03\/Panama_CottonHouse-domitorio.jpeg\" \/>\n\t<meta property=\"og:image:width\" content=\"1920\" \/>\n\t<meta property=\"og:image:height\" content=\"1080\" \/>\n\t<meta property=\"og:image:type\" content=\"image\/jpeg\" \/>\n<meta name=\"twitter:card\" content=\"summary_large_image\" \/>\n<meta name=\"twitter:label1\" content=\"Dur\u00e9e de lecture estim\u00e9e\" \/>\n\t<meta name=\"twitter:data1\" content=\"1 minute\" \/>\n<script type=\"application\/ld+json\" class=\"yoast-schema-graph\">{\"@context\":\"https:\/\/schema.org\",\"@graph\":[{\"@type\":\"WebPage\",\"@id\":\"https:\/\/hotelcottonhouse.com\/fr\/chambres-et-suites\/panama-room\/\",\"url\":\"https:\/\/hotelcottonhouse.com\/fr\/chambres-et-suites\/panama-room\/\",\"name\":\"Chambre Panam\u00e1 : beaut\u00e9 s\u00e9culaire et confort | Cotton House \u2013 Autograph Collection\",\"isPartOf\":{\"@id\":\"https:\/\/hotelcottonhouse.com\/fr\/#website\"},\"primaryImageOfPage\":{\"@id\":\"https:\/\/hotelcottonhouse.com\/fr\/chambres-et-suites\/panama-room\/#primaryimage\"},\"image\":{\"@id\":\"https:\/\/hotelcottonhouse.com\/fr\/chambres-et-suites\/panama-room\/#primaryimage\"},\"thumbnailUrl\":\"https:\/\/hotelcottonhouse.com\/wp-content\/uploads\/2025\/03\/Panama_CottonHouse-domitorio.jpeg\",\"datePublished\":\"2025-02-04T16:09:07+00:00\",\"dateModified\":\"2025-03-20T09:56:57+00:00\",\"description\":\"La chambre Panam\u00e1 offre une \u00e9l\u00e9gance n\u00e9oclassique sur 23 m2, avec un agencement qui maximise le confort. Profitez de son lit queen size, du Wi-Fi haut d\u00e9bit, des produits cosm\u00e9tiques de chez Ortigia et bien plus encore. Un havre silencieux et accueillant au centre de Barcelone.\",\"breadcrumb\":{\"@id\":\"https:\/\/hotelcottonhouse.com\/fr\/chambres-et-suites\/panama-room\/#breadcrumb\"},\"inLanguage\":\"fr-FR\",\"potentialAction\":[{\"@type\":\"ReadAction\",\"target\":[\"https:\/\/hotelcottonhouse.com\/fr\/chambres-et-suites\/panama-room\/\"]}]},{\"@type\":\"ImageObject\",\"inLanguage\":\"fr-FR\",\"@id\":\"https:\/\/hotelcottonhouse.com\/fr\/chambres-et-suites\/panama-room\/#primaryimage\",\"url\":\"https:\/\/hotelcottonhouse.com\/wp-content\/uploads\/2025\/03\/Panama_CottonHouse-domitorio.jpeg\",\"contentUrl\":\"https:\/\/hotelcottonhouse.com\/wp-content\/uploads\/2025\/03\/Panama_CottonHouse-domitorio.jpeg\",\"width\":1920,\"height\":1080,\"caption\":\"Cama queen size con s\u00e1banas de algod\u00f3n egipcio en un espacio acogedor y silencioso con detalles decorativos de inspiraci\u00f3n cl\u00e1sica.\"},{\"@type\":\"BreadcrumbList\",\"@id\":\"https:\/\/hotelcottonhouse.com\/fr\/chambres-et-suites\/panama-room\/#breadcrumb\",\"itemListElement\":[{\"@type\":\"ListItem\",\"position\":1,\"name\":\"Portada\",\"item\":\"https:\/\/hotelcottonhouse.com\/fr\/\"},{\"@type\":\"ListItem\",\"position\":2,\"name\":\"Chambres\",\"item\":\"https:\/\/hotelcottonhouse.com\/fr\/chambres-et-suites\/\"},{\"@type\":\"ListItem\",\"position\":3,\"name\":\"Panam\u00e1\"}]},{\"@type\":\"WebSite\",\"@id\":\"https:\/\/hotelcottonhouse.com\/fr\/#website\",\"url\":\"https:\/\/hotelcottonhouse.com\/fr\/\",\"name\":\"Cotton House \u2013 Autograph Collection\",\"description\":\"Descubre Cotton House, un hotel boutique de lujo en Barcelona. Ubicado en un emblem\u00e1tico edificio neocl\u00e1sico, ofrece elegancia, confort y exclusividad con el sello Autograph Collection de Marriott. Disfruta de su sofisticado dise\u00f1o, restaurante Batuar y piscina en la azotea.\",\"potentialAction\":[{\"@type\":\"SearchAction\",\"target\":{\"@type\":\"EntryPoint\",\"urlTemplate\":\"https:\/\/hotelcottonhouse.com\/fr\/?s={search_term_string}\"},\"query-input\":{\"@type\":\"PropertyValueSpecification\",\"valueRequired\":true,\"valueName\":\"search_term_string\"}}],\"inLanguage\":\"fr-FR\"}]}<\/script>\n<!-- \/ Yoast SEO plugin. -->","yoast_head_json":{"title":"Chambre Panam\u00e1 : beaut\u00e9 s\u00e9culaire et confort | Cotton House \u2013 Autograph Collection","description":"La chambre Panam\u00e1 offre une \u00e9l\u00e9gance n\u00e9oclassique sur 23 m2, avec un agencement qui maximise le confort. Profitez de son lit queen size, du Wi-Fi haut d\u00e9bit, des produits cosm\u00e9tiques de chez Ortigia et bien plus encore. Un havre silencieux et accueillant au centre de Barcelone.","robots":{"index":"index","follow":"follow","max-snippet":"max-snippet:-1","max-image-preview":"max-image-preview:large","max-video-preview":"max-video-preview:-1"},"canonical":"https:\/\/hotelcottonhouse.com\/fr\/chambres-et-suites\/panama-room\/","og_locale":"fr_FR","og_type":"article","og_title":"Chambre Panam\u00e1 : beaut\u00e9 s\u00e9culaire et confort | Cotton House \u2013 Autograph Collection","og_description":"La chambre Panam\u00e1 offre une \u00e9l\u00e9gance n\u00e9oclassique sur 23 m2, avec un agencement qui maximise le confort. Profitez de son lit queen size, du Wi-Fi haut d\u00e9bit, des produits cosm\u00e9tiques de chez Ortigia et bien plus encore. Un havre silencieux et accueillant au centre de Barcelone.","og_url":"https:\/\/hotelcottonhouse.com\/fr\/chambres-et-suites\/panama-room\/","og_site_name":"Cotton House \u2013 Autograph Collection","article_modified_time":"2025-03-20T09:56:57+00:00","og_image":[{"width":1920,"height":1080,"url":"https:\/\/hotelcottonhouse.com\/wp-content\/uploads\/2025\/03\/Panama_CottonHouse-domitorio.jpeg","type":"image\/jpeg"}],"twitter_card":"summary_large_image","twitter_misc":{"Dur\u00e9e de lecture estim\u00e9e":"1 minute"},"schema":{"@context":"https:\/\/schema.org","@graph":[{"@type":"WebPage","@id":"https:\/\/hotelcottonhouse.com\/fr\/chambres-et-suites\/panama-room\/","url":"https:\/\/hotelcottonhouse.com\/fr\/chambres-et-suites\/panama-room\/","name":"Chambre Panam\u00e1 : beaut\u00e9 s\u00e9culaire et confort | Cotton House \u2013 Autograph Collection","isPartOf":{"@id":"https:\/\/hotelcottonhouse.com\/fr\/#website"},"primaryImageOfPage":{"@id":"https:\/\/hotelcottonhouse.com\/fr\/chambres-et-suites\/panama-room\/#primaryimage"},"image":{"@id":"https:\/\/hotelcottonhouse.com\/fr\/chambres-et-suites\/panama-room\/#primaryimage"},"thumbnailUrl":"https:\/\/hotelcottonhouse.com\/wp-content\/uploads\/2025\/03\/Panama_CottonHouse-domitorio.jpeg","datePublished":"2025-02-04T16:09:07+00:00","dateModified":"2025-03-20T09:56:57+00:00","description":"La chambre Panam\u00e1 offre une \u00e9l\u00e9gance n\u00e9oclassique sur 23 m2, avec un agencement qui maximise le confort. Profitez de son lit queen size, du Wi-Fi haut d\u00e9bit, des produits cosm\u00e9tiques de chez Ortigia et bien plus encore. Un havre silencieux et accueillant au centre de Barcelone.","breadcrumb":{"@id":"https:\/\/hotelcottonhouse.com\/fr\/chambres-et-suites\/panama-room\/#breadcrumb"},"inLanguage":"fr-FR","potentialAction":[{"@type":"ReadAction","target":["https:\/\/hotelcottonhouse.com\/fr\/chambres-et-suites\/panama-room\/"]}]},{"@type":"ImageObject","inLanguage":"fr-FR","@id":"https:\/\/hotelcottonhouse.com\/fr\/chambres-et-suites\/panama-room\/#primaryimage","url":"https:\/\/hotelcottonhouse.com\/wp-content\/uploads\/2025\/03\/Panama_CottonHouse-domitorio.jpeg","contentUrl":"https:\/\/hotelcottonhouse.com\/wp-content\/uploads\/2025\/03\/Panama_CottonHouse-domitorio.jpeg","width":1920,"height":1080,"caption":"Cama queen size con s\u00e1banas de algod\u00f3n egipcio en un espacio acogedor y silencioso con detalles decorativos de inspiraci\u00f3n cl\u00e1sica."},{"@type":"BreadcrumbList","@id":"https:\/\/hotelcottonhouse.com\/fr\/chambres-et-suites\/panama-room\/#breadcrumb","itemListElement":[{"@type":"ListItem","position":1,"name":"Portada","item":"https:\/\/hotelcottonhouse.com\/fr\/"},{"@type":"ListItem","position":2,"name":"Chambres","item":"https:\/\/hotelcottonhouse.com\/fr\/chambres-et-suites\/"},{"@type":"ListItem","position":3,"name":"Panam\u00e1"}]},{"@type":"WebSite","@id":"https:\/\/hotelcottonhouse.com\/fr\/#website","url":"https:\/\/hotelcottonhouse.com\/fr\/","name":"Cotton House \u2013 Autograph Collection","description":"Descubre Cotton House, un hotel boutique de lujo en Barcelona. Ubicado en un emblem\u00e1tico edificio neocl\u00e1sico, ofrece elegancia, confort y exclusividad con el sello Autograph Collection de Marriott. Disfruta de su sofisticado dise\u00f1o, restaurante Batuar y piscina en la azotea.","potentialAction":[{"@type":"SearchAction","target":{"@type":"EntryPoint","urlTemplate":"https:\/\/hotelcottonhouse.com\/fr\/?s={search_term_string}"},"query-input":{"@type":"PropertyValueSpecification","valueRequired":true,"valueName":"search_term_string"}}],"inLanguage":"fr-FR"}]}},"_links":{"self":[{"href":"https:\/\/hotelcottonhouse.com\/fr\/wp-json\/wp\/v2\/pages\/10881","targetHints":{"allow":["GET"]}}],"collection":[{"href":"https:\/\/hotelcottonhouse.com\/fr\/wp-json\/wp\/v2\/pages"}],"about":[{"href":"https:\/\/hotelcottonhouse.com\/fr\/wp-json\/wp\/v2\/types\/page"}],"author":[{"embeddable":true,"href":"https:\/\/hotelcottonhouse.com\/fr\/wp-json\/wp\/v2\/users\/1"}],"replies":[{"embeddable":true,"href":"https:\/\/hotelcottonhouse.com\/fr\/wp-json\/wp\/v2\/comments?post=10881"}],"version-history":[{"count":2,"href":"https:\/\/hotelcottonhouse.com\/fr\/wp-json\/wp\/v2\/pages\/10881\/revisions"}],"predecessor-version":[{"id":11049,"href":"https:\/\/hotelcottonhouse.com\/fr\/wp-json\/wp\/v2\/pages\/10881\/revisions\/11049"}],"up":[{"embeddable":true,"href":"https:\/\/hotelcottonhouse.com\/fr\/wp-json\/wp\/v2\/pages\/10876"}],"wp:featuredmedia":[{"embeddable":true,"href":"https:\/\/hotelcottonhouse.com\/fr\/wp-json\/wp\/v2\/media\/12090"}],"wp:attachment":[{"href":"https:\/\/hotelcottonhouse.com\/fr\/wp-json\/wp\/v2\/media?parent=10881"}],"wp:term":[{"taxonomy":"category","embeddable":true,"href":"https:\/\/hotelcottonhouse.com\/fr\/wp-json\/wp\/v2\/categories?post=10881"},{"taxonomy":"post_tag","embeddable":true,"href":"https:\/\/hotelcottonhouse.com\/fr\/wp-json\/wp\/v2\/tags?post=10881"}],"curies":[{"name":"wp","href":"https:\/\/api.w.org\/{rel}","templated":true}]}}