{"id":10934,"date":"2025-02-06T19:33:50","date_gmt":"2025-02-06T18:33:50","guid":{"rendered":"https:\/\/hotelcottonhouse.rkinnova.com\/?page_id=10934"},"modified":"2025-08-20T17:23:27","modified_gmt":"2025-08-20T15:23:27","slug":"contact","status":"publish","type":"page","link":"https:\/\/hotelcottonhouse.com\/fr\/contact\/","title":{"rendered":"Contact"},"content":{"rendered":"","protected":false},"excerpt":{"rendered":"","protected":false},"author":1,"featured_media":0,"parent":0,"menu_order":93,"comment_status":"closed","ping_status":"closed","template":"contacto.php","meta":{"_acf_changed":false,"footnotes":""},"categories":[],"tags":[114,471,115,116,468,117,470,118,472,119,469,473],"class_list":["post-10934","page","type-page","status-publish","hentry","tag-atencion-al-cliente-hotel-fr","tag-autograph-collection-contact","tag-autograph-collection-contacto-fr","tag-consulta-hotel-barcelona-fr","tag-contact-cotton-house","tag-contactar-cotton-house-fr","tag-contacter-cotton-house","tag-contacto-cotton-house-fr","tag-cotton-house-information","tag-informacion-cotton-house-fr","tag-informations-hotel-barcelone","tag-service-client-hotel","entry"],"acf":[],"yoast_head":"<!-- This site is optimized with the Yoast SEO plugin v25.7 - https:\/\/yoast.com\/wordpress\/plugins\/seo\/ -->\n<title>Contact: contacter l\u2019h\u00f4tel Cotton House | Cotton House \u2013 Autograph Collection<\/title>\n<meta name=\"description\" content=\"Vous avez des questions ou vous souhaitez obtenir de plus amples informations sur l\u2019h\u00f4tel Cotton House ? Contactez-nous facilement. Nous nous ferons un plaisir de r\u00e9pondre \u00e0 vos questions ou de vous apporter de plus amples informations. Nous sommes l\u00e0 pour vous aider.\" \/>\n<meta name=\"robots\" content=\"index, follow, max-snippet:-1, max-image-preview:large, max-video-preview:-1\" \/>\n<link rel=\"canonical\" href=\"https:\/\/hotelcottonhouse.com\/fr\/contact\/\" \/>\n<meta property=\"og:locale\" content=\"fr_FR\" \/>\n<meta property=\"og:type\" content=\"article\" \/>\n<meta property=\"og:title\" content=\"Contact: contacter l\u2019h\u00f4tel Cotton House | Cotton House \u2013 Autograph Collection\" \/>\n<meta property=\"og:description\" content=\"Vous avez des questions ou vous souhaitez obtenir de plus amples informations sur l\u2019h\u00f4tel Cotton House ? Contactez-nous facilement. Nous nous ferons un plaisir de r\u00e9pondre \u00e0 vos questions ou de vous apporter de plus amples informations. Nous sommes l\u00e0 pour vous aider.\" \/>\n<meta property=\"og:url\" content=\"https:\/\/hotelcottonhouse.com\/fr\/contact\/\" \/>\n<meta property=\"og:site_name\" content=\"Cotton House \u2013 Autograph Collection\" \/>\n<meta property=\"article:modified_time\" content=\"2025-08-20T15:23:27+00:00\" \/>\n<meta name=\"twitter:card\" content=\"summary_large_image\" \/>\n<script type=\"application\/ld+json\" class=\"yoast-schema-graph\">{\"@context\":\"https:\/\/schema.org\",\"@graph\":[{\"@type\":\"WebPage\",\"@id\":\"https:\/\/hotelcottonhouse.com\/fr\/contact\/\",\"url\":\"https:\/\/hotelcottonhouse.com\/fr\/contact\/\",\"name\":\"Contact: contacter l\u2019h\u00f4tel Cotton House | Cotton House \u2013 Autograph Collection\",\"isPartOf\":{\"@id\":\"https:\/\/hotelcottonhouse.com\/fr\/#website\"},\"datePublished\":\"2025-02-06T18:33:50+00:00\",\"dateModified\":\"2025-08-20T15:23:27+00:00\",\"description\":\"Vous avez des questions ou vous souhaitez obtenir de plus amples informations sur l\u2019h\u00f4tel Cotton House ? Contactez-nous facilement. Nous nous ferons un plaisir de r\u00e9pondre \u00e0 vos questions ou de vous apporter de plus amples informations. Nous sommes l\u00e0 pour vous aider.\",\"breadcrumb\":{\"@id\":\"https:\/\/hotelcottonhouse.com\/fr\/contact\/#breadcrumb\"},\"inLanguage\":\"fr-FR\",\"potentialAction\":[{\"@type\":\"ReadAction\",\"target\":[\"https:\/\/hotelcottonhouse.com\/fr\/contact\/\"]}]},{\"@type\":\"BreadcrumbList\",\"@id\":\"https:\/\/hotelcottonhouse.com\/fr\/contact\/#breadcrumb\",\"itemListElement\":[{\"@type\":\"ListItem\",\"position\":1,\"name\":\"Portada\",\"item\":\"https:\/\/hotelcottonhouse.com\/fr\/\"},{\"@type\":\"ListItem\",\"position\":2,\"name\":\"Contact\"}]},{\"@type\":\"WebSite\",\"@id\":\"https:\/\/hotelcottonhouse.com\/fr\/#website\",\"url\":\"https:\/\/hotelcottonhouse.com\/fr\/\",\"name\":\"Cotton House \u2013 Autograph Collection\",\"description\":\"Descubre Cotton House, un hotel boutique de lujo en Barcelona. Ubicado en un emblem\u00e1tico edificio neocl\u00e1sico, ofrece elegancia, confort y exclusividad con el sello Autograph Collection de Marriott. Disfruta de su sofisticado dise\u00f1o, restaurante Batuar y piscina en la azotea.\",\"potentialAction\":[{\"@type\":\"SearchAction\",\"target\":{\"@type\":\"EntryPoint\",\"urlTemplate\":\"https:\/\/hotelcottonhouse.com\/fr\/?s={search_term_string}\"},\"query-input\":{\"@type\":\"PropertyValueSpecification\",\"valueRequired\":true,\"valueName\":\"search_term_string\"}}],\"inLanguage\":\"fr-FR\"}]}<\/script>\n<!-- \/ Yoast SEO plugin. -->","yoast_head_json":{"title":"Contact: contacter l\u2019h\u00f4tel Cotton House | Cotton House \u2013 Autograph Collection","description":"Vous avez des questions ou vous souhaitez obtenir de plus amples informations sur l\u2019h\u00f4tel Cotton House ? Contactez-nous facilement. Nous nous ferons un plaisir de r\u00e9pondre \u00e0 vos questions ou de vous apporter de plus amples informations. Nous sommes l\u00e0 pour vous aider.","robots":{"index":"index","follow":"follow","max-snippet":"max-snippet:-1","max-image-preview":"max-image-preview:large","max-video-preview":"max-video-preview:-1"},"canonical":"https:\/\/hotelcottonhouse.com\/fr\/contact\/","og_locale":"fr_FR","og_type":"article","og_title":"Contact: contacter l\u2019h\u00f4tel Cotton House | Cotton House \u2013 Autograph Collection","og_description":"Vous avez des questions ou vous souhaitez obtenir de plus amples informations sur l\u2019h\u00f4tel Cotton House ? Contactez-nous facilement. Nous nous ferons un plaisir de r\u00e9pondre \u00e0 vos questions ou de vous apporter de plus amples informations. Nous sommes l\u00e0 pour vous aider.","og_url":"https:\/\/hotelcottonhouse.com\/fr\/contact\/","og_site_name":"Cotton House \u2013 Autograph Collection","article_modified_time":"2025-08-20T15:23:27+00:00","twitter_card":"summary_large_image","schema":{"@context":"https:\/\/schema.org","@graph":[{"@type":"WebPage","@id":"https:\/\/hotelcottonhouse.com\/fr\/contact\/","url":"https:\/\/hotelcottonhouse.com\/fr\/contact\/","name":"Contact: contacter l\u2019h\u00f4tel Cotton House | Cotton House \u2013 Autograph Collection","isPartOf":{"@id":"https:\/\/hotelcottonhouse.com\/fr\/#website"},"datePublished":"2025-02-06T18:33:50+00:00","dateModified":"2025-08-20T15:23:27+00:00","description":"Vous avez des questions ou vous souhaitez obtenir de plus amples informations sur l\u2019h\u00f4tel Cotton House ? Contactez-nous facilement. Nous nous ferons un plaisir de r\u00e9pondre \u00e0 vos questions ou de vous apporter de plus amples informations. Nous sommes l\u00e0 pour vous aider.","breadcrumb":{"@id":"https:\/\/hotelcottonhouse.com\/fr\/contact\/#breadcrumb"},"inLanguage":"fr-FR","potentialAction":[{"@type":"ReadAction","target":["https:\/\/hotelcottonhouse.com\/fr\/contact\/"]}]},{"@type":"BreadcrumbList","@id":"https:\/\/hotelcottonhouse.com\/fr\/contact\/#breadcrumb","itemListElement":[{"@type":"ListItem","position":1,"name":"Portada","item":"https:\/\/hotelcottonhouse.com\/fr\/"},{"@type":"ListItem","position":2,"name":"Contact"}]},{"@type":"WebSite","@id":"https:\/\/hotelcottonhouse.com\/fr\/#website","url":"https:\/\/hotelcottonhouse.com\/fr\/","name":"Cotton House \u2013 Autograph Collection","description":"Descubre Cotton House, un hotel boutique de lujo en Barcelona. Ubicado en un emblem\u00e1tico edificio neocl\u00e1sico, ofrece elegancia, confort y exclusividad con el sello Autograph Collection de Marriott. Disfruta de su sofisticado dise\u00f1o, restaurante Batuar y piscina en la azotea.","potentialAction":[{"@type":"SearchAction","target":{"@type":"EntryPoint","urlTemplate":"https:\/\/hotelcottonhouse.com\/fr\/?s={search_term_string}"},"query-input":{"@type":"PropertyValueSpecification","valueRequired":true,"valueName":"search_term_string"}}],"inLanguage":"fr-FR"}]}},"_links":{"self":[{"href":"https:\/\/hotelcottonhouse.com\/fr\/wp-json\/wp\/v2\/pages\/10934","targetHints":{"allow":["GET"]}}],"collection":[{"href":"https:\/\/hotelcottonhouse.com\/fr\/wp-json\/wp\/v2\/pages"}],"about":[{"href":"https:\/\/hotelcottonhouse.com\/fr\/wp-json\/wp\/v2\/types\/page"}],"author":[{"embeddable":true,"href":"https:\/\/hotelcottonhouse.com\/fr\/wp-json\/wp\/v2\/users\/1"}],"replies":[{"embeddable":true,"href":"https:\/\/hotelcottonhouse.com\/fr\/wp-json\/wp\/v2\/comments?post=10934"}],"version-history":[{"count":14,"href":"https:\/\/hotelcottonhouse.com\/fr\/wp-json\/wp\/v2\/pages\/10934\/revisions"}],"predecessor-version":[{"id":19215,"href":"https:\/\/hotelcottonhouse.com\/fr\/wp-json\/wp\/v2\/pages\/10934\/revisions\/19215"}],"wp:attachment":[{"href":"https:\/\/hotelcottonhouse.com\/fr\/wp-json\/wp\/v2\/media?parent=10934"}],"wp:term":[{"taxonomy":"category","embeddable":true,"href":"https:\/\/hotelcottonhouse.com\/fr\/wp-json\/wp\/v2\/categories?post=10934"},{"taxonomy":"post_tag","embeddable":true,"href":"https:\/\/hotelcottonhouse.com\/fr\/wp-json\/wp\/v2\/tags?post=10934"}],"curies":[{"name":"wp","href":"https:\/\/api.w.org\/{rel}","templated":true}]}}