{"id":10946,"date":"2025-02-04T17:16:07","date_gmt":"2025-02-04T16:16:07","guid":{"rendered":"https:\/\/hotelcottonhouse.rkinnova.com\/?page_id=10946"},"modified":"2025-03-05T15:52:55","modified_gmt":"2025-03-05T14:52:55","slug":"photos","status":"publish","type":"page","link":"https:\/\/hotelcottonhouse.com\/fr\/photos\/","title":{"rendered":"Galerie"},"content":{"rendered":"","protected":false},"excerpt":{"rendered":"","protected":false},"author":1,"featured_media":0,"parent":0,"menu_order":92,"comment_status":"closed","ping_status":"closed","template":"galeria.php","meta":{"_acf_changed":false,"footnotes":""},"categories":[],"tags":[460,336,477,475,439,144,344,474,476],"class_list":["post-10946","page","type-page","status-publish","hentry","tag-architecture-de-luxe","tag-autograph-collection-fr","tag-decoration-dinterieur-hotel","tag-galerie-dimages","tag-hotel-a-barcelone","tag-hotel-historico-barcelona-fr","tag-hotel-historique-barcelone","tag-photographies-cotton-house","tag-photos-de-cotton-house","entry"],"acf":[],"yoast_head":"<!-- This site is optimized with the Yoast SEO plugin v25.7 - https:\/\/yoast.com\/wordpress\/plugins\/seo\/ -->\n<title>Galerie de photos de l\u2019h\u00f4tel Cotton House | Cotton House \u2013 Autograph Collection<\/title>\n<meta name=\"description\" content=\"Explorez la galerie de photos de l\u2019h\u00f4tel Cotton House, o\u00f9 l\u2019architecture du XIXe si\u00e8cle se fond dans le luxe contemporain. D\u00e9couvrez les moindres recoins de cet exclusif h\u00f4tel de Barcelone.\" \/>\n<meta name=\"robots\" content=\"index, follow, max-snippet:-1, max-image-preview:large, max-video-preview:-1\" \/>\n<link rel=\"canonical\" href=\"https:\/\/hotelcottonhouse.com\/fr\/photos\/\" \/>\n<meta property=\"og:locale\" content=\"fr_FR\" \/>\n<meta property=\"og:type\" content=\"article\" \/>\n<meta property=\"og:title\" content=\"Galerie de photos de l\u2019h\u00f4tel Cotton House | Cotton House \u2013 Autograph Collection\" \/>\n<meta property=\"og:description\" content=\"Explorez la galerie de photos de l\u2019h\u00f4tel Cotton House, o\u00f9 l\u2019architecture du XIXe si\u00e8cle se fond dans le luxe contemporain. D\u00e9couvrez les moindres recoins de cet exclusif h\u00f4tel de Barcelone.\" \/>\n<meta property=\"og:url\" content=\"https:\/\/hotelcottonhouse.com\/fr\/photos\/\" \/>\n<meta property=\"og:site_name\" content=\"Cotton House \u2013 Autograph Collection\" \/>\n<meta property=\"article:modified_time\" content=\"2025-03-05T14:52:55+00:00\" \/>\n<meta name=\"twitter:card\" content=\"summary_large_image\" \/>\n<script type=\"application\/ld+json\" class=\"yoast-schema-graph\">{\"@context\":\"https:\/\/schema.org\",\"@graph\":[{\"@type\":\"WebPage\",\"@id\":\"https:\/\/hotelcottonhouse.com\/fr\/photos\/\",\"url\":\"https:\/\/hotelcottonhouse.com\/fr\/photos\/\",\"name\":\"Galerie de photos de l\u2019h\u00f4tel Cotton House | Cotton House \u2013 Autograph Collection\",\"isPartOf\":{\"@id\":\"http:\/\/hotelcottonhouse.com\/fr\/#website\"},\"datePublished\":\"2025-02-04T16:16:07+00:00\",\"dateModified\":\"2025-03-05T14:52:55+00:00\",\"description\":\"Explorez la galerie de photos de l\u2019h\u00f4tel Cotton House, o\u00f9 l\u2019architecture du XIXe si\u00e8cle se fond dans le luxe contemporain. D\u00e9couvrez les moindres recoins de cet exclusif h\u00f4tel de Barcelone.\",\"breadcrumb\":{\"@id\":\"https:\/\/hotelcottonhouse.com\/fr\/photos\/#breadcrumb\"},\"inLanguage\":\"fr-FR\",\"potentialAction\":[{\"@type\":\"ReadAction\",\"target\":[\"https:\/\/hotelcottonhouse.com\/fr\/photos\/\"]}]},{\"@type\":\"BreadcrumbList\",\"@id\":\"https:\/\/hotelcottonhouse.com\/fr\/photos\/#breadcrumb\",\"itemListElement\":[{\"@type\":\"ListItem\",\"position\":1,\"name\":\"Portada\",\"item\":\"https:\/\/hotelcottonhouse.com\/fr\/\"},{\"@type\":\"ListItem\",\"position\":2,\"name\":\"Galerie\"}]},{\"@type\":\"WebSite\",\"@id\":\"http:\/\/hotelcottonhouse.com\/fr\/#website\",\"url\":\"http:\/\/hotelcottonhouse.com\/fr\/\",\"name\":\"Cotton House \u2013 Autograph Collection\",\"description\":\"Descubre Cotton House, un hotel boutique de lujo en Barcelona. Ubicado en un emblem\u00e1tico edificio neocl\u00e1sico, ofrece elegancia, confort y exclusividad con el sello Autograph Collection de Marriott. Disfruta de su sofisticado dise\u00f1o, restaurante Batuar y piscina en la azotea.\",\"potentialAction\":[{\"@type\":\"SearchAction\",\"target\":{\"@type\":\"EntryPoint\",\"urlTemplate\":\"http:\/\/hotelcottonhouse.com\/fr\/?s={search_term_string}\"},\"query-input\":{\"@type\":\"PropertyValueSpecification\",\"valueRequired\":true,\"valueName\":\"search_term_string\"}}],\"inLanguage\":\"fr-FR\"}]}<\/script>\n<!-- \/ Yoast SEO plugin. -->","yoast_head_json":{"title":"Galerie de photos de l\u2019h\u00f4tel Cotton House | Cotton House \u2013 Autograph Collection","description":"Explorez la galerie de photos de l\u2019h\u00f4tel Cotton House, o\u00f9 l\u2019architecture du XIXe si\u00e8cle se fond dans le luxe contemporain. D\u00e9couvrez les moindres recoins de cet exclusif h\u00f4tel de Barcelone.","robots":{"index":"index","follow":"follow","max-snippet":"max-snippet:-1","max-image-preview":"max-image-preview:large","max-video-preview":"max-video-preview:-1"},"canonical":"https:\/\/hotelcottonhouse.com\/fr\/photos\/","og_locale":"fr_FR","og_type":"article","og_title":"Galerie de photos de l\u2019h\u00f4tel Cotton House | Cotton House \u2013 Autograph Collection","og_description":"Explorez la galerie de photos de l\u2019h\u00f4tel Cotton House, o\u00f9 l\u2019architecture du XIXe si\u00e8cle se fond dans le luxe contemporain. D\u00e9couvrez les moindres recoins de cet exclusif h\u00f4tel de Barcelone.","og_url":"https:\/\/hotelcottonhouse.com\/fr\/photos\/","og_site_name":"Cotton House \u2013 Autograph Collection","article_modified_time":"2025-03-05T14:52:55+00:00","twitter_card":"summary_large_image","schema":{"@context":"https:\/\/schema.org","@graph":[{"@type":"WebPage","@id":"https:\/\/hotelcottonhouse.com\/fr\/photos\/","url":"https:\/\/hotelcottonhouse.com\/fr\/photos\/","name":"Galerie de photos de l\u2019h\u00f4tel Cotton House | Cotton House \u2013 Autograph Collection","isPartOf":{"@id":"http:\/\/hotelcottonhouse.com\/fr\/#website"},"datePublished":"2025-02-04T16:16:07+00:00","dateModified":"2025-03-05T14:52:55+00:00","description":"Explorez la galerie de photos de l\u2019h\u00f4tel Cotton House, o\u00f9 l\u2019architecture du XIXe si\u00e8cle se fond dans le luxe contemporain. D\u00e9couvrez les moindres recoins de cet exclusif h\u00f4tel de Barcelone.","breadcrumb":{"@id":"https:\/\/hotelcottonhouse.com\/fr\/photos\/#breadcrumb"},"inLanguage":"fr-FR","potentialAction":[{"@type":"ReadAction","target":["https:\/\/hotelcottonhouse.com\/fr\/photos\/"]}]},{"@type":"BreadcrumbList","@id":"https:\/\/hotelcottonhouse.com\/fr\/photos\/#breadcrumb","itemListElement":[{"@type":"ListItem","position":1,"name":"Portada","item":"https:\/\/hotelcottonhouse.com\/fr\/"},{"@type":"ListItem","position":2,"name":"Galerie"}]},{"@type":"WebSite","@id":"http:\/\/hotelcottonhouse.com\/fr\/#website","url":"http:\/\/hotelcottonhouse.com\/fr\/","name":"Cotton House \u2013 Autograph Collection","description":"Descubre Cotton House, un hotel boutique de lujo en Barcelona. Ubicado en un emblem\u00e1tico edificio neocl\u00e1sico, ofrece elegancia, confort y exclusividad con el sello Autograph Collection de Marriott. Disfruta de su sofisticado dise\u00f1o, restaurante Batuar y piscina en la azotea.","potentialAction":[{"@type":"SearchAction","target":{"@type":"EntryPoint","urlTemplate":"http:\/\/hotelcottonhouse.com\/fr\/?s={search_term_string}"},"query-input":{"@type":"PropertyValueSpecification","valueRequired":true,"valueName":"search_term_string"}}],"inLanguage":"fr-FR"}]}},"_links":{"self":[{"href":"https:\/\/hotelcottonhouse.com\/fr\/wp-json\/wp\/v2\/pages\/10946","targetHints":{"allow":["GET"]}}],"collection":[{"href":"https:\/\/hotelcottonhouse.com\/fr\/wp-json\/wp\/v2\/pages"}],"about":[{"href":"https:\/\/hotelcottonhouse.com\/fr\/wp-json\/wp\/v2\/types\/page"}],"author":[{"embeddable":true,"href":"https:\/\/hotelcottonhouse.com\/fr\/wp-json\/wp\/v2\/users\/1"}],"replies":[{"embeddable":true,"href":"https:\/\/hotelcottonhouse.com\/fr\/wp-json\/wp\/v2\/comments?post=10946"}],"version-history":[{"count":5,"href":"https:\/\/hotelcottonhouse.com\/fr\/wp-json\/wp\/v2\/pages\/10946\/revisions"}],"predecessor-version":[{"id":12110,"href":"https:\/\/hotelcottonhouse.com\/fr\/wp-json\/wp\/v2\/pages\/10946\/revisions\/12110"}],"wp:attachment":[{"href":"https:\/\/hotelcottonhouse.com\/fr\/wp-json\/wp\/v2\/media?parent=10946"}],"wp:term":[{"taxonomy":"category","embeddable":true,"href":"https:\/\/hotelcottonhouse.com\/fr\/wp-json\/wp\/v2\/categories?post=10946"},{"taxonomy":"post_tag","embeddable":true,"href":"https:\/\/hotelcottonhouse.com\/fr\/wp-json\/wp\/v2\/tags?post=10946"}],"curies":[{"name":"wp","href":"https:\/\/api.w.org\/{rel}","templated":true}]}}