{"id":10952,"date":"2025-02-19T22:26:30","date_gmt":"2025-02-19T21:26:30","guid":{"rendered":"https:\/\/hotelcottonhouse.rkinnova.com\/?page_id=10952"},"modified":"2025-03-20T10:58:14","modified_gmt":"2025-03-20T09:58:14","slug":"coupures-de-presse","status":"publish","type":"page","link":"https:\/\/hotelcottonhouse.com\/fr\/whats-on\/coupures-de-presse\/","title":{"rendered":"Coupures de presse"},"content":{"rendered":"","protected":false},"excerpt":{"rendered":"","protected":false},"author":1,"featured_media":9550,"parent":10964,"menu_order":84,"comment_status":"closed","ping_status":"closed","template":"clipping.php","meta":{"_acf_changed":false,"footnotes":""},"categories":[],"tags":[464,460,457,462,461,466,465,459,467,458,463],"class_list":["post-10952","page","type-page","status-publish","has-post-thumbnail","hentry","tag-ad-fr","tag-architecture-de-luxe","tag-cotton-house-dans-les-medias","tag-forbes-fr","tag-gastronomie-a-barcelone","tag-gq-fr","tag-la-vanguardia-fr","tag-medias-specialises","tag-national-geographic-fr","tag-reportages-de-presse","tag-vogue-fr","entry"],"acf":[],"yoast_head":"<!-- This site is optimized with the Yoast SEO plugin v25.7 - https:\/\/yoast.com\/wordpress\/plugins\/seo\/ -->\n<title>Reportages de presse et reconnaissances | Cotton House \u2013 Autograph Collection<\/title>\n<meta name=\"description\" content=\"D\u00e9couvrez pourquoi Cotton House est une r\u00e9f\u00e9rence en mati\u00e8re d\u2019architecture, de gastronomie et de voyages. D\u00e9couvrez nos reportages parus dans des m\u00e9dias prestigieux tels que Forbes, Vogue, The Independent et bien d\u2019autres encore.\" \/>\n<meta name=\"robots\" content=\"index, follow, max-snippet:-1, max-image-preview:large, max-video-preview:-1\" \/>\n<link rel=\"canonical\" href=\"https:\/\/hotelcottonhouse.com\/fr\/whats-on\/coupures-de-presse\/\" \/>\n<meta property=\"og:locale\" content=\"fr_FR\" \/>\n<meta property=\"og:type\" content=\"article\" \/>\n<meta property=\"og:title\" content=\"Reportages de presse et reconnaissances | Cotton House \u2013 Autograph Collection\" \/>\n<meta property=\"og:description\" content=\"D\u00e9couvrez pourquoi Cotton House est une r\u00e9f\u00e9rence en mati\u00e8re d\u2019architecture, de gastronomie et de voyages. D\u00e9couvrez nos reportages parus dans des m\u00e9dias prestigieux tels que Forbes, Vogue, The Independent et bien d\u2019autres encore.\" \/>\n<meta property=\"og:url\" content=\"https:\/\/hotelcottonhouse.com\/fr\/whats-on\/coupures-de-presse\/\" \/>\n<meta property=\"og:site_name\" content=\"Cotton House \u2013 Autograph Collection\" \/>\n<meta property=\"article:modified_time\" content=\"2025-03-20T09:58:14+00:00\" \/>\n<meta property=\"og:image\" content=\"https:\/\/hotelcottonhouse.com\/wp-content\/uploads\/2025\/02\/clipping.jpg\" \/>\n\t<meta property=\"og:image:width\" content=\"2000\" \/>\n\t<meta property=\"og:image:height\" content=\"1126\" \/>\n\t<meta property=\"og:image:type\" content=\"image\/jpeg\" \/>\n<meta name=\"twitter:card\" content=\"summary_large_image\" \/>\n<meta name=\"twitter:label1\" content=\"Dur\u00e9e de lecture estim\u00e9e\" \/>\n\t<meta name=\"twitter:data1\" content=\"1 minute\" \/>\n<script type=\"application\/ld+json\" class=\"yoast-schema-graph\">{\"@context\":\"https:\/\/schema.org\",\"@graph\":[{\"@type\":\"WebPage\",\"@id\":\"https:\/\/hotelcottonhouse.com\/fr\/whats-on\/coupures-de-presse\/\",\"url\":\"https:\/\/hotelcottonhouse.com\/fr\/whats-on\/coupures-de-presse\/\",\"name\":\"Reportages de presse et reconnaissances | Cotton House \u2013 Autograph Collection\",\"isPartOf\":{\"@id\":\"https:\/\/hotelcottonhouse.com\/fr\/#website\"},\"primaryImageOfPage\":{\"@id\":\"https:\/\/hotelcottonhouse.com\/fr\/whats-on\/coupures-de-presse\/#primaryimage\"},\"image\":{\"@id\":\"https:\/\/hotelcottonhouse.com\/fr\/whats-on\/coupures-de-presse\/#primaryimage\"},\"thumbnailUrl\":\"https:\/\/hotelcottonhouse.com\/wp-content\/uploads\/2025\/02\/clipping.jpg\",\"datePublished\":\"2025-02-19T21:26:30+00:00\",\"dateModified\":\"2025-03-20T09:58:14+00:00\",\"description\":\"D\u00e9couvrez pourquoi Cotton House est une r\u00e9f\u00e9rence en mati\u00e8re d\u2019architecture, de gastronomie et de voyages. D\u00e9couvrez nos reportages parus dans des m\u00e9dias prestigieux tels que Forbes, Vogue, The Independent et bien d\u2019autres encore.\",\"breadcrumb\":{\"@id\":\"https:\/\/hotelcottonhouse.com\/fr\/whats-on\/coupures-de-presse\/#breadcrumb\"},\"inLanguage\":\"fr-FR\",\"potentialAction\":[{\"@type\":\"ReadAction\",\"target\":[\"https:\/\/hotelcottonhouse.com\/fr\/whats-on\/coupures-de-presse\/\"]}]},{\"@type\":\"ImageObject\",\"inLanguage\":\"fr-FR\",\"@id\":\"https:\/\/hotelcottonhouse.com\/fr\/whats-on\/coupures-de-presse\/#primaryimage\",\"url\":\"https:\/\/hotelcottonhouse.com\/wp-content\/uploads\/2025\/02\/clipping.jpg\",\"contentUrl\":\"https:\/\/hotelcottonhouse.com\/wp-content\/uploads\/2025\/02\/clipping.jpg\",\"width\":2000,\"height\":1126},{\"@type\":\"BreadcrumbList\",\"@id\":\"https:\/\/hotelcottonhouse.com\/fr\/whats-on\/coupures-de-presse\/#breadcrumb\",\"itemListElement\":[{\"@type\":\"ListItem\",\"position\":1,\"name\":\"Portada\",\"item\":\"https:\/\/hotelcottonhouse.com\/fr\/\"},{\"@type\":\"ListItem\",\"position\":2,\"name\":\"What&rsquo;s on\",\"item\":\"https:\/\/hotelcottonhouse.com\/fr\/whats-on\/\"},{\"@type\":\"ListItem\",\"position\":3,\"name\":\"Coupures de presse\"}]},{\"@type\":\"WebSite\",\"@id\":\"https:\/\/hotelcottonhouse.com\/fr\/#website\",\"url\":\"https:\/\/hotelcottonhouse.com\/fr\/\",\"name\":\"Cotton House \u2013 Autograph Collection\",\"description\":\"Descubre Cotton House, un hotel boutique de lujo en Barcelona. Ubicado en un emblem\u00e1tico edificio neocl\u00e1sico, ofrece elegancia, confort y exclusividad con el sello Autograph Collection de Marriott. Disfruta de su sofisticado dise\u00f1o, restaurante Batuar y piscina en la azotea.\",\"potentialAction\":[{\"@type\":\"SearchAction\",\"target\":{\"@type\":\"EntryPoint\",\"urlTemplate\":\"https:\/\/hotelcottonhouse.com\/fr\/?s={search_term_string}\"},\"query-input\":{\"@type\":\"PropertyValueSpecification\",\"valueRequired\":true,\"valueName\":\"search_term_string\"}}],\"inLanguage\":\"fr-FR\"}]}<\/script>\n<!-- \/ Yoast SEO plugin. -->","yoast_head_json":{"title":"Reportages de presse et reconnaissances | Cotton House \u2013 Autograph Collection","description":"D\u00e9couvrez pourquoi Cotton House est une r\u00e9f\u00e9rence en mati\u00e8re d\u2019architecture, de gastronomie et de voyages. D\u00e9couvrez nos reportages parus dans des m\u00e9dias prestigieux tels que Forbes, Vogue, The Independent et bien d\u2019autres encore.","robots":{"index":"index","follow":"follow","max-snippet":"max-snippet:-1","max-image-preview":"max-image-preview:large","max-video-preview":"max-video-preview:-1"},"canonical":"https:\/\/hotelcottonhouse.com\/fr\/whats-on\/coupures-de-presse\/","og_locale":"fr_FR","og_type":"article","og_title":"Reportages de presse et reconnaissances | Cotton House \u2013 Autograph Collection","og_description":"D\u00e9couvrez pourquoi Cotton House est une r\u00e9f\u00e9rence en mati\u00e8re d\u2019architecture, de gastronomie et de voyages. D\u00e9couvrez nos reportages parus dans des m\u00e9dias prestigieux tels que Forbes, Vogue, The Independent et bien d\u2019autres encore.","og_url":"https:\/\/hotelcottonhouse.com\/fr\/whats-on\/coupures-de-presse\/","og_site_name":"Cotton House \u2013 Autograph Collection","article_modified_time":"2025-03-20T09:58:14+00:00","og_image":[{"width":2000,"height":1126,"url":"https:\/\/hotelcottonhouse.com\/wp-content\/uploads\/2025\/02\/clipping.jpg","type":"image\/jpeg"}],"twitter_card":"summary_large_image","twitter_misc":{"Dur\u00e9e de lecture estim\u00e9e":"1 minute"},"schema":{"@context":"https:\/\/schema.org","@graph":[{"@type":"WebPage","@id":"https:\/\/hotelcottonhouse.com\/fr\/whats-on\/coupures-de-presse\/","url":"https:\/\/hotelcottonhouse.com\/fr\/whats-on\/coupures-de-presse\/","name":"Reportages de presse et reconnaissances | Cotton House \u2013 Autograph Collection","isPartOf":{"@id":"https:\/\/hotelcottonhouse.com\/fr\/#website"},"primaryImageOfPage":{"@id":"https:\/\/hotelcottonhouse.com\/fr\/whats-on\/coupures-de-presse\/#primaryimage"},"image":{"@id":"https:\/\/hotelcottonhouse.com\/fr\/whats-on\/coupures-de-presse\/#primaryimage"},"thumbnailUrl":"https:\/\/hotelcottonhouse.com\/wp-content\/uploads\/2025\/02\/clipping.jpg","datePublished":"2025-02-19T21:26:30+00:00","dateModified":"2025-03-20T09:58:14+00:00","description":"D\u00e9couvrez pourquoi Cotton House est une r\u00e9f\u00e9rence en mati\u00e8re d\u2019architecture, de gastronomie et de voyages. D\u00e9couvrez nos reportages parus dans des m\u00e9dias prestigieux tels que Forbes, Vogue, The Independent et bien d\u2019autres encore.","breadcrumb":{"@id":"https:\/\/hotelcottonhouse.com\/fr\/whats-on\/coupures-de-presse\/#breadcrumb"},"inLanguage":"fr-FR","potentialAction":[{"@type":"ReadAction","target":["https:\/\/hotelcottonhouse.com\/fr\/whats-on\/coupures-de-presse\/"]}]},{"@type":"ImageObject","inLanguage":"fr-FR","@id":"https:\/\/hotelcottonhouse.com\/fr\/whats-on\/coupures-de-presse\/#primaryimage","url":"https:\/\/hotelcottonhouse.com\/wp-content\/uploads\/2025\/02\/clipping.jpg","contentUrl":"https:\/\/hotelcottonhouse.com\/wp-content\/uploads\/2025\/02\/clipping.jpg","width":2000,"height":1126},{"@type":"BreadcrumbList","@id":"https:\/\/hotelcottonhouse.com\/fr\/whats-on\/coupures-de-presse\/#breadcrumb","itemListElement":[{"@type":"ListItem","position":1,"name":"Portada","item":"https:\/\/hotelcottonhouse.com\/fr\/"},{"@type":"ListItem","position":2,"name":"What&rsquo;s on","item":"https:\/\/hotelcottonhouse.com\/fr\/whats-on\/"},{"@type":"ListItem","position":3,"name":"Coupures de presse"}]},{"@type":"WebSite","@id":"https:\/\/hotelcottonhouse.com\/fr\/#website","url":"https:\/\/hotelcottonhouse.com\/fr\/","name":"Cotton House \u2013 Autograph Collection","description":"Descubre Cotton House, un hotel boutique de lujo en Barcelona. Ubicado en un emblem\u00e1tico edificio neocl\u00e1sico, ofrece elegancia, confort y exclusividad con el sello Autograph Collection de Marriott. Disfruta de su sofisticado dise\u00f1o, restaurante Batuar y piscina en la azotea.","potentialAction":[{"@type":"SearchAction","target":{"@type":"EntryPoint","urlTemplate":"https:\/\/hotelcottonhouse.com\/fr\/?s={search_term_string}"},"query-input":{"@type":"PropertyValueSpecification","valueRequired":true,"valueName":"search_term_string"}}],"inLanguage":"fr-FR"}]}},"_links":{"self":[{"href":"https:\/\/hotelcottonhouse.com\/fr\/wp-json\/wp\/v2\/pages\/10952","targetHints":{"allow":["GET"]}}],"collection":[{"href":"https:\/\/hotelcottonhouse.com\/fr\/wp-json\/wp\/v2\/pages"}],"about":[{"href":"https:\/\/hotelcottonhouse.com\/fr\/wp-json\/wp\/v2\/types\/page"}],"author":[{"embeddable":true,"href":"https:\/\/hotelcottonhouse.com\/fr\/wp-json\/wp\/v2\/users\/1"}],"replies":[{"embeddable":true,"href":"https:\/\/hotelcottonhouse.com\/fr\/wp-json\/wp\/v2\/comments?post=10952"}],"version-history":[{"count":6,"href":"https:\/\/hotelcottonhouse.com\/fr\/wp-json\/wp\/v2\/pages\/10952\/revisions"}],"predecessor-version":[{"id":11448,"href":"https:\/\/hotelcottonhouse.com\/fr\/wp-json\/wp\/v2\/pages\/10952\/revisions\/11448"}],"up":[{"embeddable":true,"href":"https:\/\/hotelcottonhouse.com\/fr\/wp-json\/wp\/v2\/pages\/10964"}],"wp:featuredmedia":[{"embeddable":true,"href":"https:\/\/hotelcottonhouse.com\/fr\/wp-json\/wp\/v2\/media\/9550"}],"wp:attachment":[{"href":"https:\/\/hotelcottonhouse.com\/fr\/wp-json\/wp\/v2\/media?parent=10952"}],"wp:term":[{"taxonomy":"category","embeddable":true,"href":"https:\/\/hotelcottonhouse.com\/fr\/wp-json\/wp\/v2\/categories?post=10952"},{"taxonomy":"post_tag","embeddable":true,"href":"https:\/\/hotelcottonhouse.com\/fr\/wp-json\/wp\/v2\/tags?post=10952"}],"curies":[{"name":"wp","href":"https:\/\/api.w.org\/{rel}","templated":true}]}}