{"id":10964,"date":"2025-02-19T21:11:37","date_gmt":"2025-02-19T20:11:37","guid":{"rendered":"https:\/\/hotelcottonhouse.rkinnova.com\/?page_id=10964"},"modified":"2025-03-05T17:01:00","modified_gmt":"2025-03-05T16:01:00","slug":"whats-on","status":"publish","type":"page","link":"https:\/\/hotelcottonhouse.com\/fr\/whats-on\/","title":{"rendered":"What&rsquo;s on"},"content":{"rendered":"","protected":false},"excerpt":{"rendered":"","protected":false},"author":1,"featured_media":9544,"parent":0,"menu_order":77,"comment_status":"closed","ping_status":"closed","template":"whats-on.php","meta":{"_acf_changed":false,"footnotes":""},"categories":[],"tags":[446,448,450,444,443,445,380,441,449,447],"class_list":["post-10964","page","type-page","status-publish","has-post-thumbnail","hentry","tag-activites-dans-lhotel","tag-agenda-culturel-barcelone","tag-art-a-lhotel-fr","tag-culture-locale","tag-evenements-a-barcelone","tag-experiences-exclusives","tag-gastronomie-locale","tag-hotel-boutique-fr","tag-hotel-cotton-house","tag-recompenses-et-mentions","entry"],"acf":[],"yoast_head":"<!-- This site is optimized with the Yoast SEO plugin v25.7 - https:\/\/yoast.com\/wordpress\/plugins\/seo\/ -->\n<title>What\u2019s On: d\u00e9couvrez les activit\u00e9s de Cotton House Barcelone \u2014 Autograph Collection<\/title>\n<meta name=\"description\" content=\"\u00c0 Cotton House, nous proposons des exp\u00e9riences en lien avec la culture locale. Profitez d\u2019\u00e9v\u00e9nements exclusifs, de la gastronomie et de l\u2019art de Barcelone. D\u00e9couvrez notre agenda d\u2019activit\u00e9s, nos r\u00e9compenses et nos mentions dans les m\u00e9dias.\" \/>\n<meta name=\"robots\" content=\"index, follow, max-snippet:-1, max-image-preview:large, max-video-preview:-1\" \/>\n<link rel=\"canonical\" href=\"https:\/\/hotelcottonhouse.com\/fr\/whats-on\/\" \/>\n<meta property=\"og:locale\" content=\"fr_FR\" \/>\n<meta property=\"og:type\" content=\"article\" \/>\n<meta property=\"og:title\" content=\"What\u2019s On: d\u00e9couvrez les activit\u00e9s de Cotton House Barcelone \u2014 Autograph Collection\" \/>\n<meta property=\"og:description\" content=\"\u00c0 Cotton House, nous proposons des exp\u00e9riences en lien avec la culture locale. Profitez d\u2019\u00e9v\u00e9nements exclusifs, de la gastronomie et de l\u2019art de Barcelone. D\u00e9couvrez notre agenda d\u2019activit\u00e9s, nos r\u00e9compenses et nos mentions dans les m\u00e9dias.\" \/>\n<meta property=\"og:url\" content=\"https:\/\/hotelcottonhouse.com\/fr\/whats-on\/\" \/>\n<meta property=\"og:site_name\" content=\"Cotton House \u2013 Autograph Collection\" \/>\n<meta property=\"article:modified_time\" content=\"2025-03-05T16:01:00+00:00\" \/>\n<meta property=\"og:image\" content=\"https:\/\/hotelcottonhouse.com\/wp-content\/uploads\/2025\/02\/whatson.jpg\" \/>\n\t<meta property=\"og:image:width\" content=\"2200\" \/>\n\t<meta property=\"og:image:height\" content=\"1239\" \/>\n\t<meta property=\"og:image:type\" content=\"image\/jpeg\" \/>\n<meta name=\"twitter:card\" content=\"summary_large_image\" \/>\n<meta name=\"twitter:label1\" content=\"Dur\u00e9e de lecture estim\u00e9e\" \/>\n\t<meta name=\"twitter:data1\" content=\"1 minute\" \/>\n<script type=\"application\/ld+json\" class=\"yoast-schema-graph\">{\"@context\":\"https:\/\/schema.org\",\"@graph\":[{\"@type\":\"WebPage\",\"@id\":\"https:\/\/hotelcottonhouse.com\/fr\/whats-on\/\",\"url\":\"https:\/\/hotelcottonhouse.com\/fr\/whats-on\/\",\"name\":\"What\u2019s On: d\u00e9couvrez les activit\u00e9s de Cotton House Barcelone \u2014 Autograph Collection\",\"isPartOf\":{\"@id\":\"https:\/\/hotelcottonhouse.com\/fr\/#website\"},\"primaryImageOfPage\":{\"@id\":\"https:\/\/hotelcottonhouse.com\/fr\/whats-on\/#primaryimage\"},\"image\":{\"@id\":\"https:\/\/hotelcottonhouse.com\/fr\/whats-on\/#primaryimage\"},\"thumbnailUrl\":\"https:\/\/hotelcottonhouse.com\/wp-content\/uploads\/2025\/02\/whatson.jpg\",\"datePublished\":\"2025-02-19T20:11:37+00:00\",\"dateModified\":\"2025-03-05T16:01:00+00:00\",\"description\":\"\u00c0 Cotton House, nous proposons des exp\u00e9riences en lien avec la culture locale. Profitez d\u2019\u00e9v\u00e9nements exclusifs, de la gastronomie et de l\u2019art de Barcelone. D\u00e9couvrez notre agenda d\u2019activit\u00e9s, nos r\u00e9compenses et nos mentions dans les m\u00e9dias.\",\"breadcrumb\":{\"@id\":\"https:\/\/hotelcottonhouse.com\/fr\/whats-on\/#breadcrumb\"},\"inLanguage\":\"fr-FR\",\"potentialAction\":[{\"@type\":\"ReadAction\",\"target\":[\"https:\/\/hotelcottonhouse.com\/fr\/whats-on\/\"]}]},{\"@type\":\"ImageObject\",\"inLanguage\":\"fr-FR\",\"@id\":\"https:\/\/hotelcottonhouse.com\/fr\/whats-on\/#primaryimage\",\"url\":\"https:\/\/hotelcottonhouse.com\/wp-content\/uploads\/2025\/02\/whatson.jpg\",\"contentUrl\":\"https:\/\/hotelcottonhouse.com\/wp-content\/uploads\/2025\/02\/whatson.jpg\",\"width\":2200,\"height\":1239},{\"@type\":\"BreadcrumbList\",\"@id\":\"https:\/\/hotelcottonhouse.com\/fr\/whats-on\/#breadcrumb\",\"itemListElement\":[{\"@type\":\"ListItem\",\"position\":1,\"name\":\"Portada\",\"item\":\"https:\/\/hotelcottonhouse.com\/fr\/\"},{\"@type\":\"ListItem\",\"position\":2,\"name\":\"What&rsquo;s on\"}]},{\"@type\":\"WebSite\",\"@id\":\"https:\/\/hotelcottonhouse.com\/fr\/#website\",\"url\":\"https:\/\/hotelcottonhouse.com\/fr\/\",\"name\":\"Cotton House \u2013 Autograph Collection\",\"description\":\"Descubre Cotton House, un hotel boutique de lujo en Barcelona. Ubicado en un emblem\u00e1tico edificio neocl\u00e1sico, ofrece elegancia, confort y exclusividad con el sello Autograph Collection de Marriott. Disfruta de su sofisticado dise\u00f1o, restaurante Batuar y piscina en la azotea.\",\"potentialAction\":[{\"@type\":\"SearchAction\",\"target\":{\"@type\":\"EntryPoint\",\"urlTemplate\":\"https:\/\/hotelcottonhouse.com\/fr\/?s={search_term_string}\"},\"query-input\":{\"@type\":\"PropertyValueSpecification\",\"valueRequired\":true,\"valueName\":\"search_term_string\"}}],\"inLanguage\":\"fr-FR\"}]}<\/script>\n<!-- \/ Yoast SEO plugin. -->","yoast_head_json":{"title":"What\u2019s On: d\u00e9couvrez les activit\u00e9s de Cotton House Barcelone \u2014 Autograph Collection","description":"\u00c0 Cotton House, nous proposons des exp\u00e9riences en lien avec la culture locale. Profitez d\u2019\u00e9v\u00e9nements exclusifs, de la gastronomie et de l\u2019art de Barcelone. D\u00e9couvrez notre agenda d\u2019activit\u00e9s, nos r\u00e9compenses et nos mentions dans les m\u00e9dias.","robots":{"index":"index","follow":"follow","max-snippet":"max-snippet:-1","max-image-preview":"max-image-preview:large","max-video-preview":"max-video-preview:-1"},"canonical":"https:\/\/hotelcottonhouse.com\/fr\/whats-on\/","og_locale":"fr_FR","og_type":"article","og_title":"What\u2019s On: d\u00e9couvrez les activit\u00e9s de Cotton House Barcelone \u2014 Autograph Collection","og_description":"\u00c0 Cotton House, nous proposons des exp\u00e9riences en lien avec la culture locale. Profitez d\u2019\u00e9v\u00e9nements exclusifs, de la gastronomie et de l\u2019art de Barcelone. D\u00e9couvrez notre agenda d\u2019activit\u00e9s, nos r\u00e9compenses et nos mentions dans les m\u00e9dias.","og_url":"https:\/\/hotelcottonhouse.com\/fr\/whats-on\/","og_site_name":"Cotton House \u2013 Autograph Collection","article_modified_time":"2025-03-05T16:01:00+00:00","og_image":[{"width":2200,"height":1239,"url":"https:\/\/hotelcottonhouse.com\/wp-content\/uploads\/2025\/02\/whatson.jpg","type":"image\/jpeg"}],"twitter_card":"summary_large_image","twitter_misc":{"Dur\u00e9e de lecture estim\u00e9e":"1 minute"},"schema":{"@context":"https:\/\/schema.org","@graph":[{"@type":"WebPage","@id":"https:\/\/hotelcottonhouse.com\/fr\/whats-on\/","url":"https:\/\/hotelcottonhouse.com\/fr\/whats-on\/","name":"What\u2019s On: d\u00e9couvrez les activit\u00e9s de Cotton House Barcelone \u2014 Autograph Collection","isPartOf":{"@id":"https:\/\/hotelcottonhouse.com\/fr\/#website"},"primaryImageOfPage":{"@id":"https:\/\/hotelcottonhouse.com\/fr\/whats-on\/#primaryimage"},"image":{"@id":"https:\/\/hotelcottonhouse.com\/fr\/whats-on\/#primaryimage"},"thumbnailUrl":"https:\/\/hotelcottonhouse.com\/wp-content\/uploads\/2025\/02\/whatson.jpg","datePublished":"2025-02-19T20:11:37+00:00","dateModified":"2025-03-05T16:01:00+00:00","description":"\u00c0 Cotton House, nous proposons des exp\u00e9riences en lien avec la culture locale. Profitez d\u2019\u00e9v\u00e9nements exclusifs, de la gastronomie et de l\u2019art de Barcelone. D\u00e9couvrez notre agenda d\u2019activit\u00e9s, nos r\u00e9compenses et nos mentions dans les m\u00e9dias.","breadcrumb":{"@id":"https:\/\/hotelcottonhouse.com\/fr\/whats-on\/#breadcrumb"},"inLanguage":"fr-FR","potentialAction":[{"@type":"ReadAction","target":["https:\/\/hotelcottonhouse.com\/fr\/whats-on\/"]}]},{"@type":"ImageObject","inLanguage":"fr-FR","@id":"https:\/\/hotelcottonhouse.com\/fr\/whats-on\/#primaryimage","url":"https:\/\/hotelcottonhouse.com\/wp-content\/uploads\/2025\/02\/whatson.jpg","contentUrl":"https:\/\/hotelcottonhouse.com\/wp-content\/uploads\/2025\/02\/whatson.jpg","width":2200,"height":1239},{"@type":"BreadcrumbList","@id":"https:\/\/hotelcottonhouse.com\/fr\/whats-on\/#breadcrumb","itemListElement":[{"@type":"ListItem","position":1,"name":"Portada","item":"https:\/\/hotelcottonhouse.com\/fr\/"},{"@type":"ListItem","position":2,"name":"What&rsquo;s on"}]},{"@type":"WebSite","@id":"https:\/\/hotelcottonhouse.com\/fr\/#website","url":"https:\/\/hotelcottonhouse.com\/fr\/","name":"Cotton House \u2013 Autograph Collection","description":"Descubre Cotton House, un hotel boutique de lujo en Barcelona. Ubicado en un emblem\u00e1tico edificio neocl\u00e1sico, ofrece elegancia, confort y exclusividad con el sello Autograph Collection de Marriott. Disfruta de su sofisticado dise\u00f1o, restaurante Batuar y piscina en la azotea.","potentialAction":[{"@type":"SearchAction","target":{"@type":"EntryPoint","urlTemplate":"https:\/\/hotelcottonhouse.com\/fr\/?s={search_term_string}"},"query-input":{"@type":"PropertyValueSpecification","valueRequired":true,"valueName":"search_term_string"}}],"inLanguage":"fr-FR"}]}},"_links":{"self":[{"href":"https:\/\/hotelcottonhouse.com\/fr\/wp-json\/wp\/v2\/pages\/10964","targetHints":{"allow":["GET"]}}],"collection":[{"href":"https:\/\/hotelcottonhouse.com\/fr\/wp-json\/wp\/v2\/pages"}],"about":[{"href":"https:\/\/hotelcottonhouse.com\/fr\/wp-json\/wp\/v2\/types\/page"}],"author":[{"embeddable":true,"href":"https:\/\/hotelcottonhouse.com\/fr\/wp-json\/wp\/v2\/users\/1"}],"replies":[{"embeddable":true,"href":"https:\/\/hotelcottonhouse.com\/fr\/wp-json\/wp\/v2\/comments?post=10964"}],"version-history":[{"count":6,"href":"https:\/\/hotelcottonhouse.com\/fr\/wp-json\/wp\/v2\/pages\/10964\/revisions"}],"predecessor-version":[{"id":11453,"href":"https:\/\/hotelcottonhouse.com\/fr\/wp-json\/wp\/v2\/pages\/10964\/revisions\/11453"}],"wp:featuredmedia":[{"embeddable":true,"href":"https:\/\/hotelcottonhouse.com\/fr\/wp-json\/wp\/v2\/media\/9544"}],"wp:attachment":[{"href":"https:\/\/hotelcottonhouse.com\/fr\/wp-json\/wp\/v2\/media?parent=10964"}],"wp:term":[{"taxonomy":"category","embeddable":true,"href":"https:\/\/hotelcottonhouse.com\/fr\/wp-json\/wp\/v2\/categories?post=10964"},{"taxonomy":"post_tag","embeddable":true,"href":"https:\/\/hotelcottonhouse.com\/fr\/wp-json\/wp\/v2\/tags?post=10964"}],"curies":[{"name":"wp","href":"https:\/\/api.w.org\/{rel}","templated":true}]}}