{"id":10965,"date":"2025-02-17T12:44:28","date_gmt":"2025-02-17T11:44:28","guid":{"rendered":"https:\/\/hotelcottonhouse.rkinnova.com\/?page_id=10965"},"modified":"2025-11-14T13:07:11","modified_gmt":"2025-11-14T12:07:11","slug":"batuar-restaurant-et-bar","status":"publish","type":"page","link":"https:\/\/hotelcottonhouse.com\/fr\/batuar-restaurant-et-bar\/","title":{"rendered":"Restaurant Batuar"},"content":{"rendered":"","protected":false},"excerpt":{"rendered":"","protected":false},"author":1,"featured_media":17501,"parent":0,"menu_order":76,"comment_status":"closed","ping_status":"closed","template":"restaurante.php","meta":{"_acf_changed":false,"footnotes":""},"categories":[],"tags":[379,385,378,377,382,380,383,381,376,384],"class_list":["post-10965","page","type-page","status-publish","has-post-thumbnail","hentry","tag-bar-a-cocktails-barcelone","tag-batuar-cotton-house-fr","tag-cocktails-dauteur-barcelone","tag-cuisine-du-marche-barcelone","tag-cuisine-mediterraneenne","tag-gastronomie-locale","tag-mixologie-de-luxe","tag-restaurant-avec-terrasse-barcelone","tag-restaurant-hotel-barcelone","tag-restaurant-ouvert-toute-la-journee","entry"],"acf":[],"yoast_head":"<!-- This site is optimized with the Yoast SEO plugin v25.7 - https:\/\/yoast.com\/wordpress\/plugins\/seo\/ -->\n<title>Batuar : cuisine du march\u00e9 et cocktails d\u2019auteur | Cotton House \u2013 Autograph Collection<\/title>\n<meta name=\"description\" content=\"D\u00e9couvrez Batuar, le restaurant et bar \u00e0 cocktails de Cotton House \u00e0 Barcelone. Cuisine du march\u00e9 avec des produits locaux, service continu et cocktails d\u2019auteur dans une ambiance \u00e9l\u00e9gante et cosmopolite.\" \/>\n<meta name=\"robots\" content=\"index, follow, max-snippet:-1, max-image-preview:large, max-video-preview:-1\" \/>\n<link rel=\"canonical\" href=\"https:\/\/hotelcottonhouse.com\/fr\/batuar-restaurant-et-bar\/\" \/>\n<meta property=\"og:locale\" content=\"fr_FR\" \/>\n<meta property=\"og:type\" content=\"article\" \/>\n<meta property=\"og:title\" content=\"Batuar : cuisine du march\u00e9 et cocktails d\u2019auteur | Cotton House \u2013 Autograph Collection\" \/>\n<meta property=\"og:description\" content=\"D\u00e9couvrez Batuar, le restaurant et bar \u00e0 cocktails de Cotton House \u00e0 Barcelone. Cuisine du march\u00e9 avec des produits locaux, service continu et cocktails d\u2019auteur dans une ambiance \u00e9l\u00e9gante et cosmopolite.\" \/>\n<meta property=\"og:url\" content=\"https:\/\/hotelcottonhouse.com\/fr\/batuar-restaurant-et-bar\/\" \/>\n<meta property=\"og:site_name\" content=\"Cotton House \u2013 Autograph Collection\" \/>\n<meta property=\"article:modified_time\" content=\"2025-11-14T12:07:11+00:00\" \/>\n<meta property=\"og:image\" content=\"https:\/\/hotelcottonhouse.com\/wp-content\/uploads\/2025\/03\/Batuar_RestaurantBar-02-1-scaled.jpg\" \/>\n\t<meta property=\"og:image:width\" content=\"2560\" \/>\n\t<meta property=\"og:image:height\" content=\"1707\" \/>\n\t<meta property=\"og:image:type\" content=\"image\/jpeg\" \/>\n<meta name=\"twitter:card\" content=\"summary_large_image\" \/>\n<meta name=\"twitter:label1\" content=\"Dur\u00e9e de lecture estim\u00e9e\" \/>\n\t<meta name=\"twitter:data1\" content=\"1 minute\" \/>\n<script type=\"application\/ld+json\" class=\"yoast-schema-graph\">{\"@context\":\"https:\/\/schema.org\",\"@graph\":[{\"@type\":\"WebPage\",\"@id\":\"https:\/\/hotelcottonhouse.com\/fr\/batuar-restaurant-et-bar\/\",\"url\":\"https:\/\/hotelcottonhouse.com\/fr\/batuar-restaurant-et-bar\/\",\"name\":\"Batuar : cuisine du march\u00e9 et cocktails d\u2019auteur | Cotton House \u2013 Autograph Collection\",\"isPartOf\":{\"@id\":\"https:\/\/hotelcottonhouse.com\/fr\/#website\"},\"primaryImageOfPage\":{\"@id\":\"https:\/\/hotelcottonhouse.com\/fr\/batuar-restaurant-et-bar\/#primaryimage\"},\"image\":{\"@id\":\"https:\/\/hotelcottonhouse.com\/fr\/batuar-restaurant-et-bar\/#primaryimage\"},\"thumbnailUrl\":\"https:\/\/hotelcottonhouse.com\/wp-content\/uploads\/2025\/03\/Batuar_RestaurantBar-02-1-scaled.jpg\",\"datePublished\":\"2025-02-17T11:44:28+00:00\",\"dateModified\":\"2025-11-14T12:07:11+00:00\",\"description\":\"D\u00e9couvrez Batuar, le restaurant et bar \u00e0 cocktails de Cotton House \u00e0 Barcelone. Cuisine du march\u00e9 avec des produits locaux, service continu et cocktails d\u2019auteur dans une ambiance \u00e9l\u00e9gante et cosmopolite.\",\"breadcrumb\":{\"@id\":\"https:\/\/hotelcottonhouse.com\/fr\/batuar-restaurant-et-bar\/#breadcrumb\"},\"inLanguage\":\"fr-FR\",\"potentialAction\":[{\"@type\":\"ReadAction\",\"target\":[\"https:\/\/hotelcottonhouse.com\/fr\/batuar-restaurant-et-bar\/\"]}]},{\"@type\":\"ImageObject\",\"inLanguage\":\"fr-FR\",\"@id\":\"https:\/\/hotelcottonhouse.com\/fr\/batuar-restaurant-et-bar\/#primaryimage\",\"url\":\"https:\/\/hotelcottonhouse.com\/wp-content\/uploads\/2025\/03\/Batuar_RestaurantBar-02-1-scaled.jpg\",\"contentUrl\":\"https:\/\/hotelcottonhouse.com\/wp-content\/uploads\/2025\/03\/Batuar_RestaurantBar-02-1-scaled.jpg\",\"width\":2560,\"height\":1707,\"caption\":\"Sala del restaurante Batuar con cocina sin interrupciones y decoraci\u00f3n elegante\"},{\"@type\":\"BreadcrumbList\",\"@id\":\"https:\/\/hotelcottonhouse.com\/fr\/batuar-restaurant-et-bar\/#breadcrumb\",\"itemListElement\":[{\"@type\":\"ListItem\",\"position\":1,\"name\":\"Portada\",\"item\":\"https:\/\/hotelcottonhouse.com\/fr\/\"},{\"@type\":\"ListItem\",\"position\":2,\"name\":\"Restaurant Batuar\"}]},{\"@type\":\"WebSite\",\"@id\":\"https:\/\/hotelcottonhouse.com\/fr\/#website\",\"url\":\"https:\/\/hotelcottonhouse.com\/fr\/\",\"name\":\"Cotton House \u2013 Autograph Collection\",\"description\":\"Descubre Cotton House, un hotel boutique de lujo en Barcelona. Ubicado en un emblem\u00e1tico edificio neocl\u00e1sico, ofrece elegancia, confort y exclusividad con el sello Autograph Collection de Marriott. Disfruta de su sofisticado dise\u00f1o, restaurante Batuar y piscina en la azotea.\",\"potentialAction\":[{\"@type\":\"SearchAction\",\"target\":{\"@type\":\"EntryPoint\",\"urlTemplate\":\"https:\/\/hotelcottonhouse.com\/fr\/?s={search_term_string}\"},\"query-input\":{\"@type\":\"PropertyValueSpecification\",\"valueRequired\":true,\"valueName\":\"search_term_string\"}}],\"inLanguage\":\"fr-FR\"}]}<\/script>\n<!-- \/ Yoast SEO plugin. -->","yoast_head_json":{"title":"Batuar : cuisine du march\u00e9 et cocktails d\u2019auteur | Cotton House \u2013 Autograph Collection","description":"D\u00e9couvrez Batuar, le restaurant et bar \u00e0 cocktails de Cotton House \u00e0 Barcelone. Cuisine du march\u00e9 avec des produits locaux, service continu et cocktails d\u2019auteur dans une ambiance \u00e9l\u00e9gante et cosmopolite.","robots":{"index":"index","follow":"follow","max-snippet":"max-snippet:-1","max-image-preview":"max-image-preview:large","max-video-preview":"max-video-preview:-1"},"canonical":"https:\/\/hotelcottonhouse.com\/fr\/batuar-restaurant-et-bar\/","og_locale":"fr_FR","og_type":"article","og_title":"Batuar : cuisine du march\u00e9 et cocktails d\u2019auteur | Cotton House \u2013 Autograph Collection","og_description":"D\u00e9couvrez Batuar, le restaurant et bar \u00e0 cocktails de Cotton House \u00e0 Barcelone. Cuisine du march\u00e9 avec des produits locaux, service continu et cocktails d\u2019auteur dans une ambiance \u00e9l\u00e9gante et cosmopolite.","og_url":"https:\/\/hotelcottonhouse.com\/fr\/batuar-restaurant-et-bar\/","og_site_name":"Cotton House \u2013 Autograph Collection","article_modified_time":"2025-11-14T12:07:11+00:00","og_image":[{"width":2560,"height":1707,"url":"https:\/\/hotelcottonhouse.com\/wp-content\/uploads\/2025\/03\/Batuar_RestaurantBar-02-1-scaled.jpg","type":"image\/jpeg"}],"twitter_card":"summary_large_image","twitter_misc":{"Dur\u00e9e de lecture estim\u00e9e":"1 minute"},"schema":{"@context":"https:\/\/schema.org","@graph":[{"@type":"WebPage","@id":"https:\/\/hotelcottonhouse.com\/fr\/batuar-restaurant-et-bar\/","url":"https:\/\/hotelcottonhouse.com\/fr\/batuar-restaurant-et-bar\/","name":"Batuar : cuisine du march\u00e9 et cocktails d\u2019auteur | Cotton House \u2013 Autograph Collection","isPartOf":{"@id":"https:\/\/hotelcottonhouse.com\/fr\/#website"},"primaryImageOfPage":{"@id":"https:\/\/hotelcottonhouse.com\/fr\/batuar-restaurant-et-bar\/#primaryimage"},"image":{"@id":"https:\/\/hotelcottonhouse.com\/fr\/batuar-restaurant-et-bar\/#primaryimage"},"thumbnailUrl":"https:\/\/hotelcottonhouse.com\/wp-content\/uploads\/2025\/03\/Batuar_RestaurantBar-02-1-scaled.jpg","datePublished":"2025-02-17T11:44:28+00:00","dateModified":"2025-11-14T12:07:11+00:00","description":"D\u00e9couvrez Batuar, le restaurant et bar \u00e0 cocktails de Cotton House \u00e0 Barcelone. Cuisine du march\u00e9 avec des produits locaux, service continu et cocktails d\u2019auteur dans une ambiance \u00e9l\u00e9gante et cosmopolite.","breadcrumb":{"@id":"https:\/\/hotelcottonhouse.com\/fr\/batuar-restaurant-et-bar\/#breadcrumb"},"inLanguage":"fr-FR","potentialAction":[{"@type":"ReadAction","target":["https:\/\/hotelcottonhouse.com\/fr\/batuar-restaurant-et-bar\/"]}]},{"@type":"ImageObject","inLanguage":"fr-FR","@id":"https:\/\/hotelcottonhouse.com\/fr\/batuar-restaurant-et-bar\/#primaryimage","url":"https:\/\/hotelcottonhouse.com\/wp-content\/uploads\/2025\/03\/Batuar_RestaurantBar-02-1-scaled.jpg","contentUrl":"https:\/\/hotelcottonhouse.com\/wp-content\/uploads\/2025\/03\/Batuar_RestaurantBar-02-1-scaled.jpg","width":2560,"height":1707,"caption":"Sala del restaurante Batuar con cocina sin interrupciones y decoraci\u00f3n elegante"},{"@type":"BreadcrumbList","@id":"https:\/\/hotelcottonhouse.com\/fr\/batuar-restaurant-et-bar\/#breadcrumb","itemListElement":[{"@type":"ListItem","position":1,"name":"Portada","item":"https:\/\/hotelcottonhouse.com\/fr\/"},{"@type":"ListItem","position":2,"name":"Restaurant Batuar"}]},{"@type":"WebSite","@id":"https:\/\/hotelcottonhouse.com\/fr\/#website","url":"https:\/\/hotelcottonhouse.com\/fr\/","name":"Cotton House \u2013 Autograph Collection","description":"Descubre Cotton House, un hotel boutique de lujo en Barcelona. Ubicado en un emblem\u00e1tico edificio neocl\u00e1sico, ofrece elegancia, confort y exclusividad con el sello Autograph Collection de Marriott. Disfruta de su sofisticado dise\u00f1o, restaurante Batuar y piscina en la azotea.","potentialAction":[{"@type":"SearchAction","target":{"@type":"EntryPoint","urlTemplate":"https:\/\/hotelcottonhouse.com\/fr\/?s={search_term_string}"},"query-input":{"@type":"PropertyValueSpecification","valueRequired":true,"valueName":"search_term_string"}}],"inLanguage":"fr-FR"}]}},"_links":{"self":[{"href":"https:\/\/hotelcottonhouse.com\/fr\/wp-json\/wp\/v2\/pages\/10965","targetHints":{"allow":["GET"]}}],"collection":[{"href":"https:\/\/hotelcottonhouse.com\/fr\/wp-json\/wp\/v2\/pages"}],"about":[{"href":"https:\/\/hotelcottonhouse.com\/fr\/wp-json\/wp\/v2\/types\/page"}],"author":[{"embeddable":true,"href":"https:\/\/hotelcottonhouse.com\/fr\/wp-json\/wp\/v2\/users\/1"}],"replies":[{"embeddable":true,"href":"https:\/\/hotelcottonhouse.com\/fr\/wp-json\/wp\/v2\/comments?post=10965"}],"version-history":[{"count":27,"href":"https:\/\/hotelcottonhouse.com\/fr\/wp-json\/wp\/v2\/pages\/10965\/revisions"}],"predecessor-version":[{"id":19693,"href":"https:\/\/hotelcottonhouse.com\/fr\/wp-json\/wp\/v2\/pages\/10965\/revisions\/19693"}],"wp:featuredmedia":[{"embeddable":true,"href":"https:\/\/hotelcottonhouse.com\/fr\/wp-json\/wp\/v2\/media\/17501"}],"wp:attachment":[{"href":"https:\/\/hotelcottonhouse.com\/fr\/wp-json\/wp\/v2\/media?parent=10965"}],"wp:term":[{"taxonomy":"category","embeddable":true,"href":"https:\/\/hotelcottonhouse.com\/fr\/wp-json\/wp\/v2\/categories?post=10965"},{"taxonomy":"post_tag","embeddable":true,"href":"https:\/\/hotelcottonhouse.com\/fr\/wp-json\/wp\/v2\/tags?post=10965"}],"curies":[{"name":"wp","href":"https:\/\/api.w.org\/{rel}","templated":true}]}}