{"id":10970,"date":"2025-02-04T17:01:14","date_gmt":"2025-02-04T16:01:14","guid":{"rendered":"https:\/\/hotelcottonhouse.rkinnova.com\/?page_id=10970"},"modified":"2025-03-20T10:55:43","modified_gmt":"2025-03-20T09:55:43","slug":"otoman-suite","status":"publish","type":"page","link":"https:\/\/hotelcottonhouse.com\/fr\/chambres-et-suites\/otoman-suite\/","title":{"rendered":"Otom\u00e1n"},"content":{"rendered":"","protected":false},"excerpt":{"rendered":"","protected":false},"author":1,"featured_media":11880,"parent":10876,"menu_order":22,"comment_status":"closed","ping_status":"closed","template":"habitaciones-pag.php","meta":{"_acf_changed":false,"footnotes":""},"categories":[442],"tags":[398,407,392,406,395,402,400,405,403,404],"class_list":["post-10970","page","type-page","status-publish","has-post-thumbnail","hentry","category-habitacion-3","tag-architecture-neoclassique","tag-decoration-dinterieur-contemporaine","tag-hebergement-sophistique","tag-hotel-de-charme-a-barcelone","tag-hotel-boutique-cinq-etoiles","tag-luxe-et-confort","tag-salle-de-bain-en-marbre","tag-suite-avec-design-exclusif","tag-suite-de-luxe-cotton-house-fr","tag-suite-otoman-barcelone","entry"],"acf":[],"yoast_head":"<!-- This site is optimized with the Yoast SEO plugin v25.7 - https:\/\/yoast.com\/wordpress\/plugins\/seo\/ -->\n<title>Suite Otom\u00e1n: \u00e9l\u00e9gance n\u00e9oclassique | Cotton House \u2013 Autograph Collection<\/title>\n<meta name=\"description\" content=\"La Suite Otom\u00e1n de Cotton House allie l\u2019\u00e9l\u00e9gance du XIXe si\u00e8cle au luxe moderne. Elle dispose de deux balcons avec vue sur la ville, d\u2019une salle de bains en marbre et d\u2019un design exclusif qui met en valeur l\u2019espace.\" \/>\n<meta name=\"robots\" content=\"index, follow, max-snippet:-1, max-image-preview:large, max-video-preview:-1\" \/>\n<link rel=\"canonical\" href=\"https:\/\/hotelcottonhouse.com\/fr\/chambres-et-suites\/otoman-suite\/\" \/>\n<meta property=\"og:locale\" content=\"fr_FR\" \/>\n<meta property=\"og:type\" content=\"article\" \/>\n<meta property=\"og:title\" content=\"Suite Otom\u00e1n: \u00e9l\u00e9gance n\u00e9oclassique | Cotton House \u2013 Autograph Collection\" \/>\n<meta property=\"og:description\" content=\"La Suite Otom\u00e1n de Cotton House allie l\u2019\u00e9l\u00e9gance du XIXe si\u00e8cle au luxe moderne. Elle dispose de deux balcons avec vue sur la ville, d\u2019une salle de bains en marbre et d\u2019un design exclusif qui met en valeur l\u2019espace.\" \/>\n<meta property=\"og:url\" content=\"https:\/\/hotelcottonhouse.com\/fr\/chambres-et-suites\/otoman-suite\/\" \/>\n<meta property=\"og:site_name\" content=\"Cotton House \u2013 Autograph Collection\" \/>\n<meta property=\"article:modified_time\" content=\"2025-03-20T09:55:43+00:00\" \/>\n<meta property=\"og:image\" content=\"https:\/\/hotelcottonhouse.com\/wp-content\/uploads\/2025\/03\/OtomanSuite_CottonHouse-cama-01-scaled.jpg\" \/>\n\t<meta property=\"og:image:width\" content=\"2560\" \/>\n\t<meta property=\"og:image:height\" content=\"1707\" \/>\n\t<meta property=\"og:image:type\" content=\"image\/jpeg\" \/>\n<meta name=\"twitter:card\" content=\"summary_large_image\" \/>\n<meta name=\"twitter:label1\" content=\"Dur\u00e9e de lecture estim\u00e9e\" \/>\n\t<meta name=\"twitter:data1\" content=\"1 minute\" \/>\n<script type=\"application\/ld+json\" class=\"yoast-schema-graph\">{\"@context\":\"https:\/\/schema.org\",\"@graph\":[{\"@type\":\"WebPage\",\"@id\":\"https:\/\/hotelcottonhouse.com\/fr\/chambres-et-suites\/otoman-suite\/\",\"url\":\"https:\/\/hotelcottonhouse.com\/fr\/chambres-et-suites\/otoman-suite\/\",\"name\":\"Suite Otom\u00e1n: \u00e9l\u00e9gance n\u00e9oclassique | Cotton House \u2013 Autograph Collection\",\"isPartOf\":{\"@id\":\"https:\/\/hotelcottonhouse.com\/fr\/#website\"},\"primaryImageOfPage\":{\"@id\":\"https:\/\/hotelcottonhouse.com\/fr\/chambres-et-suites\/otoman-suite\/#primaryimage\"},\"image\":{\"@id\":\"https:\/\/hotelcottonhouse.com\/fr\/chambres-et-suites\/otoman-suite\/#primaryimage\"},\"thumbnailUrl\":\"https:\/\/hotelcottonhouse.com\/wp-content\/uploads\/2025\/03\/OtomanSuite_CottonHouse-cama-01-scaled.jpg\",\"datePublished\":\"2025-02-04T16:01:14+00:00\",\"dateModified\":\"2025-03-20T09:55:43+00:00\",\"description\":\"La Suite Otom\u00e1n de Cotton House allie l\u2019\u00e9l\u00e9gance du XIXe si\u00e8cle au luxe moderne. Elle dispose de deux balcons avec vue sur la ville, d\u2019une salle de bains en marbre et d\u2019un design exclusif qui met en valeur l\u2019espace.\",\"breadcrumb\":{\"@id\":\"https:\/\/hotelcottonhouse.com\/fr\/chambres-et-suites\/otoman-suite\/#breadcrumb\"},\"inLanguage\":\"fr-FR\",\"potentialAction\":[{\"@type\":\"ReadAction\",\"target\":[\"https:\/\/hotelcottonhouse.com\/fr\/chambres-et-suites\/otoman-suite\/\"]}]},{\"@type\":\"ImageObject\",\"inLanguage\":\"fr-FR\",\"@id\":\"https:\/\/hotelcottonhouse.com\/fr\/chambres-et-suites\/otoman-suite\/#primaryimage\",\"url\":\"https:\/\/hotelcottonhouse.com\/wp-content\/uploads\/2025\/03\/OtomanSuite_CottonHouse-cama-01-scaled.jpg\",\"contentUrl\":\"https:\/\/hotelcottonhouse.com\/wp-content\/uploads\/2025\/03\/OtomanSuite_CottonHouse-cama-01-scaled.jpg\",\"width\":2560,\"height\":1707,\"caption\":\"Ba\u00f1o de m\u00e1rmol con ducha y ba\u00f1era en la Otoman Suite del Cotton House Hotel\"},{\"@type\":\"BreadcrumbList\",\"@id\":\"https:\/\/hotelcottonhouse.com\/fr\/chambres-et-suites\/otoman-suite\/#breadcrumb\",\"itemListElement\":[{\"@type\":\"ListItem\",\"position\":1,\"name\":\"Portada\",\"item\":\"https:\/\/hotelcottonhouse.com\/fr\/\"},{\"@type\":\"ListItem\",\"position\":2,\"name\":\"Chambres\",\"item\":\"https:\/\/hotelcottonhouse.com\/fr\/chambres-et-suites\/\"},{\"@type\":\"ListItem\",\"position\":3,\"name\":\"Otom\u00e1n\"}]},{\"@type\":\"WebSite\",\"@id\":\"https:\/\/hotelcottonhouse.com\/fr\/#website\",\"url\":\"https:\/\/hotelcottonhouse.com\/fr\/\",\"name\":\"Cotton House \u2013 Autograph Collection\",\"description\":\"Descubre Cotton House, un hotel boutique de lujo en Barcelona. Ubicado en un emblem\u00e1tico edificio neocl\u00e1sico, ofrece elegancia, confort y exclusividad con el sello Autograph Collection de Marriott. Disfruta de su sofisticado dise\u00f1o, restaurante Batuar y piscina en la azotea.\",\"potentialAction\":[{\"@type\":\"SearchAction\",\"target\":{\"@type\":\"EntryPoint\",\"urlTemplate\":\"https:\/\/hotelcottonhouse.com\/fr\/?s={search_term_string}\"},\"query-input\":{\"@type\":\"PropertyValueSpecification\",\"valueRequired\":true,\"valueName\":\"search_term_string\"}}],\"inLanguage\":\"fr-FR\"}]}<\/script>\n<!-- \/ Yoast SEO plugin. -->","yoast_head_json":{"title":"Suite Otom\u00e1n: \u00e9l\u00e9gance n\u00e9oclassique | Cotton House \u2013 Autograph Collection","description":"La Suite Otom\u00e1n de Cotton House allie l\u2019\u00e9l\u00e9gance du XIXe si\u00e8cle au luxe moderne. Elle dispose de deux balcons avec vue sur la ville, d\u2019une salle de bains en marbre et d\u2019un design exclusif qui met en valeur l\u2019espace.","robots":{"index":"index","follow":"follow","max-snippet":"max-snippet:-1","max-image-preview":"max-image-preview:large","max-video-preview":"max-video-preview:-1"},"canonical":"https:\/\/hotelcottonhouse.com\/fr\/chambres-et-suites\/otoman-suite\/","og_locale":"fr_FR","og_type":"article","og_title":"Suite Otom\u00e1n: \u00e9l\u00e9gance n\u00e9oclassique | Cotton House \u2013 Autograph Collection","og_description":"La Suite Otom\u00e1n de Cotton House allie l\u2019\u00e9l\u00e9gance du XIXe si\u00e8cle au luxe moderne. Elle dispose de deux balcons avec vue sur la ville, d\u2019une salle de bains en marbre et d\u2019un design exclusif qui met en valeur l\u2019espace.","og_url":"https:\/\/hotelcottonhouse.com\/fr\/chambres-et-suites\/otoman-suite\/","og_site_name":"Cotton House \u2013 Autograph Collection","article_modified_time":"2025-03-20T09:55:43+00:00","og_image":[{"width":2560,"height":1707,"url":"https:\/\/hotelcottonhouse.com\/wp-content\/uploads\/2025\/03\/OtomanSuite_CottonHouse-cama-01-scaled.jpg","type":"image\/jpeg"}],"twitter_card":"summary_large_image","twitter_misc":{"Dur\u00e9e de lecture estim\u00e9e":"1 minute"},"schema":{"@context":"https:\/\/schema.org","@graph":[{"@type":"WebPage","@id":"https:\/\/hotelcottonhouse.com\/fr\/chambres-et-suites\/otoman-suite\/","url":"https:\/\/hotelcottonhouse.com\/fr\/chambres-et-suites\/otoman-suite\/","name":"Suite Otom\u00e1n: \u00e9l\u00e9gance n\u00e9oclassique | Cotton House \u2013 Autograph Collection","isPartOf":{"@id":"https:\/\/hotelcottonhouse.com\/fr\/#website"},"primaryImageOfPage":{"@id":"https:\/\/hotelcottonhouse.com\/fr\/chambres-et-suites\/otoman-suite\/#primaryimage"},"image":{"@id":"https:\/\/hotelcottonhouse.com\/fr\/chambres-et-suites\/otoman-suite\/#primaryimage"},"thumbnailUrl":"https:\/\/hotelcottonhouse.com\/wp-content\/uploads\/2025\/03\/OtomanSuite_CottonHouse-cama-01-scaled.jpg","datePublished":"2025-02-04T16:01:14+00:00","dateModified":"2025-03-20T09:55:43+00:00","description":"La Suite Otom\u00e1n de Cotton House allie l\u2019\u00e9l\u00e9gance du XIXe si\u00e8cle au luxe moderne. Elle dispose de deux balcons avec vue sur la ville, d\u2019une salle de bains en marbre et d\u2019un design exclusif qui met en valeur l\u2019espace.","breadcrumb":{"@id":"https:\/\/hotelcottonhouse.com\/fr\/chambres-et-suites\/otoman-suite\/#breadcrumb"},"inLanguage":"fr-FR","potentialAction":[{"@type":"ReadAction","target":["https:\/\/hotelcottonhouse.com\/fr\/chambres-et-suites\/otoman-suite\/"]}]},{"@type":"ImageObject","inLanguage":"fr-FR","@id":"https:\/\/hotelcottonhouse.com\/fr\/chambres-et-suites\/otoman-suite\/#primaryimage","url":"https:\/\/hotelcottonhouse.com\/wp-content\/uploads\/2025\/03\/OtomanSuite_CottonHouse-cama-01-scaled.jpg","contentUrl":"https:\/\/hotelcottonhouse.com\/wp-content\/uploads\/2025\/03\/OtomanSuite_CottonHouse-cama-01-scaled.jpg","width":2560,"height":1707,"caption":"Ba\u00f1o de m\u00e1rmol con ducha y ba\u00f1era en la Otoman Suite del Cotton House Hotel"},{"@type":"BreadcrumbList","@id":"https:\/\/hotelcottonhouse.com\/fr\/chambres-et-suites\/otoman-suite\/#breadcrumb","itemListElement":[{"@type":"ListItem","position":1,"name":"Portada","item":"https:\/\/hotelcottonhouse.com\/fr\/"},{"@type":"ListItem","position":2,"name":"Chambres","item":"https:\/\/hotelcottonhouse.com\/fr\/chambres-et-suites\/"},{"@type":"ListItem","position":3,"name":"Otom\u00e1n"}]},{"@type":"WebSite","@id":"https:\/\/hotelcottonhouse.com\/fr\/#website","url":"https:\/\/hotelcottonhouse.com\/fr\/","name":"Cotton House \u2013 Autograph Collection","description":"Descubre Cotton House, un hotel boutique de lujo en Barcelona. Ubicado en un emblem\u00e1tico edificio neocl\u00e1sico, ofrece elegancia, confort y exclusividad con el sello Autograph Collection de Marriott. Disfruta de su sofisticado dise\u00f1o, restaurante Batuar y piscina en la azotea.","potentialAction":[{"@type":"SearchAction","target":{"@type":"EntryPoint","urlTemplate":"https:\/\/hotelcottonhouse.com\/fr\/?s={search_term_string}"},"query-input":{"@type":"PropertyValueSpecification","valueRequired":true,"valueName":"search_term_string"}}],"inLanguage":"fr-FR"}]}},"_links":{"self":[{"href":"https:\/\/hotelcottonhouse.com\/fr\/wp-json\/wp\/v2\/pages\/10970","targetHints":{"allow":["GET"]}}],"collection":[{"href":"https:\/\/hotelcottonhouse.com\/fr\/wp-json\/wp\/v2\/pages"}],"about":[{"href":"https:\/\/hotelcottonhouse.com\/fr\/wp-json\/wp\/v2\/types\/page"}],"author":[{"embeddable":true,"href":"https:\/\/hotelcottonhouse.com\/fr\/wp-json\/wp\/v2\/users\/1"}],"replies":[{"embeddable":true,"href":"https:\/\/hotelcottonhouse.com\/fr\/wp-json\/wp\/v2\/comments?post=10970"}],"version-history":[{"count":2,"href":"https:\/\/hotelcottonhouse.com\/fr\/wp-json\/wp\/v2\/pages\/10970\/revisions"}],"predecessor-version":[{"id":11043,"href":"https:\/\/hotelcottonhouse.com\/fr\/wp-json\/wp\/v2\/pages\/10970\/revisions\/11043"}],"up":[{"embeddable":true,"href":"https:\/\/hotelcottonhouse.com\/fr\/wp-json\/wp\/v2\/pages\/10876"}],"wp:featuredmedia":[{"embeddable":true,"href":"https:\/\/hotelcottonhouse.com\/fr\/wp-json\/wp\/v2\/media\/11880"}],"wp:attachment":[{"href":"https:\/\/hotelcottonhouse.com\/fr\/wp-json\/wp\/v2\/media?parent=10970"}],"wp:term":[{"taxonomy":"category","embeddable":true,"href":"https:\/\/hotelcottonhouse.com\/fr\/wp-json\/wp\/v2\/categories?post=10970"},{"taxonomy":"post_tag","embeddable":true,"href":"https:\/\/hotelcottonhouse.com\/fr\/wp-json\/wp\/v2\/tags?post=10970"}],"curies":[{"name":"wp","href":"https:\/\/api.w.org\/{rel}","templated":true}]}}