{"id":10985,"date":"2025-02-27T18:58:00","date_gmt":"2025-02-27T17:58:00","guid":{"rendered":"https:\/\/hotelcottonhouse.rkinnova.com\/?page_id=10985"},"modified":"2025-03-20T10:54:52","modified_gmt":"2025-03-20T09:54:52","slug":"fitness-et-wellness","status":"publish","type":"page","link":"https:\/\/hotelcottonhouse.com\/fr\/services-hotes\/fitness-et-wellness\/","title":{"rendered":"Fitness and wellness"},"content":{"rendered":"","protected":false},"excerpt":{"rendered":"","protected":false},"author":1,"featured_media":11819,"parent":10857,"menu_order":32,"comment_status":"closed","ping_status":"closed","template":"gym.php","meta":{"_acf_changed":false,"footnotes":""},"categories":[],"tags":[368,372,366,373,370,371,367,369,375,374],"class_list":["post-10985","page","type-page","status-publish","has-post-thumbnail","hentry","tag-bien-etre-et-spa-barcelone","tag-hotel-avec-salle-de-sport-barcelone","tag-hotel-fitness-barcelone","tag-luxe-et-bien-etre","tag-massages-relaxants-barcelone","tag-rituels-de-bien-etre","tag-salle-de-sport-cotton-house","tag-soins-du-visage-et-du-corps","tag-soins-personnels-hotel","tag-spa-exclusif","entry"],"acf":[],"yoast_head":"<!-- This site is optimized with the Yoast SEO plugin v25.7 - https:\/\/yoast.com\/wordpress\/plugins\/seo\/ -->\n<title>Fitness et wellness : bien-\u00eatre et relaxation | Cotton House \u2013 Autograph Collection<\/title>\n<meta name=\"description\" content=\"D\u00e9couvrez l\u2019espace de fitness et wellness de Cotton House \u00e0 Barcelone. Salle de sport \u00e9quip\u00e9e et salle de soins avec rituels du visage et du corps pour une exp\u00e9rience de d\u00e9tente et de bien-\u00eatre.\" \/>\n<meta name=\"robots\" content=\"index, follow, max-snippet:-1, max-image-preview:large, max-video-preview:-1\" \/>\n<link rel=\"canonical\" href=\"https:\/\/hotelcottonhouse.com\/fr\/services-hotes\/fitness-et-wellness\/\" \/>\n<meta property=\"og:locale\" content=\"fr_FR\" \/>\n<meta property=\"og:type\" content=\"article\" \/>\n<meta property=\"og:title\" content=\"Fitness et wellness : bien-\u00eatre et relaxation | Cotton House \u2013 Autograph Collection\" \/>\n<meta property=\"og:description\" content=\"D\u00e9couvrez l\u2019espace de fitness et wellness de Cotton House \u00e0 Barcelone. Salle de sport \u00e9quip\u00e9e et salle de soins avec rituels du visage et du corps pour une exp\u00e9rience de d\u00e9tente et de bien-\u00eatre.\" \/>\n<meta property=\"og:url\" content=\"https:\/\/hotelcottonhouse.com\/fr\/services-hotes\/fitness-et-wellness\/\" \/>\n<meta property=\"og:site_name\" content=\"Cotton House \u2013 Autograph Collection\" \/>\n<meta property=\"article:modified_time\" content=\"2025-03-20T09:54:52+00:00\" \/>\n<meta property=\"og:image\" content=\"https:\/\/hotelcottonhouse.com\/wp-content\/uploads\/2025\/03\/Fitnesswellness_CottonHouse.jpg\" \/>\n\t<meta property=\"og:image:width\" content=\"2000\" \/>\n\t<meta property=\"og:image:height\" content=\"1333\" \/>\n\t<meta property=\"og:image:type\" content=\"image\/jpeg\" \/>\n<meta name=\"twitter:card\" content=\"summary_large_image\" \/>\n<meta name=\"twitter:label1\" content=\"Dur\u00e9e de lecture estim\u00e9e\" \/>\n\t<meta name=\"twitter:data1\" content=\"1 minute\" \/>\n<script type=\"application\/ld+json\" class=\"yoast-schema-graph\">{\"@context\":\"https:\/\/schema.org\",\"@graph\":[{\"@type\":\"WebPage\",\"@id\":\"https:\/\/hotelcottonhouse.com\/fr\/services-hotes\/fitness-et-wellness\/\",\"url\":\"https:\/\/hotelcottonhouse.com\/fr\/services-hotes\/fitness-et-wellness\/\",\"name\":\"Fitness et wellness : bien-\u00eatre et relaxation | Cotton House \u2013 Autograph Collection\",\"isPartOf\":{\"@id\":\"https:\/\/hotelcottonhouse.com\/fr\/#website\"},\"primaryImageOfPage\":{\"@id\":\"https:\/\/hotelcottonhouse.com\/fr\/services-hotes\/fitness-et-wellness\/#primaryimage\"},\"image\":{\"@id\":\"https:\/\/hotelcottonhouse.com\/fr\/services-hotes\/fitness-et-wellness\/#primaryimage\"},\"thumbnailUrl\":\"https:\/\/hotelcottonhouse.com\/wp-content\/uploads\/2025\/03\/Fitnesswellness_CottonHouse.jpg\",\"datePublished\":\"2025-02-27T17:58:00+00:00\",\"dateModified\":\"2025-03-20T09:54:52+00:00\",\"description\":\"D\u00e9couvrez l\u2019espace de fitness et wellness de Cotton House \u00e0 Barcelone. Salle de sport \u00e9quip\u00e9e et salle de soins avec rituels du visage et du corps pour une exp\u00e9rience de d\u00e9tente et de bien-\u00eatre.\",\"breadcrumb\":{\"@id\":\"https:\/\/hotelcottonhouse.com\/fr\/services-hotes\/fitness-et-wellness\/#breadcrumb\"},\"inLanguage\":\"fr-FR\",\"potentialAction\":[{\"@type\":\"ReadAction\",\"target\":[\"https:\/\/hotelcottonhouse.com\/fr\/services-hotes\/fitness-et-wellness\/\"]}]},{\"@type\":\"ImageObject\",\"inLanguage\":\"fr-FR\",\"@id\":\"https:\/\/hotelcottonhouse.com\/fr\/services-hotes\/fitness-et-wellness\/#primaryimage\",\"url\":\"https:\/\/hotelcottonhouse.com\/wp-content\/uploads\/2025\/03\/Fitnesswellness_CottonHouse.jpg\",\"contentUrl\":\"https:\/\/hotelcottonhouse.com\/wp-content\/uploads\/2025\/03\/Fitnesswellness_CottonHouse.jpg\",\"width\":2000,\"height\":1333},{\"@type\":\"BreadcrumbList\",\"@id\":\"https:\/\/hotelcottonhouse.com\/fr\/services-hotes\/fitness-et-wellness\/#breadcrumb\",\"itemListElement\":[{\"@type\":\"ListItem\",\"position\":1,\"name\":\"Portada\",\"item\":\"https:\/\/hotelcottonhouse.com\/fr\/\"},{\"@type\":\"ListItem\",\"position\":2,\"name\":\"Services\",\"item\":\"https:\/\/hotelcottonhouse.com\/fr\/services-hotes\/\"},{\"@type\":\"ListItem\",\"position\":3,\"name\":\"Fitness and wellness\"}]},{\"@type\":\"WebSite\",\"@id\":\"https:\/\/hotelcottonhouse.com\/fr\/#website\",\"url\":\"https:\/\/hotelcottonhouse.com\/fr\/\",\"name\":\"Cotton House \u2013 Autograph Collection\",\"description\":\"Descubre Cotton House, un hotel boutique de lujo en Barcelona. Ubicado en un emblem\u00e1tico edificio neocl\u00e1sico, ofrece elegancia, confort y exclusividad con el sello Autograph Collection de Marriott. Disfruta de su sofisticado dise\u00f1o, restaurante Batuar y piscina en la azotea.\",\"potentialAction\":[{\"@type\":\"SearchAction\",\"target\":{\"@type\":\"EntryPoint\",\"urlTemplate\":\"https:\/\/hotelcottonhouse.com\/fr\/?s={search_term_string}\"},\"query-input\":{\"@type\":\"PropertyValueSpecification\",\"valueRequired\":true,\"valueName\":\"search_term_string\"}}],\"inLanguage\":\"fr-FR\"}]}<\/script>\n<!-- \/ Yoast SEO plugin. -->","yoast_head_json":{"title":"Fitness et wellness : bien-\u00eatre et relaxation | Cotton House \u2013 Autograph Collection","description":"D\u00e9couvrez l\u2019espace de fitness et wellness de Cotton House \u00e0 Barcelone. Salle de sport \u00e9quip\u00e9e et salle de soins avec rituels du visage et du corps pour une exp\u00e9rience de d\u00e9tente et de bien-\u00eatre.","robots":{"index":"index","follow":"follow","max-snippet":"max-snippet:-1","max-image-preview":"max-image-preview:large","max-video-preview":"max-video-preview:-1"},"canonical":"https:\/\/hotelcottonhouse.com\/fr\/services-hotes\/fitness-et-wellness\/","og_locale":"fr_FR","og_type":"article","og_title":"Fitness et wellness : bien-\u00eatre et relaxation | Cotton House \u2013 Autograph Collection","og_description":"D\u00e9couvrez l\u2019espace de fitness et wellness de Cotton House \u00e0 Barcelone. Salle de sport \u00e9quip\u00e9e et salle de soins avec rituels du visage et du corps pour une exp\u00e9rience de d\u00e9tente et de bien-\u00eatre.","og_url":"https:\/\/hotelcottonhouse.com\/fr\/services-hotes\/fitness-et-wellness\/","og_site_name":"Cotton House \u2013 Autograph Collection","article_modified_time":"2025-03-20T09:54:52+00:00","og_image":[{"width":2000,"height":1333,"url":"https:\/\/hotelcottonhouse.com\/wp-content\/uploads\/2025\/03\/Fitnesswellness_CottonHouse.jpg","type":"image\/jpeg"}],"twitter_card":"summary_large_image","twitter_misc":{"Dur\u00e9e de lecture estim\u00e9e":"1 minute"},"schema":{"@context":"https:\/\/schema.org","@graph":[{"@type":"WebPage","@id":"https:\/\/hotelcottonhouse.com\/fr\/services-hotes\/fitness-et-wellness\/","url":"https:\/\/hotelcottonhouse.com\/fr\/services-hotes\/fitness-et-wellness\/","name":"Fitness et wellness : bien-\u00eatre et relaxation | Cotton House \u2013 Autograph Collection","isPartOf":{"@id":"https:\/\/hotelcottonhouse.com\/fr\/#website"},"primaryImageOfPage":{"@id":"https:\/\/hotelcottonhouse.com\/fr\/services-hotes\/fitness-et-wellness\/#primaryimage"},"image":{"@id":"https:\/\/hotelcottonhouse.com\/fr\/services-hotes\/fitness-et-wellness\/#primaryimage"},"thumbnailUrl":"https:\/\/hotelcottonhouse.com\/wp-content\/uploads\/2025\/03\/Fitnesswellness_CottonHouse.jpg","datePublished":"2025-02-27T17:58:00+00:00","dateModified":"2025-03-20T09:54:52+00:00","description":"D\u00e9couvrez l\u2019espace de fitness et wellness de Cotton House \u00e0 Barcelone. Salle de sport \u00e9quip\u00e9e et salle de soins avec rituels du visage et du corps pour une exp\u00e9rience de d\u00e9tente et de bien-\u00eatre.","breadcrumb":{"@id":"https:\/\/hotelcottonhouse.com\/fr\/services-hotes\/fitness-et-wellness\/#breadcrumb"},"inLanguage":"fr-FR","potentialAction":[{"@type":"ReadAction","target":["https:\/\/hotelcottonhouse.com\/fr\/services-hotes\/fitness-et-wellness\/"]}]},{"@type":"ImageObject","inLanguage":"fr-FR","@id":"https:\/\/hotelcottonhouse.com\/fr\/services-hotes\/fitness-et-wellness\/#primaryimage","url":"https:\/\/hotelcottonhouse.com\/wp-content\/uploads\/2025\/03\/Fitnesswellness_CottonHouse.jpg","contentUrl":"https:\/\/hotelcottonhouse.com\/wp-content\/uploads\/2025\/03\/Fitnesswellness_CottonHouse.jpg","width":2000,"height":1333},{"@type":"BreadcrumbList","@id":"https:\/\/hotelcottonhouse.com\/fr\/services-hotes\/fitness-et-wellness\/#breadcrumb","itemListElement":[{"@type":"ListItem","position":1,"name":"Portada","item":"https:\/\/hotelcottonhouse.com\/fr\/"},{"@type":"ListItem","position":2,"name":"Services","item":"https:\/\/hotelcottonhouse.com\/fr\/services-hotes\/"},{"@type":"ListItem","position":3,"name":"Fitness and wellness"}]},{"@type":"WebSite","@id":"https:\/\/hotelcottonhouse.com\/fr\/#website","url":"https:\/\/hotelcottonhouse.com\/fr\/","name":"Cotton House \u2013 Autograph Collection","description":"Descubre Cotton House, un hotel boutique de lujo en Barcelona. Ubicado en un emblem\u00e1tico edificio neocl\u00e1sico, ofrece elegancia, confort y exclusividad con el sello Autograph Collection de Marriott. Disfruta de su sofisticado dise\u00f1o, restaurante Batuar y piscina en la azotea.","potentialAction":[{"@type":"SearchAction","target":{"@type":"EntryPoint","urlTemplate":"https:\/\/hotelcottonhouse.com\/fr\/?s={search_term_string}"},"query-input":{"@type":"PropertyValueSpecification","valueRequired":true,"valueName":"search_term_string"}}],"inLanguage":"fr-FR"}]}},"_links":{"self":[{"href":"https:\/\/hotelcottonhouse.com\/fr\/wp-json\/wp\/v2\/pages\/10985","targetHints":{"allow":["GET"]}}],"collection":[{"href":"https:\/\/hotelcottonhouse.com\/fr\/wp-json\/wp\/v2\/pages"}],"about":[{"href":"https:\/\/hotelcottonhouse.com\/fr\/wp-json\/wp\/v2\/types\/page"}],"author":[{"embeddable":true,"href":"https:\/\/hotelcottonhouse.com\/fr\/wp-json\/wp\/v2\/users\/1"}],"replies":[{"embeddable":true,"href":"https:\/\/hotelcottonhouse.com\/fr\/wp-json\/wp\/v2\/comments?post=10985"}],"version-history":[{"count":6,"href":"https:\/\/hotelcottonhouse.com\/fr\/wp-json\/wp\/v2\/pages\/10985\/revisions"}],"predecessor-version":[{"id":11230,"href":"https:\/\/hotelcottonhouse.com\/fr\/wp-json\/wp\/v2\/pages\/10985\/revisions\/11230"}],"up":[{"embeddable":true,"href":"https:\/\/hotelcottonhouse.com\/fr\/wp-json\/wp\/v2\/pages\/10857"}],"wp:featuredmedia":[{"embeddable":true,"href":"https:\/\/hotelcottonhouse.com\/fr\/wp-json\/wp\/v2\/media\/11819"}],"wp:attachment":[{"href":"https:\/\/hotelcottonhouse.com\/fr\/wp-json\/wp\/v2\/media?parent=10985"}],"wp:term":[{"taxonomy":"category","embeddable":true,"href":"https:\/\/hotelcottonhouse.com\/fr\/wp-json\/wp\/v2\/categories?post=10985"},{"taxonomy":"post_tag","embeddable":true,"href":"https:\/\/hotelcottonhouse.com\/fr\/wp-json\/wp\/v2\/tags?post=10985"}],"curies":[{"name":"wp","href":"https:\/\/api.w.org\/{rel}","templated":true}]}}