{"id":11341,"date":"2025-03-05T10:41:47","date_gmt":"2025-03-05T09:41:47","guid":{"rendered":"https:\/\/hotelcottonhouse.rkinnova.com\/?page_id=11341"},"modified":"2025-08-04T08:16:50","modified_gmt":"2025-08-04T06:16:50","slug":"social-responsibility","status":"publish","type":"page","link":"https:\/\/hotelcottonhouse.com\/fr\/social-responsibility\/","title":{"rendered":"Responsabilit\u00e9 sociale"},"content":{"rendered":"<h2>Engagement en faveur du d\u00e9veloppement durable \u2013 H\u00f4tel Cotton House<\/h2>\n<p>L&rsquo;h\u00f4tel dispose de la certification Biosph\u00e8re, une reconnaissance internationale accord\u00e9e par le Responsible Tourism Institute (RTI) pour r\u00e9pondre aux crit\u00e8res de durabilit\u00e9 align\u00e9s sur les Objectifs de d\u00e9veloppement durable (ODD) de l&rsquo;Agenda 2030 des Nations Unies. Cette certification garantit une gestion responsable sur les plans environnemental, social, culturel et \u00e9conomique, d\u00e9montrant notre engagement pour un tourisme durable et de qualit\u00e9. Le m\u00eame nous a \u00e9t\u00e9 livr\u00e9 en mars 2025.<\/p>\n<p>&nbsp;<\/p>\n<h3>Initiatives selon les Objectifs de d\u00e9veloppement durable (ODD)<\/h3>\n<h4>ODD 1 \u2013 \u00c9liminer la pauvret\u00e9<\/h4>\n<ul>\n<li style=\"font-weight: 400;\" aria-level=\"1\">Soutien financier aux organismes sociaux et aux fondations.<\/li>\n<li style=\"font-weight: 400;\" aria-level=\"1\">\u00a0Don de v\u00eatements, de meubles et d\u2019articles m\u00e9nagers \u00e0 des organismes de bienfaisance.<\/li>\n<li style=\"font-weight: 400;\" aria-level=\"1\">\u00a0Mai 2025 : 200 kg de v\u00eatements collect\u00e9s en collaboration avec Caritas, pour la Fondation \u00ab\u00a0Formaci\u00f3 i Treball\u00a0\u00bb.<\/li>\n<\/ul>\n<p>&nbsp;<\/p>\n<h4>ODD 2 \u2013 Faim z\u00e9ro<\/h4>\n<ul>\n<li style=\"font-weight: 400;\" aria-level=\"1\">Participation \u00e0 la campagne de la Grande Recapte.<\/li>\n<li style=\"font-weight: 400;\" aria-level=\"1\">Mars 2023 : Nous avons collabor\u00e9 avec la banque alimentaire pour collecter, trier et distribuer de la nourriture aux personnes dans le besoin.<\/li>\n<li style=\"font-weight: 400;\" aria-level=\"1\">Juillet 2025 : Collecte de nourriture pour animaux en collaboration avec le refuge de Barcelone.<\/li>\n<\/ul>\n<p>&nbsp;<\/p>\n<h4>ODD 5 \u2013 \u00c9galit\u00e9 des sexes<\/h4>\n<ul>\n<li style=\"font-weight: 400;\" aria-level=\"1\">Collaboration avec des organisations qui luttent contre l\u2019exploitation sexuelle des enfants et la traite des \u00eatres humains.<\/li>\n<li style=\"font-weight: 400;\" aria-level=\"1\">Juillet 2025 : Formation pour sensibiliser les travailleurs \u00e0 la mani\u00e8re de r\u00e9agir aux tentatives de traite des \u00eatres humains.<\/li>\n<\/ul>\n<p>&nbsp;<\/p>\n<h4>ODD 6 \u2013 Eau propre et assainissement<\/h4>\n<ul>\n<li style=\"font-weight: 400;\" aria-level=\"1\">Production d&rsquo;eau chaude \u00e0 partir d&rsquo;\u00e9nergie renouvelable.<\/li>\n<li style=\"font-weight: 400;\" aria-level=\"1\">Programme de r\u00e9utilisation des serviettes et des draps.<\/li>\n<li style=\"font-weight: 400;\" aria-level=\"1\">Octobre 2023 : Installation de distributeurs d&rsquo;eau par osmose inverse pour r\u00e9duire les d\u00e9chets plastiques.<\/li>\n<\/ul>\n<p>&nbsp;<\/p>\n<h4>ODD 7 \u2013 \u00c9nergie propre et d&rsquo;un co\u00fbt abordable<\/h4>\n<ul>\n<li style=\"font-weight: 400;\" aria-level=\"1\">Approvisionnement \u00e9nerg\u00e9tique par panneaux solaires photovolta\u00efques.<\/li>\n<li style=\"font-weight: 400;\" aria-level=\"1\">\u00c9clairage avec minuteries et d\u00e9tecteurs de mouvement pour r\u00e9duire la consommation.<\/li>\n<\/ul>\n<p>&nbsp;<\/p>\n<h4>ODD 9 \u2013 Industrie, innovation et infrastructures<\/h4>\n<ul>\n<li style=\"font-weight: 400;\" aria-level=\"1\">Digitalisation compl\u00e8te de la gestion avec une politique \u00ab Z\u00e9ro Papier \u00bb, en utilisant des plateformes num\u00e9riques.<\/li>\n<\/ul>\n<p>&nbsp;<\/p>\n<h4>ODD 10 \u2013 R\u00e9duction des in\u00e9galit\u00e9s<\/h4>\n<ul>\n<li style=\"font-weight: 400;\" aria-level=\"1\">Soutien financier aux organismes qui favorisent l\u2019inclusion et les droits des personnes de la communaut\u00e9 LGBTQ+.<\/li>\n<li style=\"font-weight: 400;\" aria-level=\"1\">Juin 2025 : Bingo caritatif &#8211; NEXTGEN -, pour r\u00e9colter des fonds pour la Fondation STOP AIDS.<\/li>\n<\/ul>\n<p>&nbsp;<\/p>\n<h4>ODD 12 \u2013 Production et consommation responsables<\/h4>\n<ul>\n<li style=\"font-weight: 400;\" aria-level=\"1\">Juillet 2019\u00a0: Remplacement des pailles en plastique par des pailles en papier<\/li>\n<li style=\"font-weight: 400;\" aria-level=\"1\">Mise en \u0153uvre et suivi de la politique \u00ab Z\u00e9ro Papier \u00bb et de r\u00e9utilisation.<\/li>\n<\/ul>\n<p>&nbsp;<\/p>\n<h4>ODD 15 \u2013 Vie terrestre<\/h4>\n<ul>\n<li style=\"font-weight: 400;\" aria-level=\"1\">Plantation et entretien d&rsquo;esp\u00e8ces v\u00e9g\u00e9tales indig\u00e8nes sur la terrasse de l&rsquo;h\u00f4tel.<\/li>\n<\/ul>\n<p>&nbsp;<\/p>\n<h4>ODD 16 \u2013 Paix, justice et institutions efficaces<\/h4>\n<ul>\n<li style=\"font-weight: 400;\" aria-level=\"1\">Soutien financier \u00e0 diverses ONG et associations \u00e0 vocation sociale.<\/li>\n<li style=\"font-weight: 400;\" aria-level=\"1\">Octobre 2024 : B\u00e9n\u00e9volat annuel des employ\u00e9s dans les Villages d&rsquo;Enfants &#8211; travaux d&rsquo;entretien et de soutien communautaire &#8211; en collaboration avec le Conseil des entreprises du nord de l&rsquo;Espagne<\/li>\n<\/ul>\n<p>&nbsp;<\/p>\n","protected":false},"excerpt":{"rendered":"<p>Engagement en faveur du d\u00e9veloppement durable \u2013 H\u00f4tel Cotton House L&rsquo;h\u00f4tel dispose de la certification Biosph\u00e8re, une reconnaissance internationale accord\u00e9e par le Responsible Tourism Institute (RTI) pour r\u00e9pondre aux crit\u00e8res de durabilit\u00e9 align\u00e9s sur les Objectifs de d\u00e9veloppement durable (ODD) de l&rsquo;Agenda 2030 des Nations Unies. Cette certification garantit une gestion responsable sur les plans&hellip; <a class=\"more-link\" href=\"https:\/\/hotelcottonhouse.com\/fr\/social-responsibility\/\">Continue reading <span class=\"screen-reader-text\">Responsabilit\u00e9 sociale<\/span><\/a><\/p>\n","protected":false},"author":1,"featured_media":0,"parent":0,"menu_order":100,"comment_status":"closed","ping_status":"closed","template":"social.php","meta":{"_acf_changed":false,"footnotes":""},"categories":[],"tags":[],"class_list":["post-11341","page","type-page","status-publish","hentry","entry"],"acf":[],"yoast_head":"<!-- This site is optimized with the Yoast SEO plugin v25.7 - https:\/\/yoast.com\/wordpress\/plugins\/seo\/ -->\n<title>Responsabilit\u00e9 sociale | Cotton House \u2013 Autograph Collection<\/title>\n<meta name=\"robots\" content=\"index, follow, max-snippet:-1, max-image-preview:large, max-video-preview:-1\" \/>\n<link rel=\"canonical\" href=\"https:\/\/hotelcottonhouse.com\/fr\/social-responsibility\/\" \/>\n<meta property=\"og:locale\" content=\"fr_FR\" \/>\n<meta property=\"og:type\" content=\"article\" \/>\n<meta property=\"og:title\" content=\"Responsabilit\u00e9 sociale | Cotton House \u2013 Autograph Collection\" \/>\n<meta property=\"og:description\" content=\"Engagement en faveur du d\u00e9veloppement durable \u2013 H\u00f4tel Cotton House L&rsquo;h\u00f4tel dispose de la certification Biosph\u00e8re, une reconnaissance internationale accord\u00e9e par le Responsible Tourism Institute (RTI) pour r\u00e9pondre aux crit\u00e8res de durabilit\u00e9 align\u00e9s sur les Objectifs de d\u00e9veloppement durable (ODD) de l&rsquo;Agenda 2030 des Nations Unies. Cette certification garantit une gestion responsable sur les plans&hellip; Continue reading Responsabilit\u00e9 sociale\" \/>\n<meta property=\"og:url\" content=\"https:\/\/hotelcottonhouse.com\/fr\/social-responsibility\/\" \/>\n<meta property=\"og:site_name\" content=\"Cotton House \u2013 Autograph Collection\" \/>\n<meta property=\"article:modified_time\" content=\"2025-08-04T06:16:50+00:00\" \/>\n<meta name=\"twitter:card\" content=\"summary_large_image\" \/>\n<meta name=\"twitter:label1\" content=\"Dur\u00e9e de lecture estim\u00e9e\" \/>\n\t<meta name=\"twitter:data1\" content=\"3 minutes\" \/>\n<script type=\"application\/ld+json\" class=\"yoast-schema-graph\">{\"@context\":\"https:\/\/schema.org\",\"@graph\":[{\"@type\":\"WebPage\",\"@id\":\"https:\/\/hotelcottonhouse.com\/fr\/social-responsibility\/\",\"url\":\"https:\/\/hotelcottonhouse.com\/fr\/social-responsibility\/\",\"name\":\"Responsabilit\u00e9 sociale | Cotton House \u2013 Autograph Collection\",\"isPartOf\":{\"@id\":\"https:\/\/hotelcottonhouse.com\/fr\/#website\"},\"datePublished\":\"2025-03-05T09:41:47+00:00\",\"dateModified\":\"2025-08-04T06:16:50+00:00\",\"breadcrumb\":{\"@id\":\"https:\/\/hotelcottonhouse.com\/fr\/social-responsibility\/#breadcrumb\"},\"inLanguage\":\"fr-FR\",\"potentialAction\":[{\"@type\":\"ReadAction\",\"target\":[\"https:\/\/hotelcottonhouse.com\/fr\/social-responsibility\/\"]}]},{\"@type\":\"BreadcrumbList\",\"@id\":\"https:\/\/hotelcottonhouse.com\/fr\/social-responsibility\/#breadcrumb\",\"itemListElement\":[{\"@type\":\"ListItem\",\"position\":1,\"name\":\"Portada\",\"item\":\"http:\/\/hotelcottonhouse.com\/fr\/\"},{\"@type\":\"ListItem\",\"position\":2,\"name\":\"Responsabilit\u00e9 sociale\"}]},{\"@type\":\"WebSite\",\"@id\":\"https:\/\/hotelcottonhouse.com\/fr\/#website\",\"url\":\"https:\/\/hotelcottonhouse.com\/fr\/\",\"name\":\"Cotton House \u2013 Autograph Collection\",\"description\":\"Descubre Cotton House, un hotel boutique de lujo en Barcelona. Ubicado en un emblem\u00e1tico edificio neocl\u00e1sico, ofrece elegancia, confort y exclusividad con el sello Autograph Collection de Marriott. Disfruta de su sofisticado dise\u00f1o, restaurante Batuar y piscina en la azotea.\",\"potentialAction\":[{\"@type\":\"SearchAction\",\"target\":{\"@type\":\"EntryPoint\",\"urlTemplate\":\"https:\/\/hotelcottonhouse.com\/fr\/?s={search_term_string}\"},\"query-input\":{\"@type\":\"PropertyValueSpecification\",\"valueRequired\":true,\"valueName\":\"search_term_string\"}}],\"inLanguage\":\"fr-FR\"}]}<\/script>\n<!-- \/ Yoast SEO plugin. -->","yoast_head_json":{"title":"Responsabilit\u00e9 sociale | Cotton House \u2013 Autograph Collection","robots":{"index":"index","follow":"follow","max-snippet":"max-snippet:-1","max-image-preview":"max-image-preview:large","max-video-preview":"max-video-preview:-1"},"canonical":"https:\/\/hotelcottonhouse.com\/fr\/social-responsibility\/","og_locale":"fr_FR","og_type":"article","og_title":"Responsabilit\u00e9 sociale | Cotton House \u2013 Autograph Collection","og_description":"Engagement en faveur du d\u00e9veloppement durable \u2013 H\u00f4tel Cotton House L&rsquo;h\u00f4tel dispose de la certification Biosph\u00e8re, une reconnaissance internationale accord\u00e9e par le Responsible Tourism Institute (RTI) pour r\u00e9pondre aux crit\u00e8res de durabilit\u00e9 align\u00e9s sur les Objectifs de d\u00e9veloppement durable (ODD) de l&rsquo;Agenda 2030 des Nations Unies. Cette certification garantit une gestion responsable sur les plans&hellip; Continue reading Responsabilit\u00e9 sociale","og_url":"https:\/\/hotelcottonhouse.com\/fr\/social-responsibility\/","og_site_name":"Cotton House \u2013 Autograph Collection","article_modified_time":"2025-08-04T06:16:50+00:00","twitter_card":"summary_large_image","twitter_misc":{"Dur\u00e9e de lecture estim\u00e9e":"3 minutes"},"schema":{"@context":"https:\/\/schema.org","@graph":[{"@type":"WebPage","@id":"https:\/\/hotelcottonhouse.com\/fr\/social-responsibility\/","url":"https:\/\/hotelcottonhouse.com\/fr\/social-responsibility\/","name":"Responsabilit\u00e9 sociale | Cotton House \u2013 Autograph Collection","isPartOf":{"@id":"https:\/\/hotelcottonhouse.com\/fr\/#website"},"datePublished":"2025-03-05T09:41:47+00:00","dateModified":"2025-08-04T06:16:50+00:00","breadcrumb":{"@id":"https:\/\/hotelcottonhouse.com\/fr\/social-responsibility\/#breadcrumb"},"inLanguage":"fr-FR","potentialAction":[{"@type":"ReadAction","target":["https:\/\/hotelcottonhouse.com\/fr\/social-responsibility\/"]}]},{"@type":"BreadcrumbList","@id":"https:\/\/hotelcottonhouse.com\/fr\/social-responsibility\/#breadcrumb","itemListElement":[{"@type":"ListItem","position":1,"name":"Portada","item":"http:\/\/hotelcottonhouse.com\/fr\/"},{"@type":"ListItem","position":2,"name":"Responsabilit\u00e9 sociale"}]},{"@type":"WebSite","@id":"https:\/\/hotelcottonhouse.com\/fr\/#website","url":"https:\/\/hotelcottonhouse.com\/fr\/","name":"Cotton House \u2013 Autograph Collection","description":"Descubre Cotton House, un hotel boutique de lujo en Barcelona. Ubicado en un emblem\u00e1tico edificio neocl\u00e1sico, ofrece elegancia, confort y exclusividad con el sello Autograph Collection de Marriott. Disfruta de su sofisticado dise\u00f1o, restaurante Batuar y piscina en la azotea.","potentialAction":[{"@type":"SearchAction","target":{"@type":"EntryPoint","urlTemplate":"https:\/\/hotelcottonhouse.com\/fr\/?s={search_term_string}"},"query-input":{"@type":"PropertyValueSpecification","valueRequired":true,"valueName":"search_term_string"}}],"inLanguage":"fr-FR"}]}},"_links":{"self":[{"href":"https:\/\/hotelcottonhouse.com\/fr\/wp-json\/wp\/v2\/pages\/11341","targetHints":{"allow":["GET"]}}],"collection":[{"href":"https:\/\/hotelcottonhouse.com\/fr\/wp-json\/wp\/v2\/pages"}],"about":[{"href":"https:\/\/hotelcottonhouse.com\/fr\/wp-json\/wp\/v2\/types\/page"}],"author":[{"embeddable":true,"href":"https:\/\/hotelcottonhouse.com\/fr\/wp-json\/wp\/v2\/users\/1"}],"replies":[{"embeddable":true,"href":"https:\/\/hotelcottonhouse.com\/fr\/wp-json\/wp\/v2\/comments?post=11341"}],"version-history":[{"count":4,"href":"https:\/\/hotelcottonhouse.com\/fr\/wp-json\/wp\/v2\/pages\/11341\/revisions"}],"predecessor-version":[{"id":18886,"href":"https:\/\/hotelcottonhouse.com\/fr\/wp-json\/wp\/v2\/pages\/11341\/revisions\/18886"}],"wp:attachment":[{"href":"https:\/\/hotelcottonhouse.com\/fr\/wp-json\/wp\/v2\/media?parent=11341"}],"wp:term":[{"taxonomy":"category","embeddable":true,"href":"https:\/\/hotelcottonhouse.com\/fr\/wp-json\/wp\/v2\/categories?post=11341"},{"taxonomy":"post_tag","embeddable":true,"href":"https:\/\/hotelcottonhouse.com\/fr\/wp-json\/wp\/v2\/tags?post=11341"}],"curies":[{"name":"wp","href":"https:\/\/api.w.org\/{rel}","templated":true}]}}