{"id":19190,"date":"2025-08-06T16:44:26","date_gmt":"2025-08-06T14:44:26","guid":{"rendered":"https:\/\/hotelcottonhouse.com\/?page_id=19190"},"modified":"2025-08-20T17:17:49","modified_gmt":"2025-08-20T15:17:49","slug":"events","status":"publish","type":"page","link":"https:\/\/hotelcottonhouse.com\/fr\/events\/","title":{"rendered":"\u00c9v\u00e9nements"},"content":{"rendered":"","protected":false},"excerpt":{"rendered":"","protected":false},"author":3,"featured_media":18967,"parent":0,"menu_order":0,"comment_status":"closed","ping_status":"closed","template":"eventos.php","meta":{"_acf_changed":false,"footnotes":""},"categories":[],"tags":[],"class_list":["post-19190","page","type-page","status-publish","has-post-thumbnail","hentry","entry"],"acf":[],"yoast_head":"<!-- This site is optimized with the Yoast SEO plugin v25.7 - https:\/\/yoast.com\/wordpress\/plugins\/seo\/ -->\n<title>R\u00e9servez votre h\u00f4tel pour \u00e9v\u00e9nements et c\u00e9l\u00e9brations | Cotton House \u2013 Autograph Collection<\/title>\n<meta name=\"description\" content=\"D\u00e9couvrez les espaces uniques de Cotton House pour des c\u00e9l\u00e9brations intimes, des \u00e9v\u00e9nements exclusifs et des tournages. Un lieu charg\u00e9 d&#039;histoire et de charme, id\u00e9al pour des moments inoubliables \u00e0 Barcelone.\" \/>\n<meta name=\"robots\" content=\"index, follow, max-snippet:-1, max-image-preview:large, max-video-preview:-1\" \/>\n<link rel=\"canonical\" href=\"https:\/\/hotelcottonhouse.com\/fr\/events\/\" \/>\n<meta property=\"og:locale\" content=\"fr_FR\" \/>\n<meta property=\"og:type\" content=\"article\" \/>\n<meta property=\"og:title\" content=\"R\u00e9servez votre h\u00f4tel pour \u00e9v\u00e9nements et c\u00e9l\u00e9brations | Cotton House \u2013 Autograph Collection\" \/>\n<meta property=\"og:description\" content=\"D\u00e9couvrez les espaces uniques de Cotton House pour des c\u00e9l\u00e9brations intimes, des \u00e9v\u00e9nements exclusifs et des tournages. Un lieu charg\u00e9 d&#039;histoire et de charme, id\u00e9al pour des moments inoubliables \u00e0 Barcelone.\" \/>\n<meta property=\"og:url\" content=\"https:\/\/hotelcottonhouse.com\/fr\/events\/\" \/>\n<meta property=\"og:site_name\" content=\"Cotton House \u2013 Autograph Collection\" \/>\n<meta property=\"article:modified_time\" content=\"2025-08-20T15:17:49+00:00\" \/>\n<meta property=\"og:image\" content=\"https:\/\/hotelcottonhouse.com\/wp-content\/uploads\/2025\/08\/Eventos.jpg\" \/>\n\t<meta property=\"og:image:width\" content=\"2200\" \/>\n\t<meta property=\"og:image:height\" content=\"1239\" \/>\n\t<meta property=\"og:image:type\" content=\"image\/jpeg\" \/>\n<meta name=\"twitter:card\" content=\"summary_large_image\" \/>\n<meta name=\"twitter:label1\" content=\"Dur\u00e9e de lecture estim\u00e9e\" \/>\n\t<meta name=\"twitter:data1\" content=\"1 minute\" \/>\n<script type=\"application\/ld+json\" class=\"yoast-schema-graph\">{\"@context\":\"https:\/\/schema.org\",\"@graph\":[{\"@type\":\"WebPage\",\"@id\":\"https:\/\/hotelcottonhouse.com\/fr\/events\/\",\"url\":\"https:\/\/hotelcottonhouse.com\/fr\/events\/\",\"name\":\"R\u00e9servez votre h\u00f4tel pour \u00e9v\u00e9nements et c\u00e9l\u00e9brations | Cotton House \u2013 Autograph Collection\",\"isPartOf\":{\"@id\":\"https:\/\/hotelcottonhouse.com\/fr\/#website\"},\"primaryImageOfPage\":{\"@id\":\"https:\/\/hotelcottonhouse.com\/fr\/events\/#primaryimage\"},\"image\":{\"@id\":\"https:\/\/hotelcottonhouse.com\/fr\/events\/#primaryimage\"},\"thumbnailUrl\":\"https:\/\/hotelcottonhouse.com\/wp-content\/uploads\/2025\/08\/Eventos.jpg\",\"datePublished\":\"2025-08-06T14:44:26+00:00\",\"dateModified\":\"2025-08-20T15:17:49+00:00\",\"description\":\"D\u00e9couvrez les espaces uniques de Cotton House pour des c\u00e9l\u00e9brations intimes, des \u00e9v\u00e9nements exclusifs et des tournages. Un lieu charg\u00e9 d'histoire et de charme, id\u00e9al pour des moments inoubliables \u00e0 Barcelone.\",\"breadcrumb\":{\"@id\":\"https:\/\/hotelcottonhouse.com\/fr\/events\/#breadcrumb\"},\"inLanguage\":\"fr-FR\",\"potentialAction\":[{\"@type\":\"ReadAction\",\"target\":[\"https:\/\/hotelcottonhouse.com\/fr\/events\/\"]}]},{\"@type\":\"ImageObject\",\"inLanguage\":\"fr-FR\",\"@id\":\"https:\/\/hotelcottonhouse.com\/fr\/events\/#primaryimage\",\"url\":\"https:\/\/hotelcottonhouse.com\/wp-content\/uploads\/2025\/08\/Eventos.jpg\",\"contentUrl\":\"https:\/\/hotelcottonhouse.com\/wp-content\/uploads\/2025\/08\/Eventos.jpg\",\"width\":2200,\"height\":1239},{\"@type\":\"BreadcrumbList\",\"@id\":\"https:\/\/hotelcottonhouse.com\/fr\/events\/#breadcrumb\",\"itemListElement\":[{\"@type\":\"ListItem\",\"position\":1,\"name\":\"Portada\",\"item\":\"https:\/\/hotelcottonhouse.com\/fr\/\"},{\"@type\":\"ListItem\",\"position\":2,\"name\":\"\u00c9v\u00e9nements\"}]},{\"@type\":\"WebSite\",\"@id\":\"https:\/\/hotelcottonhouse.com\/fr\/#website\",\"url\":\"https:\/\/hotelcottonhouse.com\/fr\/\",\"name\":\"Cotton House \u2013 Autograph Collection\",\"description\":\"Descubre Cotton House, un hotel boutique de lujo en Barcelona. Ubicado en un emblem\u00e1tico edificio neocl\u00e1sico, ofrece elegancia, confort y exclusividad con el sello Autograph Collection de Marriott. Disfruta de su sofisticado dise\u00f1o, restaurante Batuar y piscina en la azotea.\",\"potentialAction\":[{\"@type\":\"SearchAction\",\"target\":{\"@type\":\"EntryPoint\",\"urlTemplate\":\"https:\/\/hotelcottonhouse.com\/fr\/?s={search_term_string}\"},\"query-input\":{\"@type\":\"PropertyValueSpecification\",\"valueRequired\":true,\"valueName\":\"search_term_string\"}}],\"inLanguage\":\"fr-FR\"}]}<\/script>\n<!-- \/ Yoast SEO plugin. -->","yoast_head_json":{"title":"R\u00e9servez votre h\u00f4tel pour \u00e9v\u00e9nements et c\u00e9l\u00e9brations | Cotton House \u2013 Autograph Collection","description":"D\u00e9couvrez les espaces uniques de Cotton House pour des c\u00e9l\u00e9brations intimes, des \u00e9v\u00e9nements exclusifs et des tournages. Un lieu charg\u00e9 d'histoire et de charme, id\u00e9al pour des moments inoubliables \u00e0 Barcelone.","robots":{"index":"index","follow":"follow","max-snippet":"max-snippet:-1","max-image-preview":"max-image-preview:large","max-video-preview":"max-video-preview:-1"},"canonical":"https:\/\/hotelcottonhouse.com\/fr\/events\/","og_locale":"fr_FR","og_type":"article","og_title":"R\u00e9servez votre h\u00f4tel pour \u00e9v\u00e9nements et c\u00e9l\u00e9brations | Cotton House \u2013 Autograph Collection","og_description":"D\u00e9couvrez les espaces uniques de Cotton House pour des c\u00e9l\u00e9brations intimes, des \u00e9v\u00e9nements exclusifs et des tournages. Un lieu charg\u00e9 d'histoire et de charme, id\u00e9al pour des moments inoubliables \u00e0 Barcelone.","og_url":"https:\/\/hotelcottonhouse.com\/fr\/events\/","og_site_name":"Cotton House \u2013 Autograph Collection","article_modified_time":"2025-08-20T15:17:49+00:00","og_image":[{"width":2200,"height":1239,"url":"https:\/\/hotelcottonhouse.com\/wp-content\/uploads\/2025\/08\/Eventos.jpg","type":"image\/jpeg"}],"twitter_card":"summary_large_image","twitter_misc":{"Dur\u00e9e de lecture estim\u00e9e":"1 minute"},"schema":{"@context":"https:\/\/schema.org","@graph":[{"@type":"WebPage","@id":"https:\/\/hotelcottonhouse.com\/fr\/events\/","url":"https:\/\/hotelcottonhouse.com\/fr\/events\/","name":"R\u00e9servez votre h\u00f4tel pour \u00e9v\u00e9nements et c\u00e9l\u00e9brations | Cotton House \u2013 Autograph Collection","isPartOf":{"@id":"https:\/\/hotelcottonhouse.com\/fr\/#website"},"primaryImageOfPage":{"@id":"https:\/\/hotelcottonhouse.com\/fr\/events\/#primaryimage"},"image":{"@id":"https:\/\/hotelcottonhouse.com\/fr\/events\/#primaryimage"},"thumbnailUrl":"https:\/\/hotelcottonhouse.com\/wp-content\/uploads\/2025\/08\/Eventos.jpg","datePublished":"2025-08-06T14:44:26+00:00","dateModified":"2025-08-20T15:17:49+00:00","description":"D\u00e9couvrez les espaces uniques de Cotton House pour des c\u00e9l\u00e9brations intimes, des \u00e9v\u00e9nements exclusifs et des tournages. Un lieu charg\u00e9 d'histoire et de charme, id\u00e9al pour des moments inoubliables \u00e0 Barcelone.","breadcrumb":{"@id":"https:\/\/hotelcottonhouse.com\/fr\/events\/#breadcrumb"},"inLanguage":"fr-FR","potentialAction":[{"@type":"ReadAction","target":["https:\/\/hotelcottonhouse.com\/fr\/events\/"]}]},{"@type":"ImageObject","inLanguage":"fr-FR","@id":"https:\/\/hotelcottonhouse.com\/fr\/events\/#primaryimage","url":"https:\/\/hotelcottonhouse.com\/wp-content\/uploads\/2025\/08\/Eventos.jpg","contentUrl":"https:\/\/hotelcottonhouse.com\/wp-content\/uploads\/2025\/08\/Eventos.jpg","width":2200,"height":1239},{"@type":"BreadcrumbList","@id":"https:\/\/hotelcottonhouse.com\/fr\/events\/#breadcrumb","itemListElement":[{"@type":"ListItem","position":1,"name":"Portada","item":"https:\/\/hotelcottonhouse.com\/fr\/"},{"@type":"ListItem","position":2,"name":"\u00c9v\u00e9nements"}]},{"@type":"WebSite","@id":"https:\/\/hotelcottonhouse.com\/fr\/#website","url":"https:\/\/hotelcottonhouse.com\/fr\/","name":"Cotton House \u2013 Autograph Collection","description":"Descubre Cotton House, un hotel boutique de lujo en Barcelona. Ubicado en un emblem\u00e1tico edificio neocl\u00e1sico, ofrece elegancia, confort y exclusividad con el sello Autograph Collection de Marriott. Disfruta de su sofisticado dise\u00f1o, restaurante Batuar y piscina en la azotea.","potentialAction":[{"@type":"SearchAction","target":{"@type":"EntryPoint","urlTemplate":"https:\/\/hotelcottonhouse.com\/fr\/?s={search_term_string}"},"query-input":{"@type":"PropertyValueSpecification","valueRequired":true,"valueName":"search_term_string"}}],"inLanguage":"fr-FR"}]}},"_links":{"self":[{"href":"https:\/\/hotelcottonhouse.com\/fr\/wp-json\/wp\/v2\/pages\/19190","targetHints":{"allow":["GET"]}}],"collection":[{"href":"https:\/\/hotelcottonhouse.com\/fr\/wp-json\/wp\/v2\/pages"}],"about":[{"href":"https:\/\/hotelcottonhouse.com\/fr\/wp-json\/wp\/v2\/types\/page"}],"author":[{"embeddable":true,"href":"https:\/\/hotelcottonhouse.com\/fr\/wp-json\/wp\/v2\/users\/3"}],"replies":[{"embeddable":true,"href":"https:\/\/hotelcottonhouse.com\/fr\/wp-json\/wp\/v2\/comments?post=19190"}],"version-history":[{"count":5,"href":"https:\/\/hotelcottonhouse.com\/fr\/wp-json\/wp\/v2\/pages\/19190\/revisions"}],"predecessor-version":[{"id":19211,"href":"https:\/\/hotelcottonhouse.com\/fr\/wp-json\/wp\/v2\/pages\/19190\/revisions\/19211"}],"wp:featuredmedia":[{"embeddable":true,"href":"https:\/\/hotelcottonhouse.com\/fr\/wp-json\/wp\/v2\/media\/18967"}],"wp:attachment":[{"href":"https:\/\/hotelcottonhouse.com\/fr\/wp-json\/wp\/v2\/media?parent=19190"}],"wp:term":[{"taxonomy":"category","embeddable":true,"href":"https:\/\/hotelcottonhouse.com\/fr\/wp-json\/wp\/v2\/categories?post=19190"},{"taxonomy":"post_tag","embeddable":true,"href":"https:\/\/hotelcottonhouse.com\/fr\/wp-json\/wp\/v2\/tags?post=19190"}],"curies":[{"name":"wp","href":"https:\/\/api.w.org\/{rel}","templated":true}]}}